{"id":130338,"date":"2026-05-07T07:46:27","date_gmt":"2026-05-07T10:46:27","guid":{"rendered":"https:\/\/www.hediyepazar.com\/?product=sik-ve-romantik-beyaz-dantelli-jartiyer-takimi"},"modified":"2026-05-07T07:46:27","modified_gmt":"2026-05-07T10:46:27","slug":"sik-ve-romantik-beyaz-dantelli-jartiyer-takimi","status":"publish","type":"product","link":"https:\/\/www.hediyepazar.com\/?product=sik-ve-romantik-beyaz-dantelli-jartiyer-takimi","title":{"rendered":"\u015e\u0131k ve Romantik Beyaz Dantelli Jartiyer Tak\u0131m\u0131"},"content":{"rendered":"<p>\u015e\u0131k ve Romantik Beyaz Dantelli Jartiyer Tak\u0131m\u0131, \u00f6zel g\u00fcnlerinizde kendinizi daha \u00e7ekici ve \u00f6zg\u00fcvenli hissetmenizi sa\u011flar. Bu zarif tak\u0131m, romantik bir hava katmak i\u00e7in tasarlanm\u0131\u015f, dantel detaylar\u0131 ve beyaz rengi ile dikkat \u00e7ekiyor.<br \/>\n%90 Polyester %10 Elastan kar\u0131\u015f\u0131m\u0131 ile \u00fcretilen bu jartiyer tak\u0131m\u0131, hem konforlu hem de dayan\u0131kl\u0131 bir yap\u0131 sunar. V\u00fccuda m\u00fckemmel uyum sa\u011flayan elastan i\u00e7eri\u011fi, hareketlerinizi k\u0131s\u0131tlamadan rahat bir kullan\u0131m deneyimi sunar.<\/p>\n<p>  Bak\u0131m\u0131 kolay olan bu \u00fcr\u00fcn\u00fc, maksimum 30 derece suda ve elde y\u0131kayarak uzun \u00f6m\u00fcrl\u00fc kullanabilirsiniz. Ayr\u0131ca, asarak kurutman\u0131z \u00f6nerilir. Bu sayede \u00fcr\u00fcn\u00fcn\u00fcz\u00fcn \u015fekli ve kalitesi korunur.<br \/>\nGizli paketleme ile g\u00f6nderilen bu \u00f6zel jartiyer tak\u0131m\u0131, kargo \u00fczerinde \u00fcr\u00fcn ad\u0131 ve i\u00e7eri\u011fi kesinlikle yazmaz. B\u00f6ylece, gizlili\u011finiz ve mahremiyetiniz tam anlam\u0131yla korunur.<\/p>\n<p>  Romantik bir s\u00fcrpriz veya \u00f6zel bir hediye olarak tercih edebilece\u011finiz bu jartiyer tak\u0131m\u0131, sevdi\u011finiz ki\u015fiye unutulmaz bir deneyim sunar. \u00d6zel anlar\u0131n\u0131z\u0131 daha da \u00f6zel k\u0131l\u0131n!<\/p>\n","protected":false},"excerpt":{"rendered":"<p>\u015e\u0131k ve Romantik Beyaz Dantelli Jartiyer Tak\u0131m\u0131, \u00f6zel g\u00fcnlerinizde kendinizi daha \u00e7ekici ve \u00f6zg\u00fcvenli hissetmenizi sa\u011flar. Bu zarif tak\u0131m, romantik bir hava katmak i\u00e7in tasarlanm\u0131\u015f, dantel detaylar\u0131 ve beyaz rengi ile dikkat \u00e7ekiyor. %90 Polyester %10 Elastan kar\u0131\u015f\u0131m\u0131 ile \u00fcretilen bu jartiyer tak\u0131m\u0131, hem konforlu hem de dayan\u0131kl\u0131 bir yap\u0131 sunar. V\u00fccuda m\u00fckemmel uyum sa\u011flayan&#8230;<\/p>\n","protected":false},"featured_media":130337,"comment_status":"open","ping_status":"closed","template":"","meta":{"_kad_post_transparent":"","_kad_post_title":"","_kad_post_layout":"","_kad_post_sidebar_id":"","_kad_post_content_style":"","_kad_post_vertical_padding":"","_kad_post_feature":"","_kad_post_feature_position":"","_kad_post_header":false,"_kad_post_footer":false,"_kad_post_classname":""},"product_brand":[],"product_cat":[15124],"product_tag":[],"class_list":{"0":"post-130338","1":"product","2":"type-product","3":"status-publish","4":"has-post-thumbnail","6":"product_cat-jartiyer-fantazi-ic-giyim-jartiyer","8":"first","9":"instock","10":"purchasable","11":"product-type-simple","12":"entry","13":"content-bg","14":"loop-entry"},"_links":{"self":[{"href":"https:\/\/www.hediyepazar.com\/index.php?rest_route=\/wp\/v2\/product\/130338","targetHints":{"allow":["GET"]}}],"collection":[{"href":"https:\/\/www.hediyepazar.com\/index.php?rest_route=\/wp\/v2\/product"}],"about":[{"href":"https:\/\/www.hediyepazar.com\/index.php?rest_route=\/wp\/v2\/types\/product"}],"replies":[{"embeddable":true,"href":"https:\/\/www.hediyepazar.com\/index.php?rest_route=%2Fwp%2Fv2%2Fcomments&post=130338"}],"wp:featuredmedia":[{"embeddable":true,"href":"https:\/\/www.hediyepazar.com\/index.php?rest_route=\/wp\/v2\/media\/130337"}],"wp:attachment":[{"href":"https:\/\/www.hediyepazar.com\/index.php?rest_route=%2Fwp%2Fv2%2Fmedia&parent=130338"}],"wp:term":[{"taxonomy":"product_brand","embeddable":true,"href":"https:\/\/www.hediyepazar.com\/index.php?rest_route=%2Fwp%2Fv2%2Fproduct_brand&post=130338"},{"taxonomy":"product_cat","embeddable":true,"href":"https:\/\/www.hediyepazar.com\/index.php?rest_route=%2Fwp%2Fv2%2Fproduct_cat&post=130338"},{"taxonomy":"product_tag","embeddable":true,"href":"https:\/\/www.hediyepazar.com\/index.php?rest_route=%2Fwp%2Fv2%2Fproduct_tag&post=130338"}],"curies":[{"name":"wp","href":"https:\/\/api.w.org\/{rel}","templated":true}]}}