{"id":130504,"date":"2026-05-07T08:08:16","date_gmt":"2026-05-07T11:08:16","guid":{"rendered":"https:\/\/www.hediyepazar.com\/?product=s-link-sl-ex2s-pci-express-to-seri-port-rs2321923"},"modified":"2026-05-07T08:08:16","modified_gmt":"2026-05-07T11:08:16","slug":"s-link-sl-ex2s-pci-express-to-seri-port-rs2321923","status":"publish","type":"product","link":"https:\/\/www.hediyepazar.com\/?product=s-link-sl-ex2s-pci-express-to-seri-port-rs2321923","title":{"rendered":"S-LINK SL-EX2S PCI Express TO Seri PORT (RS232)(1923)"},"content":{"rendered":"<p>MarkaS-LinkModelSL-EX2SRenkGriBa\u011flant\u0131 TipiPCI ExpressBa\u011flant\u0131 H\u0131z\u01311.0MBytes\/sn yukariPort Say\u0131s\u01312 Adet\u0130\u015fleviRs-232 2 Port KartDestekledi\u011fi Sistemler\u00a0\u00a0MS Windows 98SE\/Me\/2000\/XP\/Vista\/NT4.0, Linux, DOSA\u00e7\u0131klamaPCI Express Rs-232 2 Port Kart<\/p>\n","protected":false},"excerpt":{"rendered":"<p>MarkaS-LinkModelSL-EX2SRenkGriBa\u011flant\u0131 TipiPCI ExpressBa\u011flant\u0131 H\u0131z\u01311.0MBytes\/sn yukariPort Say\u0131s\u01312 Adet\u0130\u015fleviRs-232 2 Port KartDestekledi\u011fi Sistemler\u00a0\u00a0MS Windows 98SE\/Me\/2000\/XP\/Vista\/NT4.0, Linux, DOSA\u00e7\u0131klamaPCI Express Rs-232 2 Port Kart<\/p>\n","protected":false},"featured_media":130503,"comment_status":"open","ping_status":"closed","template":"","meta":{"_kad_post_transparent":"","_kad_post_title":"","_kad_post_layout":"","_kad_post_sidebar_id":"","_kad_post_content_style":"","_kad_post_vertical_padding":"","_kad_post_feature":"","_kad_post_feature_position":"","_kad_post_header":false,"_kad_post_footer":false,"_kad_post_classname":""},"product_brand":[],"product_cat":[15213],"product_tag":[],"class_list":{"0":"post-130504","1":"product","2":"type-product","3":"status-publish","4":"has-post-thumbnail","6":"product_cat-kablo-sarf-malzemeler-elektrikli-ev-aletleri-elektronik-kablo-sarf-malzemeler","8":"first","9":"instock","10":"purchasable","11":"product-type-simple","12":"entry","13":"content-bg","14":"loop-entry"},"_links":{"self":[{"href":"https:\/\/www.hediyepazar.com\/index.php?rest_route=\/wp\/v2\/product\/130504","targetHints":{"allow":["GET"]}}],"collection":[{"href":"https:\/\/www.hediyepazar.com\/index.php?rest_route=\/wp\/v2\/product"}],"about":[{"href":"https:\/\/www.hediyepazar.com\/index.php?rest_route=\/wp\/v2\/types\/product"}],"replies":[{"embeddable":true,"href":"https:\/\/www.hediyepazar.com\/index.php?rest_route=%2Fwp%2Fv2%2Fcomments&post=130504"}],"wp:featuredmedia":[{"embeddable":true,"href":"https:\/\/www.hediyepazar.com\/index.php?rest_route=\/wp\/v2\/media\/130503"}],"wp:attachment":[{"href":"https:\/\/www.hediyepazar.com\/index.php?rest_route=%2Fwp%2Fv2%2Fmedia&parent=130504"}],"wp:term":[{"taxonomy":"product_brand","embeddable":true,"href":"https:\/\/www.hediyepazar.com\/index.php?rest_route=%2Fwp%2Fv2%2Fproduct_brand&post=130504"},{"taxonomy":"product_cat","embeddable":true,"href":"https:\/\/www.hediyepazar.com\/index.php?rest_route=%2Fwp%2Fv2%2Fproduct_cat&post=130504"},{"taxonomy":"product_tag","embeddable":true,"href":"https:\/\/www.hediyepazar.com\/index.php?rest_route=%2Fwp%2Fv2%2Fproduct_tag&post=130504"}],"curies":[{"name":"wp","href":"https:\/\/api.w.org\/{rel}","templated":true}]}}