{"id":130510,"date":"2026-05-07T08:11:58","date_gmt":"2026-05-07T11:11:58","guid":{"rendered":"https:\/\/www.hediyepazar.com\/?product=hytech-hy-ds15-display-port-to-vga-15cm-cevirici1923"},"modified":"2026-05-07T08:11:58","modified_gmt":"2026-05-07T11:11:58","slug":"hytech-hy-ds15-display-port-to-vga-15cm-cevirici1923","status":"publish","type":"product","link":"https:\/\/www.hediyepazar.com\/?product=hytech-hy-ds15-display-port-to-vga-15cm-cevirici1923","title":{"rendered":"HYTECH HY-DS15 Display Port TO VGA 15cm \u00c7evirici(1923)"},"content":{"rendered":"<p>MarkaHytechModelHY-DS15A\u00e7\u0131klamaDisplaydan VGAya \u00c7eviriciUzunluk20cmGaranti24 Ay<\/p>\n","protected":false},"excerpt":{"rendered":"<p>MarkaHytechModelHY-DS15A\u00e7\u0131klamaDisplaydan VGAya \u00c7eviriciUzunluk20cmGaranti24 Ay<\/p>\n","protected":false},"featured_media":130509,"comment_status":"open","ping_status":"closed","template":"","meta":{"_kad_post_transparent":"","_kad_post_title":"","_kad_post_layout":"","_kad_post_sidebar_id":"","_kad_post_content_style":"","_kad_post_vertical_padding":"","_kad_post_feature":"","_kad_post_feature_position":"","_kad_post_header":false,"_kad_post_footer":false,"_kad_post_classname":""},"product_brand":[],"product_cat":[14459],"product_tag":[],"class_list":{"0":"post-130510","1":"product","2":"type-product","3":"status-publish","4":"has-post-thumbnail","6":"product_cat-cevirici-donusturucu-cep-telefonu-aksesuarlari-cep-telefonu-elektronik-cevirici-donusturucu","8":"first","9":"instock","10":"purchasable","11":"product-type-simple","12":"entry","13":"content-bg","14":"loop-entry"},"_links":{"self":[{"href":"https:\/\/www.hediyepazar.com\/index.php?rest_route=\/wp\/v2\/product\/130510","targetHints":{"allow":["GET"]}}],"collection":[{"href":"https:\/\/www.hediyepazar.com\/index.php?rest_route=\/wp\/v2\/product"}],"about":[{"href":"https:\/\/www.hediyepazar.com\/index.php?rest_route=\/wp\/v2\/types\/product"}],"replies":[{"embeddable":true,"href":"https:\/\/www.hediyepazar.com\/index.php?rest_route=%2Fwp%2Fv2%2Fcomments&post=130510"}],"wp:featuredmedia":[{"embeddable":true,"href":"https:\/\/www.hediyepazar.com\/index.php?rest_route=\/wp\/v2\/media\/130509"}],"wp:attachment":[{"href":"https:\/\/www.hediyepazar.com\/index.php?rest_route=%2Fwp%2Fv2%2Fmedia&parent=130510"}],"wp:term":[{"taxonomy":"product_brand","embeddable":true,"href":"https:\/\/www.hediyepazar.com\/index.php?rest_route=%2Fwp%2Fv2%2Fproduct_brand&post=130510"},{"taxonomy":"product_cat","embeddable":true,"href":"https:\/\/www.hediyepazar.com\/index.php?rest_route=%2Fwp%2Fv2%2Fproduct_cat&post=130510"},{"taxonomy":"product_tag","embeddable":true,"href":"https:\/\/www.hediyepazar.com\/index.php?rest_route=%2Fwp%2Fv2%2Fproduct_tag&post=130510"}],"curies":[{"name":"wp","href":"https:\/\/api.w.org\/{rel}","templated":true}]}}