{"id":130514,"date":"2026-05-07T08:12:17","date_gmt":"2026-05-07T11:12:17","guid":{"rendered":"https:\/\/www.hediyepazar.com\/?product=hytech-hy-hv35-hdmi-to-vga-cevirici1923"},"modified":"2026-05-07T08:12:17","modified_gmt":"2026-05-07T11:12:17","slug":"hytech-hy-hv35-hdmi-to-vga-cevirici1923","status":"publish","type":"product","link":"https:\/\/www.hediyepazar.com\/?product=hytech-hy-hv35-hdmi-to-vga-cevirici1923","title":{"rendered":"HYTECH HY-HV35 HDMI To VGA \u00c7evirici(1923)"},"content":{"rendered":"<p>A\u00e7\u0131klamaHDMIdan VGA + Ses \u00c7eviriciMarkaHytechModelHY-HV35RenkBeyaz\u0130\u015fleviHDMIdan VGA + 3.5mm AUX \u00c7evirmeGiri\u015fHDMI Erkek Konnect\u00f6r\u00c7\u0131k\u0131\u015fVGA Di\u015fi + 3.5mm AUXKanal Yap\u0131s\u01312.0 \u00c7ift Kanal (Stereo) Seskullan\u0131m \u015fekliTak kullanKabloUSB Tip A Erkek\/USB Mini B Erkek G\u00fc\u00e7 KablosuKablo Uzunlu\u011fu51cm \u00b1%10 (AUX Kablo uzunlu\u011fu)Enerji Giri\u015fiDC 5V HDMI Giri\u015finden\u00dcr\u00fcn MalzemesiPlastik, Metal\u00dcr\u00fcn A\u011f\u0131rl\u0131\u011f\u013149gr \u00b15gr\u00dcr\u00fcn Boyutu15mm (Kal\u0131nl\u0131k) x 45mm (Geni\u015flik) x 245mm (Uzunluk)Toplam A\u011f\u0131rl\u0131k60gr \u00b15grPaket Boyutu16mm x 154mm x 232mm (Plastik Po\u015fet i\u00e7erisinde)Paket \u0130\u00e7eri\u011fi\u00dcr\u00fcn + AUX 3.5mm Kablo<\/p>\n","protected":false},"excerpt":{"rendered":"<p>A\u00e7\u0131klamaHDMIdan VGA + Ses \u00c7eviriciMarkaHytechModelHY-HV35RenkBeyaz\u0130\u015fleviHDMIdan VGA + 3.5mm AUX \u00c7evirmeGiri\u015fHDMI Erkek Konnect\u00f6r\u00c7\u0131k\u0131\u015fVGA Di\u015fi + 3.5mm AUXKanal Yap\u0131s\u01312.0 \u00c7ift Kanal (Stereo) Seskullan\u0131m \u015fekliTak kullanKabloUSB Tip A Erkek\/USB Mini B Erkek G\u00fc\u00e7 KablosuKablo Uzunlu\u011fu51cm \u00b1%10 (AUX Kablo uzunlu\u011fu)Enerji Giri\u015fiDC 5V HDMI Giri\u015finden\u00dcr\u00fcn MalzemesiPlastik, Metal\u00dcr\u00fcn A\u011f\u0131rl\u0131\u011f\u013149gr \u00b15gr\u00dcr\u00fcn Boyutu15mm (Kal\u0131nl\u0131k) x 45mm (Geni\u015flik) x 245mm (Uzunluk)Toplam A\u011f\u0131rl\u0131k60gr \u00b15grPaket Boyutu16mm&#8230;<\/p>\n","protected":false},"featured_media":130513,"comment_status":"open","ping_status":"closed","template":"","meta":{"_kad_post_transparent":"","_kad_post_title":"","_kad_post_layout":"","_kad_post_sidebar_id":"","_kad_post_content_style":"","_kad_post_vertical_padding":"","_kad_post_feature":"","_kad_post_feature_position":"","_kad_post_header":false,"_kad_post_footer":false,"_kad_post_classname":""},"product_brand":[],"product_cat":[14459],"product_tag":[],"class_list":{"0":"post-130514","1":"product","2":"type-product","3":"status-publish","4":"has-post-thumbnail","6":"product_cat-cevirici-donusturucu-cep-telefonu-aksesuarlari-cep-telefonu-elektronik-cevirici-donusturucu","8":"first","9":"instock","10":"purchasable","11":"product-type-simple","12":"entry","13":"content-bg","14":"loop-entry"},"_links":{"self":[{"href":"https:\/\/www.hediyepazar.com\/index.php?rest_route=\/wp\/v2\/product\/130514","targetHints":{"allow":["GET"]}}],"collection":[{"href":"https:\/\/www.hediyepazar.com\/index.php?rest_route=\/wp\/v2\/product"}],"about":[{"href":"https:\/\/www.hediyepazar.com\/index.php?rest_route=\/wp\/v2\/types\/product"}],"replies":[{"embeddable":true,"href":"https:\/\/www.hediyepazar.com\/index.php?rest_route=%2Fwp%2Fv2%2Fcomments&post=130514"}],"wp:featuredmedia":[{"embeddable":true,"href":"https:\/\/www.hediyepazar.com\/index.php?rest_route=\/wp\/v2\/media\/130513"}],"wp:attachment":[{"href":"https:\/\/www.hediyepazar.com\/index.php?rest_route=%2Fwp%2Fv2%2Fmedia&parent=130514"}],"wp:term":[{"taxonomy":"product_brand","embeddable":true,"href":"https:\/\/www.hediyepazar.com\/index.php?rest_route=%2Fwp%2Fv2%2Fproduct_brand&post=130514"},{"taxonomy":"product_cat","embeddable":true,"href":"https:\/\/www.hediyepazar.com\/index.php?rest_route=%2Fwp%2Fv2%2Fproduct_cat&post=130514"},{"taxonomy":"product_tag","embeddable":true,"href":"https:\/\/www.hediyepazar.com\/index.php?rest_route=%2Fwp%2Fv2%2Fproduct_tag&post=130514"}],"curies":[{"name":"wp","href":"https:\/\/api.w.org\/{rel}","templated":true}]}}