{"id":130516,"date":"2026-05-07T08:13:00","date_gmt":"2026-05-07T11:13:00","guid":{"rendered":"https:\/\/www.hediyepazar.com\/?product=hytech-hy-lu2-2xhdmi-2k-4k-monitor-coklayici-1pc-2monitor1923"},"modified":"2026-05-07T08:13:00","modified_gmt":"2026-05-07T11:13:00","slug":"hytech-hy-lu2-2xhdmi-2k-4k-monitor-coklayici-1pc-2monitor1923","status":"publish","type":"product","link":"https:\/\/www.hediyepazar.com\/?product=hytech-hy-lu2-2xhdmi-2k-4k-monitor-coklayici-1pc-2monitor1923","title":{"rendered":"HYTECH HY-LU2 2xHDMI 2K-4K Monit\u00f6r \u00c7oklay\u0131c\u0131 (1PC-2Monit\u00f6r)(1923)"},"content":{"rendered":"<p>MarkaHytechModelHY-LU2A\u00e7\u0131klama1x2 HDMI SplitterRenkSiyah\/TuruncuGiri\u015f Portu1xHDMI 1.4\u00c7\u0131k\u0131\u015f Portu2xHDMI 1.4\u00c7\u00f6z\u00fcn\u00fcrl\u00fck4K-2K @ 30 FPSPin Say\u0131s\u013119 Pin HDTVHDCP UyumuVarLed G\u00f6sterge Say\u0131s\u01314 AdetG\u00fc\u00e7 Adapt\u00f6r\u00fc De\u011ferleri5V\/2AAdapt\u00f6r Kablo Uzunlu\u011fu80mmG\u00fc\u00e7 T\u00fcketimi5W\u00c7al\u0131\u015fma Ak\u0131m\u0131500mA\u00c7al\u0131\u015fma S\u0131cakl\u0131\u011f\u0131-10 ~ +55 Derece\u00c7al\u0131\u015fma Nemi5%-90% RH (Yo\u011fu\u015fmas\u0131z)Boyutlar65x60x20mmNet A\u011f\u0131rl\u0131k185GrKutu \u0130\u00e7eri\u011fi\u00dcr\u00fcn + Adapt\u00f6r + Kullan\u0131m K\u0131lavuzu \/ Garanti BelgesiGaranti S\u00fcresi24 Ay<\/p>\n","protected":false},"excerpt":{"rendered":"<p>MarkaHytechModelHY-LU2A\u00e7\u0131klama1x2 HDMI SplitterRenkSiyah\/TuruncuGiri\u015f Portu1xHDMI 1.4\u00c7\u0131k\u0131\u015f Portu2xHDMI 1.4\u00c7\u00f6z\u00fcn\u00fcrl\u00fck4K-2K @ 30 FPSPin Say\u0131s\u013119 Pin HDTVHDCP UyumuVarLed G\u00f6sterge Say\u0131s\u01314 AdetG\u00fc\u00e7 Adapt\u00f6r\u00fc De\u011ferleri5V\/2AAdapt\u00f6r Kablo Uzunlu\u011fu80mmG\u00fc\u00e7 T\u00fcketimi5W\u00c7al\u0131\u015fma Ak\u0131m\u0131500mA\u00c7al\u0131\u015fma S\u0131cakl\u0131\u011f\u0131-10 ~ +55 Derece\u00c7al\u0131\u015fma Nemi5%-90% RH (Yo\u011fu\u015fmas\u0131z)Boyutlar65x60x20mmNet A\u011f\u0131rl\u0131k185GrKutu \u0130\u00e7eri\u011fi\u00dcr\u00fcn + Adapt\u00f6r + Kullan\u0131m K\u0131lavuzu \/ Garanti BelgesiGaranti S\u00fcresi24 Ay<\/p>\n","protected":false},"featured_media":130515,"comment_status":"open","ping_status":"closed","template":"","meta":{"_kad_post_transparent":"","_kad_post_title":"","_kad_post_layout":"","_kad_post_sidebar_id":"","_kad_post_content_style":"","_kad_post_vertical_padding":"","_kad_post_feature":"","_kad_post_feature_position":"","_kad_post_header":false,"_kad_post_footer":false,"_kad_post_classname":""},"product_brand":[],"product_cat":[14459],"product_tag":[],"class_list":{"0":"post-130516","1":"product","2":"type-product","3":"status-publish","4":"has-post-thumbnail","6":"product_cat-cevirici-donusturucu-cep-telefonu-aksesuarlari-cep-telefonu-elektronik-cevirici-donusturucu","8":"first","9":"instock","10":"purchasable","11":"product-type-simple","12":"entry","13":"content-bg","14":"loop-entry"},"_links":{"self":[{"href":"https:\/\/www.hediyepazar.com\/index.php?rest_route=\/wp\/v2\/product\/130516","targetHints":{"allow":["GET"]}}],"collection":[{"href":"https:\/\/www.hediyepazar.com\/index.php?rest_route=\/wp\/v2\/product"}],"about":[{"href":"https:\/\/www.hediyepazar.com\/index.php?rest_route=\/wp\/v2\/types\/product"}],"replies":[{"embeddable":true,"href":"https:\/\/www.hediyepazar.com\/index.php?rest_route=%2Fwp%2Fv2%2Fcomments&post=130516"}],"wp:featuredmedia":[{"embeddable":true,"href":"https:\/\/www.hediyepazar.com\/index.php?rest_route=\/wp\/v2\/media\/130515"}],"wp:attachment":[{"href":"https:\/\/www.hediyepazar.com\/index.php?rest_route=%2Fwp%2Fv2%2Fmedia&parent=130516"}],"wp:term":[{"taxonomy":"product_brand","embeddable":true,"href":"https:\/\/www.hediyepazar.com\/index.php?rest_route=%2Fwp%2Fv2%2Fproduct_brand&post=130516"},{"taxonomy":"product_cat","embeddable":true,"href":"https:\/\/www.hediyepazar.com\/index.php?rest_route=%2Fwp%2Fv2%2Fproduct_cat&post=130516"},{"taxonomy":"product_tag","embeddable":true,"href":"https:\/\/www.hediyepazar.com\/index.php?rest_route=%2Fwp%2Fv2%2Fproduct_tag&post=130516"}],"curies":[{"name":"wp","href":"https:\/\/api.w.org\/{rel}","templated":true}]}}