{"id":130526,"date":"2026-05-07T08:15:20","date_gmt":"2026-05-07T11:15:20","guid":{"rendered":"https:\/\/www.hediyepazar.com\/?product=isitmali-ve-titresimli-ortopedik-sirt-destek-kemeri"},"modified":"2026-05-07T08:15:20","modified_gmt":"2026-05-07T11:15:20","slug":"isitmali-ve-titresimli-ortopedik-sirt-destek-kemeri","status":"publish","type":"product","link":"https:\/\/www.hediyepazar.com\/?product=isitmali-ve-titresimli-ortopedik-sirt-destek-kemeri","title":{"rendered":"Is\u0131tmal\u0131 ve Titre\u015fimli Ortopedik S\u0131rt Destek Kemeri"},"content":{"rendered":"<p>Is\u0131tmal\u0131 ve titre\u015fimli s\u0131rt destek kemeri, omurga sa\u011fl\u0131\u011f\u0131n\u0131 desteklemek ve duru\u015f fark\u0131ndal\u0131\u011f\u0131n\u0131 art\u0131rmak i\u00e7in geli\u015ftirilmi\u015ftir. Ak\u0131ll\u0131 sens\u00f6r sistemi, s\u0131rt\u0131n \u00f6ne e\u011fildi\u011fini alg\u0131lad\u0131\u011f\u0131nda titre\u015fimli uyar\u0131 verir. Bu sayede kullan\u0131c\u0131 do\u011fru duru\u015fu al\u0131\u015fkanl\u0131k haline getirebilir.Masaj ve \u0131s\u0131 terapisi, kaslar\u0131n gev\u015femesine yard\u0131mc\u0131 olur. 3 masaj ve 3 \u0131s\u0131 seviyesi ile ki\u015fisel tercihlere uyum sa\u011flar. Ergonomik ta\u015f\u0131y\u0131c\u0131 yap\u0131, omuz ve bel b\u00f6lgesine dengeli bask\u0131 uygular.Evde, ofiste veya ara\u00e7 i\u00e7inde kullan\u0131m i\u00e7in uygundur. G\u00fcnl\u00fck ya\u015famda s\u0131rt konforunu art\u0131rmak isteyenler i\u00e7in ideal bir destek \u00fcr\u00fcn\u00fcd\u00fcr.<\/p>\n","protected":false},"excerpt":{"rendered":"<p>Is\u0131tmal\u0131 ve titre\u015fimli s\u0131rt destek kemeri, omurga sa\u011fl\u0131\u011f\u0131n\u0131 desteklemek ve duru\u015f fark\u0131ndal\u0131\u011f\u0131n\u0131 art\u0131rmak i\u00e7in geli\u015ftirilmi\u015ftir. Ak\u0131ll\u0131 sens\u00f6r sistemi, s\u0131rt\u0131n \u00f6ne e\u011fildi\u011fini alg\u0131lad\u0131\u011f\u0131nda titre\u015fimli uyar\u0131 verir. Bu sayede kullan\u0131c\u0131 do\u011fru duru\u015fu al\u0131\u015fkanl\u0131k haline getirebilir.Masaj ve \u0131s\u0131 terapisi, kaslar\u0131n gev\u015femesine yard\u0131mc\u0131 olur. 3 masaj ve 3 \u0131s\u0131 seviyesi ile ki\u015fisel tercihlere uyum sa\u011flar. Ergonomik ta\u015f\u0131y\u0131c\u0131 yap\u0131, omuz&#8230;<\/p>\n","protected":false},"featured_media":130525,"comment_status":"open","ping_status":"closed","template":"","meta":{"_kad_post_transparent":"","_kad_post_title":"","_kad_post_layout":"","_kad_post_sidebar_id":"","_kad_post_content_style":"","_kad_post_vertical_padding":"","_kad_post_feature":"","_kad_post_feature_position":"","_kad_post_header":false,"_kad_post_footer":false,"_kad_post_classname":""},"product_brand":[],"product_cat":[14939],"product_tag":[],"class_list":{"0":"post-130526","1":"product","2":"type-product","3":"status-publish","4":"has-post-thumbnail","6":"product_cat-masaj-cihazi-masaj-cihazi","8":"first","9":"instock","10":"purchasable","11":"product-type-simple","12":"entry","13":"content-bg","14":"loop-entry"},"_links":{"self":[{"href":"https:\/\/www.hediyepazar.com\/index.php?rest_route=\/wp\/v2\/product\/130526","targetHints":{"allow":["GET"]}}],"collection":[{"href":"https:\/\/www.hediyepazar.com\/index.php?rest_route=\/wp\/v2\/product"}],"about":[{"href":"https:\/\/www.hediyepazar.com\/index.php?rest_route=\/wp\/v2\/types\/product"}],"replies":[{"embeddable":true,"href":"https:\/\/www.hediyepazar.com\/index.php?rest_route=%2Fwp%2Fv2%2Fcomments&post=130526"}],"wp:featuredmedia":[{"embeddable":true,"href":"https:\/\/www.hediyepazar.com\/index.php?rest_route=\/wp\/v2\/media\/130525"}],"wp:attachment":[{"href":"https:\/\/www.hediyepazar.com\/index.php?rest_route=%2Fwp%2Fv2%2Fmedia&parent=130526"}],"wp:term":[{"taxonomy":"product_brand","embeddable":true,"href":"https:\/\/www.hediyepazar.com\/index.php?rest_route=%2Fwp%2Fv2%2Fproduct_brand&post=130526"},{"taxonomy":"product_cat","embeddable":true,"href":"https:\/\/www.hediyepazar.com\/index.php?rest_route=%2Fwp%2Fv2%2Fproduct_cat&post=130526"},{"taxonomy":"product_tag","embeddable":true,"href":"https:\/\/www.hediyepazar.com\/index.php?rest_route=%2Fwp%2Fv2%2Fproduct_tag&post=130526"}],"curies":[{"name":"wp","href":"https:\/\/api.w.org\/{rel}","templated":true}]}}