{"id":130528,"date":"2026-05-07T08:17:06","date_gmt":"2026-05-07T11:17:06","guid":{"rendered":"https:\/\/www.hediyepazar.com\/?product=akilli-postur-duzeltici-masaj-kemeri-medikal-destekli"},"modified":"2026-05-07T08:17:06","modified_gmt":"2026-05-07T11:17:06","slug":"akilli-postur-duzeltici-masaj-kemeri-medikal-destekli","status":"publish","type":"product","link":"https:\/\/www.hediyepazar.com\/?product=akilli-postur-duzeltici-masaj-kemeri-medikal-destekli","title":{"rendered":"Ak\u0131ll\u0131 Post\u00fcr D\u00fczeltici Masaj Kemeri Medikal Destekli"},"content":{"rendered":"<p>Post\u00fcr d\u00fczeltici masaj kemeri, aktif ya\u015fam s\u00fcrenler ve masa ba\u015f\u0131nda \u00e7al\u0131\u015fanlar i\u00e7in tasarlanm\u0131\u015ft\u0131r. Omurgay\u0131 destekleyen yap\u0131s\u0131, duru\u015f bozuklu\u011funu azaltmaya yard\u0131mc\u0131 olur. Titre\u015fimli uyar\u0131 sistemi, yanl\u0131\u015f duru\u015fu fark etmenizi sa\u011flar.Is\u0131 ve masaj fonksiyonlar\u0131, kas rahatlatma deste\u011fi sunar. Hafif ve nefes alabilen tasar\u0131m\u0131 sayesinde uzun s\u00fcreli kullan\u0131mlarda rahats\u0131zl\u0131k hissi olu\u015fturmaz. Ergonomik ask\u0131lar\u0131 omuzlar\u0131 nazik\u00e7e geriye y\u00f6nlendirir.G\u00fcnl\u00fck kullan\u0131mda pratik ve konforlu bir duru\u015f destek \u00e7\u00f6z\u00fcm\u00fcd\u00fcr.<\/p>\n","protected":false},"excerpt":{"rendered":"<p>Post\u00fcr d\u00fczeltici masaj kemeri, aktif ya\u015fam s\u00fcrenler ve masa ba\u015f\u0131nda \u00e7al\u0131\u015fanlar i\u00e7in tasarlanm\u0131\u015ft\u0131r. Omurgay\u0131 destekleyen yap\u0131s\u0131, duru\u015f bozuklu\u011funu azaltmaya yard\u0131mc\u0131 olur. Titre\u015fimli uyar\u0131 sistemi, yanl\u0131\u015f duru\u015fu fark etmenizi sa\u011flar.Is\u0131 ve masaj fonksiyonlar\u0131, kas rahatlatma deste\u011fi sunar. Hafif ve nefes alabilen tasar\u0131m\u0131 sayesinde uzun s\u00fcreli kullan\u0131mlarda rahats\u0131zl\u0131k hissi olu\u015fturmaz. Ergonomik ask\u0131lar\u0131 omuzlar\u0131 nazik\u00e7e geriye y\u00f6nlendirir.G\u00fcnl\u00fck kullan\u0131mda&#8230;<\/p>\n","protected":false},"featured_media":130527,"comment_status":"open","ping_status":"closed","template":"","meta":{"_kad_post_transparent":"","_kad_post_title":"","_kad_post_layout":"","_kad_post_sidebar_id":"","_kad_post_content_style":"","_kad_post_vertical_padding":"","_kad_post_feature":"","_kad_post_feature_position":"","_kad_post_header":false,"_kad_post_footer":false,"_kad_post_classname":""},"product_brand":[],"product_cat":[14939],"product_tag":[],"class_list":{"0":"post-130528","1":"product","2":"type-product","3":"status-publish","4":"has-post-thumbnail","6":"product_cat-masaj-cihazi-masaj-cihazi","8":"first","9":"instock","10":"purchasable","11":"product-type-simple","12":"entry","13":"content-bg","14":"loop-entry"},"_links":{"self":[{"href":"https:\/\/www.hediyepazar.com\/index.php?rest_route=\/wp\/v2\/product\/130528","targetHints":{"allow":["GET"]}}],"collection":[{"href":"https:\/\/www.hediyepazar.com\/index.php?rest_route=\/wp\/v2\/product"}],"about":[{"href":"https:\/\/www.hediyepazar.com\/index.php?rest_route=\/wp\/v2\/types\/product"}],"replies":[{"embeddable":true,"href":"https:\/\/www.hediyepazar.com\/index.php?rest_route=%2Fwp%2Fv2%2Fcomments&post=130528"}],"wp:featuredmedia":[{"embeddable":true,"href":"https:\/\/www.hediyepazar.com\/index.php?rest_route=\/wp\/v2\/media\/130527"}],"wp:attachment":[{"href":"https:\/\/www.hediyepazar.com\/index.php?rest_route=%2Fwp%2Fv2%2Fmedia&parent=130528"}],"wp:term":[{"taxonomy":"product_brand","embeddable":true,"href":"https:\/\/www.hediyepazar.com\/index.php?rest_route=%2Fwp%2Fv2%2Fproduct_brand&post=130528"},{"taxonomy":"product_cat","embeddable":true,"href":"https:\/\/www.hediyepazar.com\/index.php?rest_route=%2Fwp%2Fv2%2Fproduct_cat&post=130528"},{"taxonomy":"product_tag","embeddable":true,"href":"https:\/\/www.hediyepazar.com\/index.php?rest_route=%2Fwp%2Fv2%2Fproduct_tag&post=130528"}],"curies":[{"name":"wp","href":"https:\/\/api.w.org\/{rel}","templated":true}]}}