{"id":130568,"date":"2026-05-07T08:21:01","date_gmt":"2026-05-07T11:21:01","guid":{"rendered":"https:\/\/www.hediyepazar.com\/?product=cocuklar-icin-bilardo-seti-masaustu-snooker-ve-pool-oyuncak"},"modified":"2026-05-07T08:21:01","modified_gmt":"2026-05-07T11:21:01","slug":"cocuklar-icin-bilardo-seti-masaustu-snooker-ve-pool-oyuncak","status":"publish","type":"product","link":"https:\/\/www.hediyepazar.com\/?product=cocuklar-icin-bilardo-seti-masaustu-snooker-ve-pool-oyuncak","title":{"rendered":"\u00c7ocuklar \u0130\u00e7in Bilardo Seti Masa\u00fcst\u00fc Snooker ve Pool Oyuncak"},"content":{"rendered":"<p>\u00c7ocuklar\u0131n hem e\u011flenmesini hem de \u00f6\u011frenmesini sa\u011flayan oyuncaklar her zaman \u00f6n plandad\u0131r. Mini bilardo seti, bu noktada hem e\u011fitici hem de e\u011flenceli yap\u0131s\u0131yla \u00f6ne \u00e7\u0131kar. Ev ortam\u0131nda rahatl\u0131kla oynanabilen bu oyun, \u00e7ocuklar\u0131n sosyal ve zihinsel geli\u015fimine katk\u0131 sa\u011flar.Bilardo oyunu, dikkat, odaklanma ve strateji geli\u015ftirme gibi \u00f6nemli becerileri destekler. \u00c7ocuklar oyun s\u0131ras\u0131nda hedef belirlemeyi \u00f6\u011frenir, plan yapar ve sonu\u00e7lar\u0131n\u0131 g\u00f6zlemler. Bu da onlar\u0131n analitik d\u00fc\u015f\u00fcnme becerilerini geli\u015ftirir.<\/p>\n","protected":false},"excerpt":{"rendered":"<p>\u00c7ocuklar\u0131n hem e\u011flenmesini hem de \u00f6\u011frenmesini sa\u011flayan oyuncaklar her zaman \u00f6n plandad\u0131r. Mini bilardo seti, bu noktada hem e\u011fitici hem de e\u011flenceli yap\u0131s\u0131yla \u00f6ne \u00e7\u0131kar. Ev ortam\u0131nda rahatl\u0131kla oynanabilen bu oyun, \u00e7ocuklar\u0131n sosyal ve zihinsel geli\u015fimine katk\u0131 sa\u011flar.Bilardo oyunu, dikkat, odaklanma ve strateji geli\u015ftirme gibi \u00f6nemli becerileri destekler. \u00c7ocuklar oyun s\u0131ras\u0131nda hedef belirlemeyi \u00f6\u011frenir, plan&#8230;<\/p>\n","protected":false},"featured_media":130567,"comment_status":"open","ping_status":"closed","template":"","meta":{"_kad_post_transparent":"","_kad_post_title":"","_kad_post_layout":"","_kad_post_sidebar_id":"","_kad_post_content_style":"","_kad_post_vertical_padding":"","_kad_post_feature":"","_kad_post_feature_position":"","_kad_post_header":false,"_kad_post_footer":false,"_kad_post_classname":""},"product_brand":[],"product_cat":[15090],"product_tag":[],"class_list":{"0":"post-130568","1":"product","2":"type-product","3":"status-publish","4":"has-post-thumbnail","6":"product_cat-cocuk-oyuncak-cocuk-oyuncak","8":"first","9":"instock","10":"purchasable","11":"product-type-simple","12":"entry","13":"content-bg","14":"loop-entry"},"_links":{"self":[{"href":"https:\/\/www.hediyepazar.com\/index.php?rest_route=\/wp\/v2\/product\/130568","targetHints":{"allow":["GET"]}}],"collection":[{"href":"https:\/\/www.hediyepazar.com\/index.php?rest_route=\/wp\/v2\/product"}],"about":[{"href":"https:\/\/www.hediyepazar.com\/index.php?rest_route=\/wp\/v2\/types\/product"}],"replies":[{"embeddable":true,"href":"https:\/\/www.hediyepazar.com\/index.php?rest_route=%2Fwp%2Fv2%2Fcomments&post=130568"}],"wp:featuredmedia":[{"embeddable":true,"href":"https:\/\/www.hediyepazar.com\/index.php?rest_route=\/wp\/v2\/media\/130567"}],"wp:attachment":[{"href":"https:\/\/www.hediyepazar.com\/index.php?rest_route=%2Fwp%2Fv2%2Fmedia&parent=130568"}],"wp:term":[{"taxonomy":"product_brand","embeddable":true,"href":"https:\/\/www.hediyepazar.com\/index.php?rest_route=%2Fwp%2Fv2%2Fproduct_brand&post=130568"},{"taxonomy":"product_cat","embeddable":true,"href":"https:\/\/www.hediyepazar.com\/index.php?rest_route=%2Fwp%2Fv2%2Fproduct_cat&post=130568"},{"taxonomy":"product_tag","embeddable":true,"href":"https:\/\/www.hediyepazar.com\/index.php?rest_route=%2Fwp%2Fv2%2Fproduct_tag&post=130568"}],"curies":[{"name":"wp","href":"https:\/\/api.w.org\/{rel}","templated":true}]}}