{"id":130570,"date":"2026-05-07T08:21:09","date_gmt":"2026-05-07T11:21:09","guid":{"rendered":"https:\/\/www.hediyepazar.com\/?product=mini-bilardo-masasi-oyuncak-seti-cocuklar-icin-eglenceli-masa-oyunu"},"modified":"2026-05-07T08:21:09","modified_gmt":"2026-05-07T11:21:09","slug":"mini-bilardo-masasi-oyuncak-seti-cocuklar-icin-eglenceli-masa-oyunu","status":"publish","type":"product","link":"https:\/\/www.hediyepazar.com\/?product=mini-bilardo-masasi-oyuncak-seti-cocuklar-icin-eglenceli-masa-oyunu","title":{"rendered":"Mini Bilardo Masas\u0131 Oyuncak Seti \u00c7ocuklar \u0130\u00e7in E\u011flenceli Masa Oyunu"},"content":{"rendered":"<p>Bilardo, d\u00fcnya genelinde en sevilen ve yayg\u0131n olarak oynanan sporlar aras\u0131nda yer al\u0131r. Art\u0131k bu keyifli oyun, \u00e7ocuklar i\u00e7in \u00f6zel olarak tasarlanm\u0131\u015f mini bilardo seti ile ev ortam\u0131na ta\u015f\u0131n\u0131yor. 5 ya\u015f ve \u00fczeri \u00e7ocuklar\u0131n rahatl\u0131kla oynayabilece\u011fi bu oyuncak bilardo seti, hem e\u011flenceli vakit ge\u00e7irmelerini sa\u011flar hem de geli\u015fimlerine katk\u0131da bulunur.\u00dcr\u00fcn, y\u00fcksek kaliteli hammadde ve \u00e7ocuk sa\u011fl\u0131\u011f\u0131na uygun boya kullan\u0131larak \u00fcretilmi\u015ftir. Sa\u011fl\u0131\u011fa zararl\u0131 hi\u00e7bir madde i\u00e7ermez ve g\u00fcvenle kullan\u0131labilir. Bu sayede ebeveynler \u00e7ocuklar\u0131n\u0131 g\u00f6n\u00fcl rahatl\u0131\u011f\u0131yla oynatabilir. Dayan\u0131kl\u0131 yap\u0131s\u0131 sayesinde uzun s\u00fcreli kullan\u0131m sunar ve kolay kolay deforme olmaz.Set, demonte olarak g\u00f6nderilmektedir ve kurulumu olduk\u00e7a basittir. Kutu i\u00e7erisinden \u00e7\u0131kan par\u00e7alar sayesinde k\u0131sa s\u00fcrede kolayca monte edilebilir. Kurulum i\u00e7in ekstra bir ekipmana ihtiya\u00e7 duyulmaz. Bu da \u00fcr\u00fcn\u00fc pratik ve kullan\u0131c\u0131 dostu hale getirir.Paket i\u00e7eri\u011finde bilardo masas\u0131, 4 adet masa aya\u011f\u0131, 12 adet numaral\u0131 top, 1 adet top dizme \u00fc\u00e7geni ve 2 adet isteka bulunmaktad\u0131r. Bu zengin i\u00e7erik sayesinde ger\u00e7ek bilardo deneyimi mini boyutta sunulur. \u00c7ocuklar ger\u00e7ek bir oyun oynuyormu\u015f gibi hisseder ve daha fazla keyif al\u0131r.Oyun alan\u0131, toplar\u0131n rahat hareket etmesini sa\u011flayan \u00f6zel ye\u015fil kuma\u015f ile kaplanm\u0131\u015ft\u0131r. Bu detay, oyunun ak\u0131c\u0131l\u0131\u011f\u0131n\u0131 art\u0131r\u0131r ve daha ger\u00e7ek\u00e7i bir deneyim sunar.<\/p>\n","protected":false},"excerpt":{"rendered":"<p>Bilardo, d\u00fcnya genelinde en sevilen ve yayg\u0131n olarak oynanan sporlar aras\u0131nda yer al\u0131r. Art\u0131k bu keyifli oyun, \u00e7ocuklar i\u00e7in \u00f6zel olarak tasarlanm\u0131\u015f mini bilardo seti ile ev ortam\u0131na ta\u015f\u0131n\u0131yor. 5 ya\u015f ve \u00fczeri \u00e7ocuklar\u0131n rahatl\u0131kla oynayabilece\u011fi bu oyuncak bilardo seti, hem e\u011flenceli vakit ge\u00e7irmelerini sa\u011flar hem de geli\u015fimlerine katk\u0131da bulunur.\u00dcr\u00fcn, y\u00fcksek kaliteli hammadde ve \u00e7ocuk&#8230;<\/p>\n","protected":false},"featured_media":130569,"comment_status":"open","ping_status":"closed","template":"","meta":{"_kad_post_transparent":"","_kad_post_title":"","_kad_post_layout":"","_kad_post_sidebar_id":"","_kad_post_content_style":"","_kad_post_vertical_padding":"","_kad_post_feature":"","_kad_post_feature_position":"","_kad_post_header":false,"_kad_post_footer":false,"_kad_post_classname":""},"product_brand":[],"product_cat":[15090],"product_tag":[],"class_list":{"0":"post-130570","1":"product","2":"type-product","3":"status-publish","4":"has-post-thumbnail","6":"product_cat-cocuk-oyuncak-cocuk-oyuncak","8":"first","9":"instock","10":"purchasable","11":"product-type-simple","12":"entry","13":"content-bg","14":"loop-entry"},"_links":{"self":[{"href":"https:\/\/www.hediyepazar.com\/index.php?rest_route=\/wp\/v2\/product\/130570","targetHints":{"allow":["GET"]}}],"collection":[{"href":"https:\/\/www.hediyepazar.com\/index.php?rest_route=\/wp\/v2\/product"}],"about":[{"href":"https:\/\/www.hediyepazar.com\/index.php?rest_route=\/wp\/v2\/types\/product"}],"replies":[{"embeddable":true,"href":"https:\/\/www.hediyepazar.com\/index.php?rest_route=%2Fwp%2Fv2%2Fcomments&post=130570"}],"wp:featuredmedia":[{"embeddable":true,"href":"https:\/\/www.hediyepazar.com\/index.php?rest_route=\/wp\/v2\/media\/130569"}],"wp:attachment":[{"href":"https:\/\/www.hediyepazar.com\/index.php?rest_route=%2Fwp%2Fv2%2Fmedia&parent=130570"}],"wp:term":[{"taxonomy":"product_brand","embeddable":true,"href":"https:\/\/www.hediyepazar.com\/index.php?rest_route=%2Fwp%2Fv2%2Fproduct_brand&post=130570"},{"taxonomy":"product_cat","embeddable":true,"href":"https:\/\/www.hediyepazar.com\/index.php?rest_route=%2Fwp%2Fv2%2Fproduct_cat&post=130570"},{"taxonomy":"product_tag","embeddable":true,"href":"https:\/\/www.hediyepazar.com\/index.php?rest_route=%2Fwp%2Fv2%2Fproduct_tag&post=130570"}],"curies":[{"name":"wp","href":"https:\/\/api.w.org\/{rel}","templated":true}]}}