{"id":130584,"date":"2026-05-07T08:24:13","date_gmt":"2026-05-07T11:24:13","guid":{"rendered":"https:\/\/www.hediyepazar.com\/?product=bluetooth-selfie-cubugu-katlanabilir-uzaktan-kumandali"},"modified":"2026-05-07T08:24:13","modified_gmt":"2026-05-07T11:24:13","slug":"bluetooth-selfie-cubugu-katlanabilir-uzaktan-kumandali","status":"publish","type":"product","link":"https:\/\/www.hediyepazar.com\/?product=bluetooth-selfie-cubugu-katlanabilir-uzaktan-kumandali","title":{"rendered":"Bluetooth Selfie \u00c7ubu\u011fu \u2013 Katlanabilir Uzaktan Kumandal\u0131"},"content":{"rendered":"<p>Bu  Bluetooth selfie \u00e7ubu\u011fu, profesyonel i\u00e7erik \u00fcretimi i\u00e7in geli\u015ftirilmi\u015ftir. Uzaktan kumandas\u0131 sayesinde \u00e7ekim s\u0131ras\u0131nda telefonu tutman\u0131za gerek kalmaz. 130 cm\u2019e kadar uzayan g\u00f6vdesiyle hem geni\u015f a\u00e7\u0131l\u0131 hem yak\u0131n plan \u00e7ekimler yapabilirsiniz.LED \u0131\u015f\u0131\u011f\u0131 sayesinde lo\u015f ortamlarda bile net g\u00f6r\u00fcnt\u00fcler elde edilir. Katlanabilir ve hafif yap\u0131s\u0131 ta\u015f\u0131ma kolayl\u0131\u011f\u0131 sa\u011flar. Sa\u011flam taban sistemi \u00e7ekim s\u0131ras\u0131nda sabit duru\u015f sunar. T\u00fcm ak\u0131ll\u0131 telefonlarla uyumlu olup hem dikey hem yatay \u00e7ekim yap\u0131labilir. YouTube, TikTok ve Instagram i\u00e7in video \u00e7ekenler veya seyahatlerinde pratik \u00e7ekim isteyen kullan\u0131c\u0131lar i\u00e7in ideal bir se\u00e7imdir.<\/p>\n","protected":false},"excerpt":{"rendered":"<p>Bu Bluetooth selfie \u00e7ubu\u011fu, profesyonel i\u00e7erik \u00fcretimi i\u00e7in geli\u015ftirilmi\u015ftir. Uzaktan kumandas\u0131 sayesinde \u00e7ekim s\u0131ras\u0131nda telefonu tutman\u0131za gerek kalmaz. 130 cm\u2019e kadar uzayan g\u00f6vdesiyle hem geni\u015f a\u00e7\u0131l\u0131 hem yak\u0131n plan \u00e7ekimler yapabilirsiniz.LED \u0131\u015f\u0131\u011f\u0131 sayesinde lo\u015f ortamlarda bile net g\u00f6r\u00fcnt\u00fcler elde edilir. Katlanabilir ve hafif yap\u0131s\u0131 ta\u015f\u0131ma kolayl\u0131\u011f\u0131 sa\u011flar. Sa\u011flam taban sistemi \u00e7ekim s\u0131ras\u0131nda sabit duru\u015f sunar&#8230;.<\/p>\n","protected":false},"featured_media":130583,"comment_status":"open","ping_status":"closed","template":"","meta":{"_kad_post_transparent":"","_kad_post_title":"","_kad_post_layout":"","_kad_post_sidebar_id":"","_kad_post_content_style":"","_kad_post_vertical_padding":"","_kad_post_feature":"","_kad_post_feature_position":"","_kad_post_header":false,"_kad_post_footer":false,"_kad_post_classname":""},"product_brand":[],"product_cat":[15008],"product_tag":[],"class_list":{"0":"post-130584","1":"product","2":"type-product","3":"status-publish","4":"has-post-thumbnail","6":"product_cat-selfie-cubugu-selfie-cubugu-2","8":"first","9":"instock","10":"purchasable","11":"product-type-simple","12":"entry","13":"content-bg","14":"loop-entry"},"_links":{"self":[{"href":"https:\/\/www.hediyepazar.com\/index.php?rest_route=\/wp\/v2\/product\/130584","targetHints":{"allow":["GET"]}}],"collection":[{"href":"https:\/\/www.hediyepazar.com\/index.php?rest_route=\/wp\/v2\/product"}],"about":[{"href":"https:\/\/www.hediyepazar.com\/index.php?rest_route=\/wp\/v2\/types\/product"}],"replies":[{"embeddable":true,"href":"https:\/\/www.hediyepazar.com\/index.php?rest_route=%2Fwp%2Fv2%2Fcomments&post=130584"}],"wp:featuredmedia":[{"embeddable":true,"href":"https:\/\/www.hediyepazar.com\/index.php?rest_route=\/wp\/v2\/media\/130583"}],"wp:attachment":[{"href":"https:\/\/www.hediyepazar.com\/index.php?rest_route=%2Fwp%2Fv2%2Fmedia&parent=130584"}],"wp:term":[{"taxonomy":"product_brand","embeddable":true,"href":"https:\/\/www.hediyepazar.com\/index.php?rest_route=%2Fwp%2Fv2%2Fproduct_brand&post=130584"},{"taxonomy":"product_cat","embeddable":true,"href":"https:\/\/www.hediyepazar.com\/index.php?rest_route=%2Fwp%2Fv2%2Fproduct_cat&post=130584"},{"taxonomy":"product_tag","embeddable":true,"href":"https:\/\/www.hediyepazar.com\/index.php?rest_route=%2Fwp%2Fv2%2Fproduct_tag&post=130584"}],"curies":[{"name":"wp","href":"https:\/\/api.w.org\/{rel}","templated":true}]}}