{"id":130598,"date":"2026-05-07T08:25:19","date_gmt":"2026-05-07T11:25:19","guid":{"rendered":"https:\/\/www.hediyepazar.com\/?product=egitici-dart-oyunu-cocuklar-icin-guvenli-cirtli-hedef-tahtasi-seti"},"modified":"2026-05-07T08:25:19","modified_gmt":"2026-05-07T11:25:19","slug":"egitici-dart-oyunu-cocuklar-icin-guvenli-cirtli-hedef-tahtasi-seti","status":"publish","type":"product","link":"https:\/\/www.hediyepazar.com\/?product=egitici-dart-oyunu-cocuklar-icin-guvenli-cirtli-hedef-tahtasi-seti","title":{"rendered":"E\u011fitici Dart Oyunu \u00c7ocuklar \u0130\u00e7in G\u00fcvenli C\u0131rtl\u0131 Hedef Tahtas\u0131 Seti"},"content":{"rendered":"<p>\u00c7ocuklar i\u00e7in e\u011flenceli ve g\u00fcvenli bir oyun ar\u0131yorsan\u0131z, c\u0131rtl\u0131 dart oyunu m\u00fckemmel bir se\u00e7imdir. Bu \u00fcr\u00fcn, \u00e7ocuklar\u0131n hem keyifli vakit ge\u00e7irmesini hem de \u00e7e\u015fitli becerilerini geli\u015ftirmesini sa\u011flayan \u00e7ok y\u00f6nl\u00fc bir oyun setidir. G\u00fcvenli yap\u0131s\u0131 sayesinde ebeveynlerin de i\u00e7i rahat eder.Sivri dartlar yerine kullan\u0131lan yumu\u015fak c\u0131rtl\u0131 toplar, oyunu tamamen g\u00fcvenli hale getirir. \u00c7ocuklar bu sayede \u00f6zg\u00fcrce oynayabilir ve risk ya\u015famaz. Bu \u00f6zellik \u00f6zellikle k\u00fc\u00e7\u00fck ya\u015f grubu i\u00e7in b\u00fcy\u00fck avantaj sa\u011flar.Oyun s\u0131ras\u0131nda \u00e7ocuklar hedef belirler, odaklan\u0131r ve at\u0131\u015f yapar. Bu s\u00fcre\u00e7, el-g\u00f6z koordinasyonunu ve dikkat becerilerini geli\u015ftirmeye yard\u0131mc\u0131 olur. Ayn\u0131 zamanda refleks geli\u015fimine katk\u0131 sa\u011flar.Ta\u015f\u0131nabilir yap\u0131s\u0131 sayesinde her ortamda kullan\u0131labilir. Evde, okulda, parkta ya da tatilde rahatl\u0131kla oynanabilir.<\/p>\n","protected":false},"excerpt":{"rendered":"<p>\u00c7ocuklar i\u00e7in e\u011flenceli ve g\u00fcvenli bir oyun ar\u0131yorsan\u0131z, c\u0131rtl\u0131 dart oyunu m\u00fckemmel bir se\u00e7imdir. Bu \u00fcr\u00fcn, \u00e7ocuklar\u0131n hem keyifli vakit ge\u00e7irmesini hem de \u00e7e\u015fitli becerilerini geli\u015ftirmesini sa\u011flayan \u00e7ok y\u00f6nl\u00fc bir oyun setidir. G\u00fcvenli yap\u0131s\u0131 sayesinde ebeveynlerin de i\u00e7i rahat eder.Sivri dartlar yerine kullan\u0131lan yumu\u015fak c\u0131rtl\u0131 toplar, oyunu tamamen g\u00fcvenli hale getirir. \u00c7ocuklar bu sayede \u00f6zg\u00fcrce&#8230;<\/p>\n","protected":false},"featured_media":130597,"comment_status":"open","ping_status":"closed","template":"","meta":{"_kad_post_transparent":"","_kad_post_title":"","_kad_post_layout":"","_kad_post_sidebar_id":"","_kad_post_content_style":"","_kad_post_vertical_padding":"","_kad_post_feature":"","_kad_post_feature_position":"","_kad_post_header":false,"_kad_post_footer":false,"_kad_post_classname":""},"product_brand":[],"product_cat":[15090],"product_tag":[],"class_list":{"0":"post-130598","1":"product","2":"type-product","3":"status-publish","4":"has-post-thumbnail","6":"product_cat-cocuk-oyuncak-cocuk-oyuncak","8":"first","9":"instock","10":"purchasable","11":"product-type-simple","12":"entry","13":"content-bg","14":"loop-entry"},"_links":{"self":[{"href":"https:\/\/www.hediyepazar.com\/index.php?rest_route=\/wp\/v2\/product\/130598","targetHints":{"allow":["GET"]}}],"collection":[{"href":"https:\/\/www.hediyepazar.com\/index.php?rest_route=\/wp\/v2\/product"}],"about":[{"href":"https:\/\/www.hediyepazar.com\/index.php?rest_route=\/wp\/v2\/types\/product"}],"replies":[{"embeddable":true,"href":"https:\/\/www.hediyepazar.com\/index.php?rest_route=%2Fwp%2Fv2%2Fcomments&post=130598"}],"wp:featuredmedia":[{"embeddable":true,"href":"https:\/\/www.hediyepazar.com\/index.php?rest_route=\/wp\/v2\/media\/130597"}],"wp:attachment":[{"href":"https:\/\/www.hediyepazar.com\/index.php?rest_route=%2Fwp%2Fv2%2Fmedia&parent=130598"}],"wp:term":[{"taxonomy":"product_brand","embeddable":true,"href":"https:\/\/www.hediyepazar.com\/index.php?rest_route=%2Fwp%2Fv2%2Fproduct_brand&post=130598"},{"taxonomy":"product_cat","embeddable":true,"href":"https:\/\/www.hediyepazar.com\/index.php?rest_route=%2Fwp%2Fv2%2Fproduct_cat&post=130598"},{"taxonomy":"product_tag","embeddable":true,"href":"https:\/\/www.hediyepazar.com\/index.php?rest_route=%2Fwp%2Fv2%2Fproduct_tag&post=130598"}],"curies":[{"name":"wp","href":"https:\/\/api.w.org\/{rel}","templated":true}]}}