{"id":130602,"date":"2026-05-07T08:26:04","date_gmt":"2026-05-07T11:26:04","guid":{"rendered":"https:\/\/www.hediyepazar.com\/?product=guvenli-dart-oyunu-cocuklara-ozel-cirtli-toplu-hedef-tahtasi-oyunu"},"modified":"2026-05-07T08:26:04","modified_gmt":"2026-05-07T11:26:04","slug":"guvenli-dart-oyunu-cocuklara-ozel-cirtli-toplu-hedef-tahtasi-oyunu","status":"publish","type":"product","link":"https:\/\/www.hediyepazar.com\/?product=guvenli-dart-oyunu-cocuklara-ozel-cirtli-toplu-hedef-tahtasi-oyunu","title":{"rendered":"G\u00fcvenli Dart Oyunu \u00c7ocuklara \u00d6zel C\u0131rtl\u0131 Toplu Hedef Tahtas\u0131 Oyunu"},"content":{"rendered":"<p>E\u011flence ve g\u00fcvenli\u011fi bir araya getiren bu dart oyunu, \u00e7ocuklar i\u00e7in \u00f6zel olarak tasarlanm\u0131\u015ft\u0131r. C\u0131rtl\u0131 toplar sayesinde \u00e7ocuklar risk olmadan oyun oynayabilir.Oyun, \u00e7ocuklar\u0131n motor becerilerini geli\u015ftirmesine yard\u0131mc\u0131 olur. Hedef alma ve at\u0131\u015f yapma becerilerini g\u00fc\u00e7lendirir.Ta\u015f\u0131nabilir yap\u0131s\u0131 sayesinde her yerde kullan\u0131labilir. Evde, parkta veya seyahatte rahatl\u0131kla oynanabilir.<\/p>\n","protected":false},"excerpt":{"rendered":"<p>E\u011flence ve g\u00fcvenli\u011fi bir araya getiren bu dart oyunu, \u00e7ocuklar i\u00e7in \u00f6zel olarak tasarlanm\u0131\u015ft\u0131r. C\u0131rtl\u0131 toplar sayesinde \u00e7ocuklar risk olmadan oyun oynayabilir.Oyun, \u00e7ocuklar\u0131n motor becerilerini geli\u015ftirmesine yard\u0131mc\u0131 olur. Hedef alma ve at\u0131\u015f yapma becerilerini g\u00fc\u00e7lendirir.Ta\u015f\u0131nabilir yap\u0131s\u0131 sayesinde her yerde kullan\u0131labilir. Evde, parkta veya seyahatte rahatl\u0131kla oynanabilir.<\/p>\n","protected":false},"featured_media":130601,"comment_status":"open","ping_status":"closed","template":"","meta":{"_kad_post_transparent":"","_kad_post_title":"","_kad_post_layout":"","_kad_post_sidebar_id":"","_kad_post_content_style":"","_kad_post_vertical_padding":"","_kad_post_feature":"","_kad_post_feature_position":"","_kad_post_header":false,"_kad_post_footer":false,"_kad_post_classname":""},"product_brand":[],"product_cat":[15090],"product_tag":[],"class_list":{"0":"post-130602","1":"product","2":"type-product","3":"status-publish","4":"has-post-thumbnail","6":"product_cat-cocuk-oyuncak-cocuk-oyuncak","8":"first","9":"instock","10":"purchasable","11":"product-type-simple","12":"entry","13":"content-bg","14":"loop-entry"},"_links":{"self":[{"href":"https:\/\/www.hediyepazar.com\/index.php?rest_route=\/wp\/v2\/product\/130602","targetHints":{"allow":["GET"]}}],"collection":[{"href":"https:\/\/www.hediyepazar.com\/index.php?rest_route=\/wp\/v2\/product"}],"about":[{"href":"https:\/\/www.hediyepazar.com\/index.php?rest_route=\/wp\/v2\/types\/product"}],"replies":[{"embeddable":true,"href":"https:\/\/www.hediyepazar.com\/index.php?rest_route=%2Fwp%2Fv2%2Fcomments&post=130602"}],"wp:featuredmedia":[{"embeddable":true,"href":"https:\/\/www.hediyepazar.com\/index.php?rest_route=\/wp\/v2\/media\/130601"}],"wp:attachment":[{"href":"https:\/\/www.hediyepazar.com\/index.php?rest_route=%2Fwp%2Fv2%2Fmedia&parent=130602"}],"wp:term":[{"taxonomy":"product_brand","embeddable":true,"href":"https:\/\/www.hediyepazar.com\/index.php?rest_route=%2Fwp%2Fv2%2Fproduct_brand&post=130602"},{"taxonomy":"product_cat","embeddable":true,"href":"https:\/\/www.hediyepazar.com\/index.php?rest_route=%2Fwp%2Fv2%2Fproduct_cat&post=130602"},{"taxonomy":"product_tag","embeddable":true,"href":"https:\/\/www.hediyepazar.com\/index.php?rest_route=%2Fwp%2Fv2%2Fproduct_tag&post=130602"}],"curies":[{"name":"wp","href":"https:\/\/api.w.org\/{rel}","templated":true}]}}