{"id":130620,"date":"2026-05-07T08:27:25","date_gmt":"2026-05-07T11:27:25","guid":{"rendered":"https:\/\/www.hediyepazar.com\/?product=omada-poe10r-1-port-15-4w-gigabit-poe-injector1923"},"modified":"2026-05-07T08:27:25","modified_gmt":"2026-05-07T11:27:25","slug":"omada-poe10r-1-port-15-4w-gigabit-poe-injector1923","status":"publish","type":"product","link":"https:\/\/www.hediyepazar.com\/?product=omada-poe10r-1-port-15-4w-gigabit-poe-injector1923","title":{"rendered":"OMADA POE10R 1 Port 15.4W Gigabit PoE Injector(1923)"},"content":{"rendered":"<p>Bu \u00dcr\u00fcn Ne Yapar?PoE Splitter TL-POE10R, IEEE 802.3af standard\u0131na tam uyumludur. AP, IP Kamera veya IP Telefon vs. gibi cihazlar\u0131 sabitlemek istedi\u011finiz, ancak elektrik kablosu veya prizi olmayan yerlere 12V, 9V veya 5V Do\u011fru Ak\u0131m sa\u011flamak i\u00e7in, b\u00fct\u00fcn IEEE 802.3af PoE uyumlu PSE\u2019lerle (Power Source Equipment) veya TP-LINK\u2019in TL-SF1008P veya TL-POE150S veya muadili \u00fcr\u00fcn\u00fc gibi PoE Tedarik\u00e7i Adapt\u00f6rleriyle \u00e7al\u0131\u015f\u0131r.\u00a0PoE Splitter TL-POE10RIEEE 802.3af uyumluSe\u00e7ilebilir g\u00fc\u00e7 \u00e7\u0131k\u0131\u015f\u0131Gigabit h\u0131z deste\u011fiTak ve \u00c7al\u0131\u015ft\u0131r, konfig\u00fcrasyon gerekmez\u00a0 DONANIM \u00d6ZELL\u0130KLER\u0130 Arabirim2 10\/100\/1000Mbps RJ45 PortuOtomatik Anla\u015fma\/AUTO MDI\/MDIX1 48VDC G\u00dc\u00c7 G\u0130R\u0130\u015e\u0130 PORTUA\u011f Medyas\u013110BASE-T: UTP kategori 3, 4, 5 kablosu (Maks. 100m)EIA\/TIA-568 100\u03a9 STP (Maks. 100m)100BASE-TX: UTP kategori 5, 5e kablosu (Maks. 100m)EIA\/TIA-568 100\u03a9 STP (Maks. 100m)1000BASE-T: UTP kategori 5, 5e, 6 kablosu (Maks. 100m)G\u00fc\u00e7 Kayna\u011f\u013112VDC 1A, 9VDC 1A, 5VDC 2ATemel FonksiyonIEEE 802.3af Uyumlu PSE\u2019lerle uyumlu100 Metreye Kadar G\u00fc\u00e7 \u0130letir\u0130ste\u011fe ba\u011fl\u0131 olarak 12VDC, 9VDC veya 5VDC G\u00fc\u00e7 Kayna\u011f\u0131LED G\u00f6stergesiPWRBoyutlar ( W X D X H )3.2*2.1*0.9 in.(80.8*54*24 mm) YAZILIM \u00d6ZELL\u0130KLER\u0130 Temel FonksiyonIEEE 802.3af Uyumlu PSE2\u2019lerle uyumlu100 metreye kadar g\u00fc\u00e7 iletir\u0130ste\u011fe ba\u011fl\u0131 12VDC, 9VDC veya 5VDC G\u00fc\u00e7 Kayna\u011f\u0131 D\u0130\u011eERLER\u0130 SertifikaFCC, CE, RoHSSistem GereksinimleriMicrosoft\u00ae Windows\u00ae 98SE, NT, 2000, XP, Vista\u2122 veya Windows 7, MAC\u00ae OS, NetWare\u00ae, UNIX\u00ae veya Linux.Ortam\u00c7al\u0131\u015fma S\u0131cakl\u0131\u011f\u0131: 0\u2103~40\u2103 (32\u2109~104\u2109)Depolama S\u0131cakl\u0131\u011f\u0131: -40\u2103~70\u2103 (-40\u2109~158\u2109)\u00c7al\u0131\u015fma Nem Oran\u0131: 10%~90% yo\u011fu\u015fmas\u0131zDepolama Nem Oran\u0131: 5%~90% yo\u011fu\u015fmas\u0131zDONANIM \u00d6ZELL\u0130KLER\u0130Arabirim\u2022 2\u00d7 10\/100\/1000Mbps RJ45 Port\u2022 Auto Negotiation\/Auto MDI\/MDIX\u2022 1\u00d7 Power Output PortA\u011f Medyas\u0131\u2022 10BASE-T: UTP category 3, 4, 5 cable (Max 100m)EIA\/TIA-568 100\u03a9 STP (Max 100m)\u2022 100BASE-TX: UTP category 5, 5e cable (Max 100m)EIA\/TIA-568 100\u03a9 STP (Max 100m)\u2022 1000BASE-T: UTP category 5, 5e, 6 cable (Max 100m)G\u00fc\u00e7 Kayna\u011f\u013112VDC 1A, 9VDC 1A, 5VDC 2ATemel Fonksiyon\u2022 Compatible With IEEE 802.3af Compliant PSEs\u2022 Delivers Power Up To 100 Meters\u2022 Optional 12VDC, 9VDC or 5VDC Power OutputLEDPWRBoyutlar ( W X D X H )3.2*2.1*0.9 in.(80.8*54*24 mm)D\u0130\u011eERLER\u0130SertifikaFCC, CE, RoHSPaket \u0130\u00e7eri\u011fi\u2022 POE10R\u2022 Power Cord\u2022 Installation GuideOrtam\u2022 Operating Temperature: 0\u2103~40\u2103 (32\u2109~104\u2109)\u2022 Storage Temperature: -40\u2103~70\u2103 (-40\u2109~158\u2109)\u2022 Operating Humidity: 10%~90% non-condensing\u2022 Storage Humidity: 5%~90% non-condensing<\/p>\n","protected":false},"excerpt":{"rendered":"<p>Bu \u00dcr\u00fcn Ne Yapar?PoE Splitter TL-POE10R, IEEE 802.3af standard\u0131na tam uyumludur. AP, IP Kamera veya IP Telefon vs. gibi cihazlar\u0131 sabitlemek istedi\u011finiz, ancak elektrik kablosu veya prizi olmayan yerlere 12V, 9V veya 5V Do\u011fru Ak\u0131m sa\u011flamak i\u00e7in, b\u00fct\u00fcn IEEE 802.3af PoE uyumlu PSE\u2019lerle (Power Source Equipment) veya TP-LINK\u2019in TL-SF1008P veya TL-POE150S veya muadili \u00fcr\u00fcn\u00fc gibi&#8230;<\/p>\n","protected":false},"featured_media":130619,"comment_status":"open","ping_status":"closed","template":"","meta":{"_kad_post_transparent":"","_kad_post_title":"","_kad_post_layout":"","_kad_post_sidebar_id":"","_kad_post_content_style":"","_kad_post_vertical_padding":"","_kad_post_feature":"","_kad_post_feature_position":"","_kad_post_header":false,"_kad_post_footer":false,"_kad_post_classname":""},"product_brand":[],"product_cat":[14603],"product_tag":[],"class_list":{"0":"post-130620","1":"product","2":"type-product","3":"status-publish","4":"has-post-thumbnail","6":"product_cat-ag-urunleri-bilgisayar-tablet-elektronik-ag-urunleri","8":"first","9":"instock","10":"purchasable","11":"product-type-simple","12":"entry","13":"content-bg","14":"loop-entry"},"_links":{"self":[{"href":"https:\/\/www.hediyepazar.com\/index.php?rest_route=\/wp\/v2\/product\/130620","targetHints":{"allow":["GET"]}}],"collection":[{"href":"https:\/\/www.hediyepazar.com\/index.php?rest_route=\/wp\/v2\/product"}],"about":[{"href":"https:\/\/www.hediyepazar.com\/index.php?rest_route=\/wp\/v2\/types\/product"}],"replies":[{"embeddable":true,"href":"https:\/\/www.hediyepazar.com\/index.php?rest_route=%2Fwp%2Fv2%2Fcomments&post=130620"}],"wp:featuredmedia":[{"embeddable":true,"href":"https:\/\/www.hediyepazar.com\/index.php?rest_route=\/wp\/v2\/media\/130619"}],"wp:attachment":[{"href":"https:\/\/www.hediyepazar.com\/index.php?rest_route=%2Fwp%2Fv2%2Fmedia&parent=130620"}],"wp:term":[{"taxonomy":"product_brand","embeddable":true,"href":"https:\/\/www.hediyepazar.com\/index.php?rest_route=%2Fwp%2Fv2%2Fproduct_brand&post=130620"},{"taxonomy":"product_cat","embeddable":true,"href":"https:\/\/www.hediyepazar.com\/index.php?rest_route=%2Fwp%2Fv2%2Fproduct_cat&post=130620"},{"taxonomy":"product_tag","embeddable":true,"href":"https:\/\/www.hediyepazar.com\/index.php?rest_route=%2Fwp%2Fv2%2Fproduct_tag&post=130620"}],"curies":[{"name":"wp","href":"https:\/\/api.w.org\/{rel}","templated":true}]}}