{"id":130626,"date":"2026-05-07T08:28:23","date_gmt":"2026-05-07T11:28:23","guid":{"rendered":"https:\/\/www.hediyepazar.com\/?product=omada-poe4818g-48v-18w-pasif-poe-adaptor1923"},"modified":"2026-05-07T08:28:23","modified_gmt":"2026-05-07T11:28:23","slug":"omada-poe4818g-48v-18w-pasif-poe-adaptor1923","status":"publish","type":"product","link":"https:\/\/www.hediyepazar.com\/?product=omada-poe4818g-48v-18w-pasif-poe-adaptor1923","title":{"rendered":"OMADA POE4818G 48V 18W Pasif PoE Adapt\u00f6r(1923)"},"content":{"rendered":"<p>DONANIM \u00d6ZELL\u0130KLER\u0130Arabirim\u2022 1\u00d7 10\/100\/1000Mbps RJ45 Shielded Data IN Port\u2022 1\u00d7 10\/100\/1000Mbps RJ45 Shielded Passive PoE Port\u2022 1\u00d7 100~240V \/ 50~60Hz AC Power Input PortA\u011f Medyas\u0131\u2022 10BASE-T: UTP category 3, 4, 5 cable (Max 100m)EIA\/TIA-568 100\u03a9 STP (Max 100m)\u2022 100BASE-TX: UTP category 5, 5e cable (Max 100m)EIA\/TIA-568 100\u03a9 STP (Max 100m)\u2022 1000BASE-T: UTP category 5, 5e, 6 cable (Max 100m)LEDPWRBoyutlar ( W X D X H )3.4 \u00d7 1.7 \u00d7 1.4 in. (85.8 \u00d7 43.9 \u00d7 35.0 mm)D\u0130\u011eERLER\u0130SertifikaFCC, CE, RoHSPaket \u0130\u00e7eri\u011fi\u2022 Omada 48V 18W Passive PoE Adapter POE4818G\u2022 Power Cord\u2022 Wall Mounting KitsOrtam\u2022 Operating Temperature: 0\u2103~40\u2103 (32\u2109~104\u2109)\u2022 Storage Temperature: -40\u2103~70\u2103 (-40\u2109~158\u2109)\u2022 Operating Humidity: 10%~90% non-condensing\u2022 Storage Humidity: 5%~90% non-condensing<\/p>\n","protected":false},"excerpt":{"rendered":"<p>DONANIM \u00d6ZELL\u0130KLER\u0130Arabirim\u2022 1\u00d7 10\/100\/1000Mbps RJ45 Shielded Data IN Port\u2022 1\u00d7 10\/100\/1000Mbps RJ45 Shielded Passive PoE Port\u2022 1\u00d7 100~240V \/ 50~60Hz AC Power Input PortA\u011f Medyas\u0131\u2022 10BASE-T: UTP category 3, 4, 5 cable (Max 100m)EIA\/TIA-568 100\u03a9 STP (Max 100m)\u2022 100BASE-TX: UTP category 5, 5e cable (Max 100m)EIA\/TIA-568 100\u03a9 STP (Max 100m)\u2022 1000BASE-T: UTP category 5, 5e,&#8230;<\/p>\n","protected":false},"featured_media":130625,"comment_status":"open","ping_status":"closed","template":"","meta":{"_kad_post_transparent":"","_kad_post_title":"","_kad_post_layout":"","_kad_post_sidebar_id":"","_kad_post_content_style":"","_kad_post_vertical_padding":"","_kad_post_feature":"","_kad_post_feature_position":"","_kad_post_header":false,"_kad_post_footer":false,"_kad_post_classname":""},"product_brand":[],"product_cat":[14603],"product_tag":[],"class_list":{"0":"post-130626","1":"product","2":"type-product","3":"status-publish","4":"has-post-thumbnail","6":"product_cat-ag-urunleri-bilgisayar-tablet-elektronik-ag-urunleri","8":"first","9":"instock","10":"purchasable","11":"product-type-simple","12":"entry","13":"content-bg","14":"loop-entry"},"_links":{"self":[{"href":"https:\/\/www.hediyepazar.com\/index.php?rest_route=\/wp\/v2\/product\/130626","targetHints":{"allow":["GET"]}}],"collection":[{"href":"https:\/\/www.hediyepazar.com\/index.php?rest_route=\/wp\/v2\/product"}],"about":[{"href":"https:\/\/www.hediyepazar.com\/index.php?rest_route=\/wp\/v2\/types\/product"}],"replies":[{"embeddable":true,"href":"https:\/\/www.hediyepazar.com\/index.php?rest_route=%2Fwp%2Fv2%2Fcomments&post=130626"}],"wp:featuredmedia":[{"embeddable":true,"href":"https:\/\/www.hediyepazar.com\/index.php?rest_route=\/wp\/v2\/media\/130625"}],"wp:attachment":[{"href":"https:\/\/www.hediyepazar.com\/index.php?rest_route=%2Fwp%2Fv2%2Fmedia&parent=130626"}],"wp:term":[{"taxonomy":"product_brand","embeddable":true,"href":"https:\/\/www.hediyepazar.com\/index.php?rest_route=%2Fwp%2Fv2%2Fproduct_brand&post=130626"},{"taxonomy":"product_cat","embeddable":true,"href":"https:\/\/www.hediyepazar.com\/index.php?rest_route=%2Fwp%2Fv2%2Fproduct_cat&post=130626"},{"taxonomy":"product_tag","embeddable":true,"href":"https:\/\/www.hediyepazar.com\/index.php?rest_route=%2Fwp%2Fv2%2Fproduct_tag&post=130626"}],"curies":[{"name":"wp","href":"https:\/\/api.w.org\/{rel}","templated":true}]}}