{"id":130632,"date":"2026-05-07T08:29:05","date_gmt":"2026-05-07T11:29:05","guid":{"rendered":"https:\/\/www.hediyepazar.com\/?product=omada-sm5110-lr-10gbps-sfp-module-up-to-10km1923"},"modified":"2026-05-07T08:29:05","modified_gmt":"2026-05-07T11:29:05","slug":"omada-sm5110-lr-10gbps-sfp-module-up-to-10km1923","status":"publish","type":"product","link":"https:\/\/www.hediyepazar.com\/?product=omada-sm5110-lr-10gbps-sfp-module-up-to-10km1923","title":{"rendered":"OMADA SM5110-LR 10Gbps SFP+ Module Up to 10km(1923)"},"content":{"rendered":"<p>TransceiverStandartlar ve ProtokollerIEEE 802.3ae, TCP\/IPDalga Boyu1310 nmG\u00fc\u00e7 Kayna\u011f\u01313.3VFiber Tipi9\/125um Single-ModeMaks. Kablo Uzunlu\u011fu10 kmVeri H\u0131z\u013110 GbpsPort TipiLC DuplexG\u00fcvenlik ve EmisyonFCC, CEOrtam\u2022 Operating Temperature: 0\u201370 \u00b0C (32\u2013158 \u00b0F)\u2022 Storage Temperature: -40\u201385 \u00b0C ( -40\u2013185 \u00b0F)\u2022 Operating Humidity: 10\u201390% RH, Non-Condensing\u2022 Storage Humidity: 5\u201390% RH, Non-CondensingDONANIM \u00d6ZELL\u0130KLER\u0130DDMYesSFP-MSAYesHot SwappableYesMEDYA D\u00d6N\u00dc\u015eT\u00dcR\u00dcC\u00dc &#038; MOD\u00dcLBoyutlar (W*D*H)2.7\u00d70.5\u00d70.5 in(67.4\u00d713.4\u00d713.8 mm)PAKET \u0130\u00c7ER\u0130\u011e\u0130Package Content\u2022 SM5110-LR\u2022 Installation Guide<\/p>\n","protected":false},"excerpt":{"rendered":"<p>TransceiverStandartlar ve ProtokollerIEEE 802.3ae, TCP\/IPDalga Boyu1310 nmG\u00fc\u00e7 Kayna\u011f\u01313.3VFiber Tipi9\/125um Single-ModeMaks. Kablo Uzunlu\u011fu10 kmVeri H\u0131z\u013110 GbpsPort TipiLC DuplexG\u00fcvenlik ve EmisyonFCC, CEOrtam\u2022 Operating Temperature: 0\u201370 \u00b0C (32\u2013158 \u00b0F)\u2022 Storage Temperature: -40\u201385 \u00b0C ( -40\u2013185 \u00b0F)\u2022 Operating Humidity: 10\u201390% RH, Non-Condensing\u2022 Storage Humidity: 5\u201390% RH, Non-CondensingDONANIM \u00d6ZELL\u0130KLER\u0130DDMYesSFP-MSAYesHot SwappableYesMEDYA D\u00d6N\u00dc\u015eT\u00dcR\u00dcC\u00dc &#038; MOD\u00dcLBoyutlar (W*D*H)2.7\u00d70.5\u00d70.5 in(67.4\u00d713.4\u00d713.8 mm)PAKET \u0130\u00c7ER\u0130\u011e\u0130Package Content\u2022 SM5110-LR\u2022 Installation&#8230;<\/p>\n","protected":false},"featured_media":130631,"comment_status":"open","ping_status":"closed","template":"","meta":{"_kad_post_transparent":"","_kad_post_title":"","_kad_post_layout":"","_kad_post_sidebar_id":"","_kad_post_content_style":"","_kad_post_vertical_padding":"","_kad_post_feature":"","_kad_post_feature_position":"","_kad_post_header":false,"_kad_post_footer":false,"_kad_post_classname":""},"product_brand":[],"product_cat":[15357],"product_tag":[],"class_list":{"0":"post-130632","1":"product","2":"type-product","3":"status-publish","4":"has-post-thumbnail","6":"product_cat-ethernet-switch-bilgisayar-tablet-elektronik-ethernet-switch","8":"first","9":"instock","10":"purchasable","11":"product-type-simple","12":"entry","13":"content-bg","14":"loop-entry"},"_links":{"self":[{"href":"https:\/\/www.hediyepazar.com\/index.php?rest_route=\/wp\/v2\/product\/130632","targetHints":{"allow":["GET"]}}],"collection":[{"href":"https:\/\/www.hediyepazar.com\/index.php?rest_route=\/wp\/v2\/product"}],"about":[{"href":"https:\/\/www.hediyepazar.com\/index.php?rest_route=\/wp\/v2\/types\/product"}],"replies":[{"embeddable":true,"href":"https:\/\/www.hediyepazar.com\/index.php?rest_route=%2Fwp%2Fv2%2Fcomments&post=130632"}],"wp:featuredmedia":[{"embeddable":true,"href":"https:\/\/www.hediyepazar.com\/index.php?rest_route=\/wp\/v2\/media\/130631"}],"wp:attachment":[{"href":"https:\/\/www.hediyepazar.com\/index.php?rest_route=%2Fwp%2Fv2%2Fmedia&parent=130632"}],"wp:term":[{"taxonomy":"product_brand","embeddable":true,"href":"https:\/\/www.hediyepazar.com\/index.php?rest_route=%2Fwp%2Fv2%2Fproduct_brand&post=130632"},{"taxonomy":"product_cat","embeddable":true,"href":"https:\/\/www.hediyepazar.com\/index.php?rest_route=%2Fwp%2Fv2%2Fproduct_cat&post=130632"},{"taxonomy":"product_tag","embeddable":true,"href":"https:\/\/www.hediyepazar.com\/index.php?rest_route=%2Fwp%2Fv2%2Fproduct_tag&post=130632"}],"curies":[{"name":"wp","href":"https:\/\/api.w.org\/{rel}","templated":true}]}}