{"id":130728,"date":"2026-05-07T08:40:25","date_gmt":"2026-05-07T11:40:25","guid":{"rendered":"https:\/\/www.hediyepazar.com\/?product=lk007-fotograf-makinesi-mor"},"modified":"2026-05-07T08:40:25","modified_gmt":"2026-05-07T11:40:25","slug":"lk007-fotograf-makinesi-mor","status":"publish","type":"product","link":"https:\/\/www.hediyepazar.com\/?product=lk007-fotograf-makinesi-mor","title":{"rendered":"LK007 FOTO\u011eRAF MAK\u0130NES\u0130 MOR"},"content":{"rendered":"<p>Profesyonel vlog kamera, i\u00e7erik \u00fcreticileri ve kaliteli \u00e7ekim yapmak isteyen kullan\u0131c\u0131lar i\u00e7in geli\u015ftirilmi\u015f y\u00fcksek performansl\u0131 bir cihazd\u0131r. 48 megapiksel foto\u011fraf \u00e7ekim \u00f6zelli\u011fi sayesinde son derece net ve detayl\u0131 g\u00f6r\u00fcnt\u00fcler elde edebilirsiniz. 4K video kay\u0131t \u00f6zelli\u011fi ile profesyonel kalitede videolar \u00e7ekebilir ve i\u00e7eriklerinizi bir \u00fcst seviyeye ta\u015f\u0131yabilirsiniz.Flip screen yani d\u00f6nebilir ekran \u00f6zelli\u011fi, vlog \u00e7ekimleri i\u00e7in b\u00fcy\u00fck kolayl\u0131k sa\u011flar. Kameray\u0131 kendinize \u00e7evirerek \u00e7ekim yapabilir ve \u043a\u0430\u0434raj\u0131n\u0131z\u0131 anl\u0131k olarak kontrol edebilirsiniz. Bu da \u00f6zellikle YouTube ve sosyal medya i\u00e7erik \u00fcreticileri i\u00e7in \u00f6nemli bir avantajd\u0131r.Autofocus sistemi, \u00e7ekim s\u0131ras\u0131nda h\u0131zl\u0131 ve do\u011fru netleme yaparak g\u00f6r\u00fcnt\u00fc kalitesini art\u0131r\u0131r. Hareketli sahnelerde bile netlik korunur. Dahili flash \u00f6zelli\u011fi ise d\u00fc\u015f\u00fck \u0131\u015f\u0131k ko\u015fullar\u0131nda \u00e7ekim yapmay\u0131 m\u00fcmk\u00fcn hale getirir.Kompakt ve hafif tasar\u0131m\u0131 sayesinde her yere kolayca ta\u015f\u0131nabilir. G\u00fcnl\u00fck kullan\u0131m, seyahat ve profesyonel \u00e7ekimler i\u00e7in uygundur. Ergonomik yap\u0131s\u0131 sayesinde uzun s\u00fcreli kullan\u0131mlarda bile konfor sa\u011flar.Dayan\u0131kl\u0131 malzeme yap\u0131s\u0131 sayesinde uzun \u00f6m\u00fcrl\u00fc kullan\u0131m sunar. Kullan\u0131c\u0131 dostu aray\u00fcz\u00fc ile kolay kullan\u0131m imkan\u0131 sa\u011flar.Bu kamera, hem amat\u00f6r hem de profesyonel kullan\u0131c\u0131lar i\u00e7in ideal bir \u00e7\u00f6z\u00fcmd\u00fcr. Y\u00fcksek performans\u0131, ta\u015f\u0131nabilirli\u011fi ve modern \u00f6zellikleri ile dikkat \u00e7eker.<\/p>\n","protected":false},"excerpt":{"rendered":"<p>Profesyonel vlog kamera, i\u00e7erik \u00fcreticileri ve kaliteli \u00e7ekim yapmak isteyen kullan\u0131c\u0131lar i\u00e7in geli\u015ftirilmi\u015f y\u00fcksek performansl\u0131 bir cihazd\u0131r. 48 megapiksel foto\u011fraf \u00e7ekim \u00f6zelli\u011fi sayesinde son derece net ve detayl\u0131 g\u00f6r\u00fcnt\u00fcler elde edebilirsiniz. 4K video kay\u0131t \u00f6zelli\u011fi ile profesyonel kalitede videolar \u00e7ekebilir ve i\u00e7eriklerinizi bir \u00fcst seviyeye ta\u015f\u0131yabilirsiniz.Flip screen yani d\u00f6nebilir ekran \u00f6zelli\u011fi, vlog \u00e7ekimleri i\u00e7in b\u00fcy\u00fck&#8230;<\/p>\n","protected":false},"featured_media":130727,"comment_status":"open","ping_status":"closed","template":"","meta":{"_kad_post_transparent":"","_kad_post_title":"","_kad_post_layout":"","_kad_post_sidebar_id":"","_kad_post_content_style":"","_kad_post_vertical_padding":"","_kad_post_feature":"","_kad_post_feature_position":"","_kad_post_header":false,"_kad_post_footer":false,"_kad_post_classname":""},"product_brand":[],"product_cat":[14987],"product_tag":[],"class_list":{"0":"post-130728","1":"product","2":"type-product","3":"status-publish","4":"has-post-thumbnail","6":"product_cat-cocuk-kamera-cocuk-kamera","8":"first","9":"instock","10":"purchasable","11":"product-type-simple","12":"entry","13":"content-bg","14":"loop-entry"},"_links":{"self":[{"href":"https:\/\/www.hediyepazar.com\/index.php?rest_route=\/wp\/v2\/product\/130728","targetHints":{"allow":["GET"]}}],"collection":[{"href":"https:\/\/www.hediyepazar.com\/index.php?rest_route=\/wp\/v2\/product"}],"about":[{"href":"https:\/\/www.hediyepazar.com\/index.php?rest_route=\/wp\/v2\/types\/product"}],"replies":[{"embeddable":true,"href":"https:\/\/www.hediyepazar.com\/index.php?rest_route=%2Fwp%2Fv2%2Fcomments&post=130728"}],"wp:featuredmedia":[{"embeddable":true,"href":"https:\/\/www.hediyepazar.com\/index.php?rest_route=\/wp\/v2\/media\/130727"}],"wp:attachment":[{"href":"https:\/\/www.hediyepazar.com\/index.php?rest_route=%2Fwp%2Fv2%2Fmedia&parent=130728"}],"wp:term":[{"taxonomy":"product_brand","embeddable":true,"href":"https:\/\/www.hediyepazar.com\/index.php?rest_route=%2Fwp%2Fv2%2Fproduct_brand&post=130728"},{"taxonomy":"product_cat","embeddable":true,"href":"https:\/\/www.hediyepazar.com\/index.php?rest_route=%2Fwp%2Fv2%2Fproduct_cat&post=130728"},{"taxonomy":"product_tag","embeddable":true,"href":"https:\/\/www.hediyepazar.com\/index.php?rest_route=%2Fwp%2Fv2%2Fproduct_tag&post=130728"}],"curies":[{"name":"wp","href":"https:\/\/api.w.org\/{rel}","templated":true}]}}