{"id":130736,"date":"2026-05-07T08:41:19","date_gmt":"2026-05-07T11:41:19","guid":{"rendered":"https:\/\/www.hediyepazar.com\/?product=vlog-kamera-4k-video-48-mp-otomatik-odakli-flip-ekranli"},"modified":"2026-05-07T08:41:19","modified_gmt":"2026-05-07T11:41:19","slug":"vlog-kamera-4k-video-48-mp-otomatik-odakli-flip-ekranli","status":"publish","type":"product","link":"https:\/\/www.hediyepazar.com\/?product=vlog-kamera-4k-video-48-mp-otomatik-odakli-flip-ekranli","title":{"rendered":"Vlog Kamera 4K Video 48 MP Otomatik Odakl\u0131 Flip Ekranl\u0131"},"content":{"rendered":"<p>Vlog kamera, i\u00e7erik \u00fcreticileri i\u00e7in \u00f6zel olarak geli\u015ftirilmi\u015f, y\u00fcksek performansl\u0131 ve kullan\u0131c\u0131 dostu bir cihazd\u0131r. 4K video \u00e7ekim \u00f6zelli\u011fi sayesinde profesyonel kalitede i\u00e7erikler olu\u015fturabilirsiniz. 48 megapiksel foto\u011fraf \u00e7\u00f6z\u00fcn\u00fcrl\u00fc\u011f\u00fc ile en ince detaylar\u0131 bile net bir \u015fekilde yakalayabilirsiniz.Flip ekran \u00f6zelli\u011fi, vlog \u00e7ekimlerinde b\u00fcy\u00fck kolayl\u0131k sa\u011flar. Kameray\u0131 kendinize \u00e7evirerek \u00e7ekim yapabilir ve \u043a\u0430\u0434raj\u0131n\u0131z\u0131 kontrol edebilirsiniz. Bu \u00f6zellik \u00f6zellikle YouTube, TikTok ve Instagram i\u00e7erikleri i\u00e7in b\u00fcy\u00fck avantaj sunar.Autofocus sistemi sayesinde netlik her zaman korunur. Hareketli \u00e7ekimlerde bile bulan\u0131kl\u0131k ya\u015fanmaz. Dahili flash \u00f6zelli\u011fi, d\u00fc\u015f\u00fck \u0131\u015f\u0131k ko\u015fullar\u0131nda \u00e7ekim yapman\u0131za imkan tan\u0131r.Hafif ve ta\u015f\u0131nabilir yap\u0131s\u0131 sayesinde her yere g\u00f6t\u00fcrebilirsiniz. G\u00fcnl\u00fck kullan\u0131m i\u00e7in idealdir.Modern tasar\u0131m\u0131 ve geli\u015fmi\u015f \u00f6zellikleri ile dikkat \u00e7eker.<\/p>\n","protected":false},"excerpt":{"rendered":"<p>Vlog kamera, i\u00e7erik \u00fcreticileri i\u00e7in \u00f6zel olarak geli\u015ftirilmi\u015f, y\u00fcksek performansl\u0131 ve kullan\u0131c\u0131 dostu bir cihazd\u0131r. 4K video \u00e7ekim \u00f6zelli\u011fi sayesinde profesyonel kalitede i\u00e7erikler olu\u015fturabilirsiniz. 48 megapiksel foto\u011fraf \u00e7\u00f6z\u00fcn\u00fcrl\u00fc\u011f\u00fc ile en ince detaylar\u0131 bile net bir \u015fekilde yakalayabilirsiniz.Flip ekran \u00f6zelli\u011fi, vlog \u00e7ekimlerinde b\u00fcy\u00fck kolayl\u0131k sa\u011flar. Kameray\u0131 kendinize \u00e7evirerek \u00e7ekim yapabilir ve \u043a\u0430\u0434raj\u0131n\u0131z\u0131 kontrol edebilirsiniz. Bu \u00f6zellik&#8230;<\/p>\n","protected":false},"featured_media":130735,"comment_status":"open","ping_status":"closed","template":"","meta":{"_kad_post_transparent":"","_kad_post_title":"","_kad_post_layout":"","_kad_post_sidebar_id":"","_kad_post_content_style":"","_kad_post_vertical_padding":"","_kad_post_feature":"","_kad_post_feature_position":"","_kad_post_header":false,"_kad_post_footer":false,"_kad_post_classname":""},"product_brand":[],"product_cat":[14987],"product_tag":[],"class_list":{"0":"post-130736","1":"product","2":"type-product","3":"status-publish","4":"has-post-thumbnail","6":"product_cat-cocuk-kamera-cocuk-kamera","8":"first","9":"instock","10":"purchasable","11":"product-type-simple","12":"entry","13":"content-bg","14":"loop-entry"},"_links":{"self":[{"href":"https:\/\/www.hediyepazar.com\/index.php?rest_route=\/wp\/v2\/product\/130736","targetHints":{"allow":["GET"]}}],"collection":[{"href":"https:\/\/www.hediyepazar.com\/index.php?rest_route=\/wp\/v2\/product"}],"about":[{"href":"https:\/\/www.hediyepazar.com\/index.php?rest_route=\/wp\/v2\/types\/product"}],"replies":[{"embeddable":true,"href":"https:\/\/www.hediyepazar.com\/index.php?rest_route=%2Fwp%2Fv2%2Fcomments&post=130736"}],"wp:featuredmedia":[{"embeddable":true,"href":"https:\/\/www.hediyepazar.com\/index.php?rest_route=\/wp\/v2\/media\/130735"}],"wp:attachment":[{"href":"https:\/\/www.hediyepazar.com\/index.php?rest_route=%2Fwp%2Fv2%2Fmedia&parent=130736"}],"wp:term":[{"taxonomy":"product_brand","embeddable":true,"href":"https:\/\/www.hediyepazar.com\/index.php?rest_route=%2Fwp%2Fv2%2Fproduct_brand&post=130736"},{"taxonomy":"product_cat","embeddable":true,"href":"https:\/\/www.hediyepazar.com\/index.php?rest_route=%2Fwp%2Fv2%2Fproduct_cat&post=130736"},{"taxonomy":"product_tag","embeddable":true,"href":"https:\/\/www.hediyepazar.com\/index.php?rest_route=%2Fwp%2Fv2%2Fproduct_tag&post=130736"}],"curies":[{"name":"wp","href":"https:\/\/api.w.org\/{rel}","templated":true}]}}