{"id":130744,"date":"2026-05-07T08:42:14","date_gmt":"2026-05-07T11:42:14","guid":{"rendered":"https:\/\/www.hediyepazar.com\/?product=dekoratif-sans-carkli-kumbara-para-biriktirme-oyunu"},"modified":"2026-05-07T08:42:14","modified_gmt":"2026-05-07T11:42:14","slug":"dekoratif-sans-carkli-kumbara-para-biriktirme-oyunu","status":"publish","type":"product","link":"https:\/\/www.hediyepazar.com\/?product=dekoratif-sans-carkli-kumbara-para-biriktirme-oyunu","title":{"rendered":"Dekoratif \u015eans \u00c7arkl\u0131 Kumbara Para Biriktirme Oyunu"},"content":{"rendered":"<p>Dekoratif \u015fans \u00e7arkl\u0131 kumbara, hem estetik hem de i\u015flevsel \u00f6zellikleri ile \u00f6ne \u00e7\u0131kan bir \u00fcr\u00fcnd\u00fcr. Para biriktirme al\u0131\u015fkanl\u0131\u011f\u0131n\u0131 e\u011flenceli hale getirerek kullan\u0131c\u0131ya farkl\u0131 bir deneyim sunar.\u015eans \u00e7ark\u0131 sayesinde her kullan\u0131mda farkl\u0131 bir sonu\u00e7 elde edilir. Bu da kullan\u0131c\u0131y\u0131 motive eder ve tasarruf s\u00fcrecini keyifli hale getirir.Geni\u015f i\u00e7 hacmi ve dayan\u0131kl\u0131 yap\u0131s\u0131 sayesinde uzun s\u00fcreli kullan\u0131m sunar.\u00c7ocuklar ve yeti\u015fkinler i\u00e7in uygundur. E\u011flenceli yap\u0131s\u0131 ile dikkat \u00e7eker.Modern tasar\u0131m\u0131 ile dekoratif bir \u00fcr\u00fcn olarak kullan\u0131labilir.<\/p>\n","protected":false},"excerpt":{"rendered":"<p>Dekoratif \u015fans \u00e7arkl\u0131 kumbara, hem estetik hem de i\u015flevsel \u00f6zellikleri ile \u00f6ne \u00e7\u0131kan bir \u00fcr\u00fcnd\u00fcr. Para biriktirme al\u0131\u015fkanl\u0131\u011f\u0131n\u0131 e\u011flenceli hale getirerek kullan\u0131c\u0131ya farkl\u0131 bir deneyim sunar.\u015eans \u00e7ark\u0131 sayesinde her kullan\u0131mda farkl\u0131 bir sonu\u00e7 elde edilir. Bu da kullan\u0131c\u0131y\u0131 motive eder ve tasarruf s\u00fcrecini keyifli hale getirir.Geni\u015f i\u00e7 hacmi ve dayan\u0131kl\u0131 yap\u0131s\u0131 sayesinde uzun s\u00fcreli kullan\u0131m&#8230;<\/p>\n","protected":false},"featured_media":130743,"comment_status":"open","ping_status":"closed","template":"","meta":{"_kad_post_transparent":"","_kad_post_title":"","_kad_post_layout":"","_kad_post_sidebar_id":"","_kad_post_content_style":"","_kad_post_vertical_padding":"","_kad_post_feature":"","_kad_post_feature_position":"","_kad_post_header":false,"_kad_post_footer":false,"_kad_post_classname":""},"product_brand":[],"product_cat":[15329],"product_tag":[],"class_list":{"0":"post-130744","1":"product","2":"type-product","3":"status-publish","4":"has-post-thumbnail","6":"product_cat-kumbara-hediyelik-urunler-hobi-eglence-kumbara","8":"first","9":"instock","10":"purchasable","11":"product-type-simple","12":"entry","13":"content-bg","14":"loop-entry"},"_links":{"self":[{"href":"https:\/\/www.hediyepazar.com\/index.php?rest_route=\/wp\/v2\/product\/130744","targetHints":{"allow":["GET"]}}],"collection":[{"href":"https:\/\/www.hediyepazar.com\/index.php?rest_route=\/wp\/v2\/product"}],"about":[{"href":"https:\/\/www.hediyepazar.com\/index.php?rest_route=\/wp\/v2\/types\/product"}],"replies":[{"embeddable":true,"href":"https:\/\/www.hediyepazar.com\/index.php?rest_route=%2Fwp%2Fv2%2Fcomments&post=130744"}],"wp:featuredmedia":[{"embeddable":true,"href":"https:\/\/www.hediyepazar.com\/index.php?rest_route=\/wp\/v2\/media\/130743"}],"wp:attachment":[{"href":"https:\/\/www.hediyepazar.com\/index.php?rest_route=%2Fwp%2Fv2%2Fmedia&parent=130744"}],"wp:term":[{"taxonomy":"product_brand","embeddable":true,"href":"https:\/\/www.hediyepazar.com\/index.php?rest_route=%2Fwp%2Fv2%2Fproduct_brand&post=130744"},{"taxonomy":"product_cat","embeddable":true,"href":"https:\/\/www.hediyepazar.com\/index.php?rest_route=%2Fwp%2Fv2%2Fproduct_cat&post=130744"},{"taxonomy":"product_tag","embeddable":true,"href":"https:\/\/www.hediyepazar.com\/index.php?rest_route=%2Fwp%2Fv2%2Fproduct_tag&post=130744"}],"curies":[{"name":"wp","href":"https:\/\/api.w.org\/{rel}","templated":true}]}}