{"id":130748,"date":"2026-05-07T08:42:26","date_gmt":"2026-05-07T11:42:26","guid":{"rendered":"https:\/\/www.hediyepazar.com\/?product=para-biriktirme-oyunu-kumbara-sans-carkli-eglenceli-tasarim"},"modified":"2026-05-07T08:42:26","modified_gmt":"2026-05-07T11:42:26","slug":"para-biriktirme-oyunu-kumbara-sans-carkli-eglenceli-tasarim","status":"publish","type":"product","link":"https:\/\/www.hediyepazar.com\/?product=para-biriktirme-oyunu-kumbara-sans-carkli-eglenceli-tasarim","title":{"rendered":"Para Biriktirme Oyunu Kumbara \u015eans \u00c7arkl\u0131 E\u011flenceli Tasar\u0131m"},"content":{"rendered":"<p>Para biriktirme oyunu kumbara, finansal al\u0131\u015fkanl\u0131klar\u0131 geli\u015ftirmek ve tasarrufu e\u011flenceli hale getirmek isteyen kullan\u0131c\u0131lar i\u00e7in \u00f6zel olarak tasarlanm\u0131\u015ft\u0131r. \u00dcr\u00fcn\u00fcn \u00f6n y\u00fcz\u00fcnde bulunan \u015fans \u00e7ark\u0131, her kullan\u0131mda farkl\u0131 bir sonu\u00e7 sunarak kullan\u0131c\u0131ya dinamik ve e\u011flenceli bir deneyim ya\u015fat\u0131r. Bu \u00f6zellik, para biriktirme s\u00fcrecini monotonluktan \u00e7\u0131kar\u0131r ve kullan\u0131c\u0131y\u0131 aktif olarak s\u00fcrece dahil eder.\u015eans \u00e7ark\u0131 sistemi, kullan\u0131c\u0131ya her d\u00f6n\u00fc\u015fte farkl\u0131 bir g\u00f6rev veya para miktar\u0131 sunar. Bu da tasarrufu bir zorunluluk olmaktan \u00e7\u0131kar\u0131p keyifli bir aktiviteye d\u00f6n\u00fc\u015ft\u00fcr\u00fcr. \u00d6zellikle d\u00fczenli birikim yapmakta zorlanan ki\u015filer i\u00e7in g\u00fc\u00e7l\u00fc bir motivasyon sa\u011flar. G\u00fcnl\u00fck hayat\u0131n stresinden uzakla\u015farak e\u011flenceli bir \u015fekilde tasarruf yapma imkan\u0131 sunar.Kumbara, geni\u015f i\u00e7 hacmi ile uzun s\u00fcreli kullan\u0131m i\u00e7in uygundur. \u00dcst k\u0131sm\u0131nda bulunan para giri\u015f b\u00f6lmesi sayesinde hem madeni hem de ka\u011f\u0131t paralar rahatl\u0131kla at\u0131labilir. Sa\u011flam yap\u0131s\u0131 sayesinde uzun s\u00fcreli kullan\u0131m sunar ve deformasyona kar\u015f\u0131 dayan\u0131kl\u0131d\u0131r.\u00c7ocuklar i\u00e7in e\u011fitici bir \u00fcr\u00fcn olan bu kumbara, erken ya\u015fta finansal bilin\u00e7 kazand\u0131rmak i\u00e7in olduk\u00e7a etkilidir. Ayn\u0131 zamanda yeti\u015fkinler i\u00e7in de keyifli bir tasarruf arac\u0131 olarak kullan\u0131labilir. Aile i\u00e7inde birlikte oynanabilecek bir aktiviteye d\u00f6n\u00fc\u015febilir.Estetik tasar\u0131m\u0131 sayesinde dekoratif bir \u00fcr\u00fcn olarak da kullan\u0131labilir. Ev ve ofis ortamlar\u0131na uyum sa\u011flar. Minimal ve modern g\u00f6r\u00fcn\u00fcm\u00fc ile dikkat \u00e7eker. Hem i\u015flevsel hem de g\u00f6rsel a\u00e7\u0131dan tatmin edici bir \u00fcr\u00fcnd\u00fcr.<\/p>\n","protected":false},"excerpt":{"rendered":"<p>Para biriktirme oyunu kumbara, finansal al\u0131\u015fkanl\u0131klar\u0131 geli\u015ftirmek ve tasarrufu e\u011flenceli hale getirmek isteyen kullan\u0131c\u0131lar i\u00e7in \u00f6zel olarak tasarlanm\u0131\u015ft\u0131r. \u00dcr\u00fcn\u00fcn \u00f6n y\u00fcz\u00fcnde bulunan \u015fans \u00e7ark\u0131, her kullan\u0131mda farkl\u0131 bir sonu\u00e7 sunarak kullan\u0131c\u0131ya dinamik ve e\u011flenceli bir deneyim ya\u015fat\u0131r. Bu \u00f6zellik, para biriktirme s\u00fcrecini monotonluktan \u00e7\u0131kar\u0131r ve kullan\u0131c\u0131y\u0131 aktif olarak s\u00fcrece dahil eder.\u015eans \u00e7ark\u0131 sistemi, kullan\u0131c\u0131ya her&#8230;<\/p>\n","protected":false},"featured_media":130747,"comment_status":"open","ping_status":"closed","template":"","meta":{"_kad_post_transparent":"","_kad_post_title":"","_kad_post_layout":"","_kad_post_sidebar_id":"","_kad_post_content_style":"","_kad_post_vertical_padding":"","_kad_post_feature":"","_kad_post_feature_position":"","_kad_post_header":false,"_kad_post_footer":false,"_kad_post_classname":""},"product_brand":[],"product_cat":[15329],"product_tag":[],"class_list":{"0":"post-130748","1":"product","2":"type-product","3":"status-publish","4":"has-post-thumbnail","6":"product_cat-kumbara-hediyelik-urunler-hobi-eglence-kumbara","8":"first","9":"instock","10":"purchasable","11":"product-type-simple","12":"entry","13":"content-bg","14":"loop-entry"},"_links":{"self":[{"href":"https:\/\/www.hediyepazar.com\/index.php?rest_route=\/wp\/v2\/product\/130748","targetHints":{"allow":["GET"]}}],"collection":[{"href":"https:\/\/www.hediyepazar.com\/index.php?rest_route=\/wp\/v2\/product"}],"about":[{"href":"https:\/\/www.hediyepazar.com\/index.php?rest_route=\/wp\/v2\/types\/product"}],"replies":[{"embeddable":true,"href":"https:\/\/www.hediyepazar.com\/index.php?rest_route=%2Fwp%2Fv2%2Fcomments&post=130748"}],"wp:featuredmedia":[{"embeddable":true,"href":"https:\/\/www.hediyepazar.com\/index.php?rest_route=\/wp\/v2\/media\/130747"}],"wp:attachment":[{"href":"https:\/\/www.hediyepazar.com\/index.php?rest_route=%2Fwp%2Fv2%2Fmedia&parent=130748"}],"wp:term":[{"taxonomy":"product_brand","embeddable":true,"href":"https:\/\/www.hediyepazar.com\/index.php?rest_route=%2Fwp%2Fv2%2Fproduct_brand&post=130748"},{"taxonomy":"product_cat","embeddable":true,"href":"https:\/\/www.hediyepazar.com\/index.php?rest_route=%2Fwp%2Fv2%2Fproduct_cat&post=130748"},{"taxonomy":"product_tag","embeddable":true,"href":"https:\/\/www.hediyepazar.com\/index.php?rest_route=%2Fwp%2Fv2%2Fproduct_tag&post=130748"}],"curies":[{"name":"wp","href":"https:\/\/api.w.org\/{rel}","templated":true}]}}