{"id":130750,"date":"2026-05-07T08:44:01","date_gmt":"2026-05-07T11:44:01","guid":{"rendered":"https:\/\/www.hediyepazar.com\/?product=eglenceli-para-biriktirme-kumbarasi-sans-carkli-tasarim"},"modified":"2026-05-07T08:44:01","modified_gmt":"2026-05-07T11:44:01","slug":"eglenceli-para-biriktirme-kumbarasi-sans-carkli-tasarim","status":"publish","type":"product","link":"https:\/\/www.hediyepazar.com\/?product=eglenceli-para-biriktirme-kumbarasi-sans-carkli-tasarim","title":{"rendered":"E\u011flenceli Para Biriktirme Kumbaras\u0131 \u015eans \u00c7arkl\u0131 Tasar\u0131m"},"content":{"rendered":"<p>E\u011flenceli para biriktirme kumbaras\u0131, tasarrufu g\u00fcnl\u00fck hayat\u0131n keyifli bir par\u00e7as\u0131 haline getirmek i\u00e7in tasarlanm\u0131\u015ft\u0131r. \u00dczerinde bulunan \u015fans \u00e7ark\u0131 sayesinde kullan\u0131c\u0131ya her kullan\u0131mda farkl\u0131 bir g\u00f6rev veya miktar sunar. Bu \u00f6zellik, para biriktirme s\u00fcrecine heyecan ve s\u00fcrpriz katar. \u00d6zellikle d\u00fczenli birikim yapmakta zorlanan ki\u015filer i\u00e7in olduk\u00e7a etkili bir y\u00f6ntem sunar.\u00c7ark \u00fczerinde yer alan farkl\u0131 de\u011ferler ve e\u011flenceli ifadeler, kullan\u0131c\u0131y\u0131 s\u00fcrekli olarak motive eder. Her d\u00f6n\u00fc\u015fte yeni bir sonu\u00e7 elde edilir ve bu da s\u00fcreci monotonluktan uzakla\u015ft\u0131r\u0131r. \u00dcr\u00fcn, yaln\u0131zca bir kumbara de\u011fil ayn\u0131 zamanda bir oyun ve motivasyon arac\u0131d\u0131r.Geni\u015f i\u00e7 hacmi sayesinde uzun s\u00fcreli birikim yapma imkan\u0131 sunar. \u00dcst k\u0131sm\u0131ndaki para giri\u015f alan\u0131 hem bozuk hem de ka\u011f\u0131t paralar i\u00e7in uygundur. Sa\u011flam ve kaliteli malzeme yap\u0131s\u0131 sayesinde dayan\u0131kl\u0131d\u0131r ve uzun s\u00fcre kullan\u0131labilir.Aile i\u00e7inde kullan\u0131labilecek \u015fekilde tasarlanm\u0131\u015f olan bu kumbara, \u00e7ocuklara para biriktirme al\u0131\u015fkanl\u0131\u011f\u0131 kazand\u0131rmak i\u00e7in de idealdir. E\u011flenceli yap\u0131s\u0131 sayesinde \u00e7ocuklar\u0131n ilgisini \u00e7eker ve tasarrufu oyun haline getirir. Ayn\u0131 zamanda yeti\u015fkinler i\u00e7in de motivasyon kayna\u011f\u0131 olur.Modern ve dekoratif tasar\u0131m\u0131 sayesinde bulundu\u011fu ortama \u015f\u0131kl\u0131k katar. Masa, raf veya \u00e7al\u0131\u015fma alanlar\u0131nda rahatl\u0131kla kullan\u0131labilir. Hem i\u015flevsel hem de estetik bir \u00fcr\u00fcn arayanlar i\u00e7in m\u00fckemmel bir tercihtir.<\/p>\n","protected":false},"excerpt":{"rendered":"<p>E\u011flenceli para biriktirme kumbaras\u0131, tasarrufu g\u00fcnl\u00fck hayat\u0131n keyifli bir par\u00e7as\u0131 haline getirmek i\u00e7in tasarlanm\u0131\u015ft\u0131r. \u00dczerinde bulunan \u015fans \u00e7ark\u0131 sayesinde kullan\u0131c\u0131ya her kullan\u0131mda farkl\u0131 bir g\u00f6rev veya miktar sunar. Bu \u00f6zellik, para biriktirme s\u00fcrecine heyecan ve s\u00fcrpriz katar. \u00d6zellikle d\u00fczenli birikim yapmakta zorlanan ki\u015filer i\u00e7in olduk\u00e7a etkili bir y\u00f6ntem sunar.\u00c7ark \u00fczerinde yer alan farkl\u0131 de\u011ferler ve&#8230;<\/p>\n","protected":false},"featured_media":130749,"comment_status":"open","ping_status":"closed","template":"","meta":{"_kad_post_transparent":"","_kad_post_title":"","_kad_post_layout":"","_kad_post_sidebar_id":"","_kad_post_content_style":"","_kad_post_vertical_padding":"","_kad_post_feature":"","_kad_post_feature_position":"","_kad_post_header":false,"_kad_post_footer":false,"_kad_post_classname":""},"product_brand":[],"product_cat":[15329],"product_tag":[],"class_list":{"0":"post-130750","1":"product","2":"type-product","3":"status-publish","4":"has-post-thumbnail","6":"product_cat-kumbara-hediyelik-urunler-hobi-eglence-kumbara","8":"first","9":"instock","10":"purchasable","11":"product-type-simple","12":"entry","13":"content-bg","14":"loop-entry"},"_links":{"self":[{"href":"https:\/\/www.hediyepazar.com\/index.php?rest_route=\/wp\/v2\/product\/130750","targetHints":{"allow":["GET"]}}],"collection":[{"href":"https:\/\/www.hediyepazar.com\/index.php?rest_route=\/wp\/v2\/product"}],"about":[{"href":"https:\/\/www.hediyepazar.com\/index.php?rest_route=\/wp\/v2\/types\/product"}],"replies":[{"embeddable":true,"href":"https:\/\/www.hediyepazar.com\/index.php?rest_route=%2Fwp%2Fv2%2Fcomments&post=130750"}],"wp:featuredmedia":[{"embeddable":true,"href":"https:\/\/www.hediyepazar.com\/index.php?rest_route=\/wp\/v2\/media\/130749"}],"wp:attachment":[{"href":"https:\/\/www.hediyepazar.com\/index.php?rest_route=%2Fwp%2Fv2%2Fmedia&parent=130750"}],"wp:term":[{"taxonomy":"product_brand","embeddable":true,"href":"https:\/\/www.hediyepazar.com\/index.php?rest_route=%2Fwp%2Fv2%2Fproduct_brand&post=130750"},{"taxonomy":"product_cat","embeddable":true,"href":"https:\/\/www.hediyepazar.com\/index.php?rest_route=%2Fwp%2Fv2%2Fproduct_cat&post=130750"},{"taxonomy":"product_tag","embeddable":true,"href":"https:\/\/www.hediyepazar.com\/index.php?rest_route=%2Fwp%2Fv2%2Fproduct_tag&post=130750"}],"curies":[{"name":"wp","href":"https:\/\/api.w.org\/{rel}","templated":true}]}}