{"id":130758,"date":"2026-05-07T08:44:26","date_gmt":"2026-05-07T11:44:26","guid":{"rendered":"https:\/\/www.hediyepazar.com\/?product=cift-dispenserli-dis-macunu-sikacagi-6-fircalik-bardakli-banyo-organizer"},"modified":"2026-05-07T08:44:26","modified_gmt":"2026-05-07T11:44:26","slug":"cift-dispenserli-dis-macunu-sikacagi-6-fircalik-bardakli-banyo-organizer","status":"publish","type":"product","link":"https:\/\/www.hediyepazar.com\/?product=cift-dispenserli-dis-macunu-sikacagi-6-fircalik-bardakli-banyo-organizer","title":{"rendered":"\u00c7ift Dispenserli Di\u015f Macunu S\u0131kaca\u011f\u0131 6 F\u0131r\u00e7al\u0131k Bardakl\u0131 Banyo Organizer"},"content":{"rendered":"<p>\u00c7ift dispenserli di\u015f macunu s\u0131kaca\u011f\u0131, banyonuzda d\u00fczeni sa\u011flamak ve g\u00fcnl\u00fck bak\u0131m rutininizi kolayla\u015ft\u0131rmak i\u00e7in tasarlanm\u0131\u015ft\u0131r. \u0130ki farkl\u0131 di\u015f macununu ayn\u0131 anda kullanabilme imkan\u0131 sunarak kullan\u0131c\u0131ya esneklik sa\u011flar. Otomatik s\u0131kma sistemi sayesinde her kullan\u0131mda ideal miktarda di\u015f macunu elde edilir ve israf\u0131n \u00f6n\u00fcne ge\u00e7ilir.\u00dcr\u00fcn\u00fcn sahip oldu\u011fu 6 di\u015f f\u0131r\u00e7as\u0131 yuvas\u0131, hem yeti\u015fkinler hem de \u00e7ocuklar i\u00e7in uygun \u015fekilde tasarlanm\u0131\u015ft\u0131r. Elektrikli ve manuel di\u015f f\u0131r\u00e7alar\u0131 ile uyumludur. Ters \u00e7evrilmi\u015f manyetik bardak sistemi sayesinde bardaklar hijyenik bir \u015fekilde saklan\u0131r ve su birikmesi engellenir.Geni\u015f depolama alan\u0131 sunan raf ve \u00e7ekmece b\u00f6lmesi, banyo aksesuarlar\u0131n\u0131z\u0131 d\u00fczenli bir \u015fekilde saklaman\u0131z\u0131 sa\u011flar. Tarak, jilet, krem ve di\u011fer ki\u015fisel bak\u0131m \u00fcr\u00fcnleri i\u00e7in ideal bir alan sunar.Dayan\u0131kl\u0131 ve \u00e7evre dostu ABS malzeme ile \u00fcretilmi\u015f olan \u00fcr\u00fcn, uzun s\u00fcreli kullan\u0131m sa\u011flar. Kolay temizlenebilir yap\u0131s\u0131 sayesinde hijyenik bir kullan\u0131m sunar. Duvara monte edilebilen tasar\u0131m\u0131 sayesinde yerden tasarruf sa\u011flar ve banyonuzda daha fazla alan yarat\u0131r.Hem fonksiyonel hem de estetik yap\u0131s\u0131 ile dikkat \u00e7eken bu \u00fcr\u00fcn, modern banyolar i\u00e7in ideal bir \u00e7\u00f6z\u00fcmd\u00fcr.<\/p>\n","protected":false},"excerpt":{"rendered":"<p>\u00c7ift dispenserli di\u015f macunu s\u0131kaca\u011f\u0131, banyonuzda d\u00fczeni sa\u011flamak ve g\u00fcnl\u00fck bak\u0131m rutininizi kolayla\u015ft\u0131rmak i\u00e7in tasarlanm\u0131\u015ft\u0131r. \u0130ki farkl\u0131 di\u015f macununu ayn\u0131 anda kullanabilme imkan\u0131 sunarak kullan\u0131c\u0131ya esneklik sa\u011flar. Otomatik s\u0131kma sistemi sayesinde her kullan\u0131mda ideal miktarda di\u015f macunu elde edilir ve israf\u0131n \u00f6n\u00fcne ge\u00e7ilir.\u00dcr\u00fcn\u00fcn sahip oldu\u011fu 6 di\u015f f\u0131r\u00e7as\u0131 yuvas\u0131, hem yeti\u015fkinler hem de \u00e7ocuklar i\u00e7in&#8230;<\/p>\n","protected":false},"featured_media":130757,"comment_status":"open","ping_status":"closed","template":"","meta":{"_kad_post_transparent":"","_kad_post_title":"","_kad_post_layout":"","_kad_post_sidebar_id":"","_kad_post_content_style":"","_kad_post_vertical_padding":"","_kad_post_feature":"","_kad_post_feature_position":"","_kad_post_header":false,"_kad_post_footer":false,"_kad_post_classname":""},"product_brand":[],"product_cat":[15292],"product_tag":[],"class_list":{"0":"post-130758","1":"product","2":"type-product","3":"status-publish","4":"has-post-thumbnail","6":"product_cat-dis-fircasi-tutucu-dis-fircasi-tutucu","8":"first","9":"instock","10":"purchasable","11":"product-type-simple","12":"entry","13":"content-bg","14":"loop-entry"},"_links":{"self":[{"href":"https:\/\/www.hediyepazar.com\/index.php?rest_route=\/wp\/v2\/product\/130758","targetHints":{"allow":["GET"]}}],"collection":[{"href":"https:\/\/www.hediyepazar.com\/index.php?rest_route=\/wp\/v2\/product"}],"about":[{"href":"https:\/\/www.hediyepazar.com\/index.php?rest_route=\/wp\/v2\/types\/product"}],"replies":[{"embeddable":true,"href":"https:\/\/www.hediyepazar.com\/index.php?rest_route=%2Fwp%2Fv2%2Fcomments&post=130758"}],"wp:featuredmedia":[{"embeddable":true,"href":"https:\/\/www.hediyepazar.com\/index.php?rest_route=\/wp\/v2\/media\/130757"}],"wp:attachment":[{"href":"https:\/\/www.hediyepazar.com\/index.php?rest_route=%2Fwp%2Fv2%2Fmedia&parent=130758"}],"wp:term":[{"taxonomy":"product_brand","embeddable":true,"href":"https:\/\/www.hediyepazar.com\/index.php?rest_route=%2Fwp%2Fv2%2Fproduct_brand&post=130758"},{"taxonomy":"product_cat","embeddable":true,"href":"https:\/\/www.hediyepazar.com\/index.php?rest_route=%2Fwp%2Fv2%2Fproduct_cat&post=130758"},{"taxonomy":"product_tag","embeddable":true,"href":"https:\/\/www.hediyepazar.com\/index.php?rest_route=%2Fwp%2Fv2%2Fproduct_tag&post=130758"}],"curies":[{"name":"wp","href":"https:\/\/api.w.org\/{rel}","templated":true}]}}