{"id":130776,"date":"2026-05-07T08:47:04","date_gmt":"2026-05-07T11:47:04","guid":{"rendered":"https:\/\/www.hediyepazar.com\/?product=3d-kaktus-saksisi-modern-cok-bolmeli-dekoratif-tasarim"},"modified":"2026-05-07T08:47:04","modified_gmt":"2026-05-07T11:47:04","slug":"3d-kaktus-saksisi-modern-cok-bolmeli-dekoratif-tasarim","status":"publish","type":"product","link":"https:\/\/www.hediyepazar.com\/?product=3d-kaktus-saksisi-modern-cok-bolmeli-dekoratif-tasarim","title":{"rendered":"3D Kakt\u00fcs Saks\u0131s\u0131 Modern \u00c7ok B\u00f6lmeli Dekoratif Tasar\u0131m"},"content":{"rendered":"<p>Modern ve dikkat \u00e7ekici tasar\u0131m\u0131yla \u00f6ne \u00e7\u0131kan 3D kakt\u00fcs saks\u0131s\u0131, ya\u015fam alanlar\u0131n\u0131za estetik bir dokunu\u015f katmak i\u00e7in \u00f6zel olarak tasarlanm\u0131\u015ft\u0131r. \u00c7ok b\u00f6lmeli yap\u0131s\u0131 sayesinde birden fazla bitkiyi ayn\u0131 anda sergileme imkan\u0131 sunar. \u00d6zellikle kakt\u00fcs ve sukulent gibi k\u00fc\u00e7\u00fck bitkiler i\u00e7in ideal kullan\u0131m sa\u011flar. Dayan\u0131kl\u0131 malzemeden \u00fcretilmi\u015f olup uzun \u00f6m\u00fcrl\u00fc kullan\u0131m sunar. Katmanl\u0131 mimari yap\u0131s\u0131 ve merdiven detaylar\u0131 sayesinde klasik saks\u0131lardan farkl\u0131, dekoratif bir g\u00f6r\u00fcn\u00fcm elde edersiniz. Ev, ofis, \u00e7al\u0131\u015fma masas\u0131 veya raf dekorasyonlar\u0131nda rahatl\u0131kla kullan\u0131labilir. Minimal ve modern tasar\u0131m\u0131 sayesinde bulundu\u011fu ortama \u015f\u0131k bir hava katar. Bitki severler i\u00e7in hem kullan\u0131\u015fl\u0131 hem de estetik bir se\u00e7enektir.<\/p>\n","protected":false},"excerpt":{"rendered":"<p>Modern ve dikkat \u00e7ekici tasar\u0131m\u0131yla \u00f6ne \u00e7\u0131kan 3D kakt\u00fcs saks\u0131s\u0131, ya\u015fam alanlar\u0131n\u0131za estetik bir dokunu\u015f katmak i\u00e7in \u00f6zel olarak tasarlanm\u0131\u015ft\u0131r. \u00c7ok b\u00f6lmeli yap\u0131s\u0131 sayesinde birden fazla bitkiyi ayn\u0131 anda sergileme imkan\u0131 sunar. \u00d6zellikle kakt\u00fcs ve sukulent gibi k\u00fc\u00e7\u00fck bitkiler i\u00e7in ideal kullan\u0131m sa\u011flar. Dayan\u0131kl\u0131 malzemeden \u00fcretilmi\u015f olup uzun \u00f6m\u00fcrl\u00fc kullan\u0131m sunar. Katmanl\u0131 mimari yap\u0131s\u0131 ve&#8230;<\/p>\n","protected":false},"featured_media":130775,"comment_status":"open","ping_status":"closed","template":"","meta":{"_kad_post_transparent":"","_kad_post_title":"","_kad_post_layout":"","_kad_post_sidebar_id":"","_kad_post_content_style":"","_kad_post_vertical_padding":"","_kad_post_feature":"","_kad_post_feature_position":"","_kad_post_header":false,"_kad_post_footer":false,"_kad_post_classname":""},"product_brand":[],"product_cat":[14940],"product_tag":[],"class_list":{"0":"post-130776","1":"product","2":"type-product","3":"status-publish","4":"has-post-thumbnail","6":"product_cat-dekoratif-obje-biblo-dekoratif-obje-biblo","8":"first","9":"instock","10":"purchasable","11":"product-type-simple","12":"entry","13":"content-bg","14":"loop-entry"},"_links":{"self":[{"href":"https:\/\/www.hediyepazar.com\/index.php?rest_route=\/wp\/v2\/product\/130776","targetHints":{"allow":["GET"]}}],"collection":[{"href":"https:\/\/www.hediyepazar.com\/index.php?rest_route=\/wp\/v2\/product"}],"about":[{"href":"https:\/\/www.hediyepazar.com\/index.php?rest_route=\/wp\/v2\/types\/product"}],"replies":[{"embeddable":true,"href":"https:\/\/www.hediyepazar.com\/index.php?rest_route=%2Fwp%2Fv2%2Fcomments&post=130776"}],"wp:featuredmedia":[{"embeddable":true,"href":"https:\/\/www.hediyepazar.com\/index.php?rest_route=\/wp\/v2\/media\/130775"}],"wp:attachment":[{"href":"https:\/\/www.hediyepazar.com\/index.php?rest_route=%2Fwp%2Fv2%2Fmedia&parent=130776"}],"wp:term":[{"taxonomy":"product_brand","embeddable":true,"href":"https:\/\/www.hediyepazar.com\/index.php?rest_route=%2Fwp%2Fv2%2Fproduct_brand&post=130776"},{"taxonomy":"product_cat","embeddable":true,"href":"https:\/\/www.hediyepazar.com\/index.php?rest_route=%2Fwp%2Fv2%2Fproduct_cat&post=130776"},{"taxonomy":"product_tag","embeddable":true,"href":"https:\/\/www.hediyepazar.com\/index.php?rest_route=%2Fwp%2Fv2%2Fproduct_tag&post=130776"}],"curies":[{"name":"wp","href":"https:\/\/api.w.org\/{rel}","templated":true}]}}