{"id":130812,"date":"2026-05-07T08:52:08","date_gmt":"2026-05-07T11:52:08","guid":{"rendered":"https:\/\/www.hediyepazar.com\/?product=360-derece-katlanabilir-solar-led-aydinlatma-cadir-lambasi"},"modified":"2026-05-07T08:52:08","modified_gmt":"2026-05-07T11:52:08","slug":"360-derece-katlanabilir-solar-led-aydinlatma-cadir-lambasi","status":"publish","type":"product","link":"https:\/\/www.hediyepazar.com\/?product=360-derece-katlanabilir-solar-led-aydinlatma-cadir-lambasi","title":{"rendered":"360 Derece Katlanabilir Solar LED Ayd\u0131nlatma \u00c7ad\u0131r Lambas\u0131"},"content":{"rendered":"<p>Bu \u00e7ok y\u00f6nl\u00fc kamp lambas\u0131,5 farkl\u0131 ayd\u0131nlatma moduna sahiptir. Katlanabilir LED panelleri 90 dereceye kadar a\u00e7\u0131labilir ve 360 derece \u0131\u015f\u0131k yay\u0131l\u0131m\u0131 sa\u011flar. G\u00fcne\u015f paneli sayesinde d\u0131\u015f mekanlarda kolay \u015farj edilebilirken, USB giri\u015fi ile de elektrikli \u015farj imkan\u0131 sunar.Y\u00fcksek kapasiteli lityum iyon bataryas\u0131 ile uzun s\u00fcreli ayd\u0131nlatma sa\u011flar. Su s\u0131\u00e7ramalar\u0131na kar\u015f\u0131 IPX4 korumas\u0131 bulunan cihaz, ya\u011fmurlu ya da nemli ortamlarda g\u00fcvenli \u015fekilde kullan\u0131labilir. As\u0131labilir kancas\u0131 sayesinde \u00e7ad\u0131rlara, tavanlara veya dallara kolayca monte edilebilir. Kamp, gece bal\u0131k\u00e7\u0131l\u0131\u011f\u0131, piknik ve elektrik kesintilerinde pratik bir \u00e7\u00f6z\u00fcmd\u00fcr.<\/p>\n","protected":false},"excerpt":{"rendered":"<p>Bu \u00e7ok y\u00f6nl\u00fc kamp lambas\u0131,5 farkl\u0131 ayd\u0131nlatma moduna sahiptir. Katlanabilir LED panelleri 90 dereceye kadar a\u00e7\u0131labilir ve 360 derece \u0131\u015f\u0131k yay\u0131l\u0131m\u0131 sa\u011flar. G\u00fcne\u015f paneli sayesinde d\u0131\u015f mekanlarda kolay \u015farj edilebilirken, USB giri\u015fi ile de elektrikli \u015farj imkan\u0131 sunar.Y\u00fcksek kapasiteli lityum iyon bataryas\u0131 ile uzun s\u00fcreli ayd\u0131nlatma sa\u011flar. Su s\u0131\u00e7ramalar\u0131na kar\u015f\u0131 IPX4 korumas\u0131 bulunan cihaz, ya\u011fmurlu&#8230;<\/p>\n","protected":false},"featured_media":130811,"comment_status":"open","ping_status":"closed","template":"","meta":{"_kad_post_transparent":"","_kad_post_title":"","_kad_post_layout":"","_kad_post_sidebar_id":"","_kad_post_content_style":"","_kad_post_vertical_padding":"","_kad_post_feature":"","_kad_post_feature_position":"","_kad_post_header":false,"_kad_post_footer":false,"_kad_post_classname":""},"product_brand":[],"product_cat":[14977],"product_tag":[],"class_list":{"0":"post-130812","1":"product","2":"type-product","3":"status-publish","4":"has-post-thumbnail","6":"product_cat-kamp-lambasi-kamp-lambasi","8":"first","9":"instock","10":"purchasable","11":"product-type-simple","12":"entry","13":"content-bg","14":"loop-entry"},"_links":{"self":[{"href":"https:\/\/www.hediyepazar.com\/index.php?rest_route=\/wp\/v2\/product\/130812","targetHints":{"allow":["GET"]}}],"collection":[{"href":"https:\/\/www.hediyepazar.com\/index.php?rest_route=\/wp\/v2\/product"}],"about":[{"href":"https:\/\/www.hediyepazar.com\/index.php?rest_route=\/wp\/v2\/types\/product"}],"replies":[{"embeddable":true,"href":"https:\/\/www.hediyepazar.com\/index.php?rest_route=%2Fwp%2Fv2%2Fcomments&post=130812"}],"wp:featuredmedia":[{"embeddable":true,"href":"https:\/\/www.hediyepazar.com\/index.php?rest_route=\/wp\/v2\/media\/130811"}],"wp:attachment":[{"href":"https:\/\/www.hediyepazar.com\/index.php?rest_route=%2Fwp%2Fv2%2Fmedia&parent=130812"}],"wp:term":[{"taxonomy":"product_brand","embeddable":true,"href":"https:\/\/www.hediyepazar.com\/index.php?rest_route=%2Fwp%2Fv2%2Fproduct_brand&post=130812"},{"taxonomy":"product_cat","embeddable":true,"href":"https:\/\/www.hediyepazar.com\/index.php?rest_route=%2Fwp%2Fv2%2Fproduct_cat&post=130812"},{"taxonomy":"product_tag","embeddable":true,"href":"https:\/\/www.hediyepazar.com\/index.php?rest_route=%2Fwp%2Fv2%2Fproduct_tag&post=130812"}],"curies":[{"name":"wp","href":"https:\/\/api.w.org\/{rel}","templated":true}]}}