{"id":130834,"date":"2026-05-07T08:53:59","date_gmt":"2026-05-07T11:53:59","guid":{"rendered":"https:\/\/www.hediyepazar.com\/?product=tasinabilir-kas-alma-makinesi-elektrikli-yuz-tuyu-duzeltici-hassas-kesim"},"modified":"2026-05-07T08:53:59","modified_gmt":"2026-05-07T11:53:59","slug":"tasinabilir-kas-alma-makinesi-elektrikli-yuz-tuyu-duzeltici-hassas-kesim","status":"publish","type":"product","link":"https:\/\/www.hediyepazar.com\/?product=tasinabilir-kas-alma-makinesi-elektrikli-yuz-tuyu-duzeltici-hassas-kesim","title":{"rendered":"Ta\u015f\u0131nabilir Ka\u015f Alma Makinesi Elektrikli Y\u00fcz T\u00fcy\u00fc D\u00fczeltici Hassas Kesim"},"content":{"rendered":"<p>Ta\u015f\u0131nabilir ka\u015f alma makinesi, h\u0131zl\u0131 bak\u0131m yapmak isteyen kullan\u0131c\u0131lar i\u00e7in tasarlanm\u0131\u015f hafif ve kullan\u0131\u015fl\u0131 bir \u00fcr\u00fcnd\u00fcr. Ka\u015f \u015fekillendirme i\u015flemlerinde hassas kesim sunarken y\u00fcz b\u00f6lgesindeki ince t\u00fcylerde de etkili sonu\u00e7 verir.Kompakt yap\u0131s\u0131 sayesinde \u00e7anta i\u00e7inde rahat ta\u015f\u0131n\u0131r. Seyahatlerde ve g\u00fcnl\u00fck kullan\u0131mda b\u00fcy\u00fck kolayl\u0131k sa\u011flar.\u00dcst dudak, \u00e7ene, boyun ve yanak b\u00f6lgelerinde kullan\u0131labilir. \u00c7ok ama\u00e7l\u0131 kullan\u0131m avantaj\u0131 sunar.Cildi \u00e7ekmeden \u00e7al\u0131\u015fan keskin b\u0131\u00e7ak yap\u0131s\u0131 sayesinde konforlu kullan\u0131m sa\u011flar.AAA pil ile \u00e7al\u0131\u015f\u0131r ve kablosuz kullan\u0131m sunar.<\/p>\n","protected":false},"excerpt":{"rendered":"<p>Ta\u015f\u0131nabilir ka\u015f alma makinesi, h\u0131zl\u0131 bak\u0131m yapmak isteyen kullan\u0131c\u0131lar i\u00e7in tasarlanm\u0131\u015f hafif ve kullan\u0131\u015fl\u0131 bir \u00fcr\u00fcnd\u00fcr. Ka\u015f \u015fekillendirme i\u015flemlerinde hassas kesim sunarken y\u00fcz b\u00f6lgesindeki ince t\u00fcylerde de etkili sonu\u00e7 verir.Kompakt yap\u0131s\u0131 sayesinde \u00e7anta i\u00e7inde rahat ta\u015f\u0131n\u0131r. Seyahatlerde ve g\u00fcnl\u00fck kullan\u0131mda b\u00fcy\u00fck kolayl\u0131k sa\u011flar.\u00dcst dudak, \u00e7ene, boyun ve yanak b\u00f6lgelerinde kullan\u0131labilir. \u00c7ok ama\u00e7l\u0131 kullan\u0131m avantaj\u0131 sunar.Cildi&#8230;<\/p>\n","protected":false},"featured_media":130833,"comment_status":"open","ping_status":"closed","template":"","meta":{"_kad_post_transparent":"","_kad_post_title":"","_kad_post_layout":"","_kad_post_sidebar_id":"","_kad_post_content_style":"","_kad_post_vertical_padding":"","_kad_post_feature":"","_kad_post_feature_position":"","_kad_post_header":false,"_kad_post_footer":false,"_kad_post_classname":""},"product_brand":[],"product_cat":[14919],"product_tag":[],"class_list":{"0":"post-130834","1":"product","2":"type-product","3":"status-publish","4":"has-post-thumbnail","6":"product_cat-epilator-epilator","8":"first","9":"instock","10":"purchasable","11":"product-type-simple","12":"entry","13":"content-bg","14":"loop-entry"},"_links":{"self":[{"href":"https:\/\/www.hediyepazar.com\/index.php?rest_route=\/wp\/v2\/product\/130834","targetHints":{"allow":["GET"]}}],"collection":[{"href":"https:\/\/www.hediyepazar.com\/index.php?rest_route=\/wp\/v2\/product"}],"about":[{"href":"https:\/\/www.hediyepazar.com\/index.php?rest_route=\/wp\/v2\/types\/product"}],"replies":[{"embeddable":true,"href":"https:\/\/www.hediyepazar.com\/index.php?rest_route=%2Fwp%2Fv2%2Fcomments&post=130834"}],"wp:featuredmedia":[{"embeddable":true,"href":"https:\/\/www.hediyepazar.com\/index.php?rest_route=\/wp\/v2\/media\/130833"}],"wp:attachment":[{"href":"https:\/\/www.hediyepazar.com\/index.php?rest_route=%2Fwp%2Fv2%2Fmedia&parent=130834"}],"wp:term":[{"taxonomy":"product_brand","embeddable":true,"href":"https:\/\/www.hediyepazar.com\/index.php?rest_route=%2Fwp%2Fv2%2Fproduct_brand&post=130834"},{"taxonomy":"product_cat","embeddable":true,"href":"https:\/\/www.hediyepazar.com\/index.php?rest_route=%2Fwp%2Fv2%2Fproduct_cat&post=130834"},{"taxonomy":"product_tag","embeddable":true,"href":"https:\/\/www.hediyepazar.com\/index.php?rest_route=%2Fwp%2Fv2%2Fproduct_tag&post=130834"}],"curies":[{"name":"wp","href":"https:\/\/api.w.org\/{rel}","templated":true}]}}