{"id":130868,"date":"2026-05-07T08:59:08","date_gmt":"2026-05-07T11:59:08","guid":{"rendered":"https:\/\/www.hediyepazar.com\/?product=36-saat-kullanim-bluetooth-kulaklik-gurultu-engelleme-spor-kulaklik"},"modified":"2026-05-07T08:59:08","modified_gmt":"2026-05-07T11:59:08","slug":"36-saat-kullanim-bluetooth-kulaklik-gurultu-engelleme-spor-kulaklik","status":"publish","type":"product","link":"https:\/\/www.hediyepazar.com\/?product=36-saat-kullanim-bluetooth-kulaklik-gurultu-engelleme-spor-kulaklik","title":{"rendered":"36 Saat Kullan\u0131m Bluetooth Kulakl\u0131k G\u00fcr\u00fclt\u00fc Engelleme Spor Kulakl\u0131k"},"content":{"rendered":"<p>36 saat pil \u00f6mr\u00fcne sahip Bluetooth kulakl\u0131k, aktif ya\u015fam tarz\u0131na uygun olarak tasarlanm\u0131\u015f modern bir modeldir. G\u00fcnl\u00fck kullan\u0131mda \u015farj endi\u015fesini azalt\u0131r ve uzun s\u00fcre kesintisiz performans sunar. \u015earj kutusu ile birlikte sunulan g\u00fc\u00e7l\u00fc batarya sistemi sayesinde i\u015fte, okulda, spor salonunda veya yolculukta rahat kullan\u0131m sa\u011flar.G\u00fcr\u00fclt\u00fc azaltma \u00f6zelli\u011fi sayesinde \u00e7evresel sesleri filtreleyerek daha net m\u00fczik ve g\u00f6r\u00fc\u015fme deneyimi sunar. Kalabal\u0131k ortamlarda bile odaklanmay\u0131 kolayla\u015ft\u0131r\u0131r.Hi-Fi ses teknolojisi sayesinde g\u00fc\u00e7l\u00fc bas ve temiz tizler sunar.Hafif tasar\u0131m\u0131 kulakta a\u011f\u0131rl\u0131k yapmaz. Spor yaparken g\u00fcvenli kullan\u0131m sa\u011flar.Bluetooth 5.5 ile h\u0131zl\u0131 ba\u011flant\u0131 sunar.<\/p>\n","protected":false},"excerpt":{"rendered":"<p>36 saat pil \u00f6mr\u00fcne sahip Bluetooth kulakl\u0131k, aktif ya\u015fam tarz\u0131na uygun olarak tasarlanm\u0131\u015f modern bir modeldir. G\u00fcnl\u00fck kullan\u0131mda \u015farj endi\u015fesini azalt\u0131r ve uzun s\u00fcre kesintisiz performans sunar. \u015earj kutusu ile birlikte sunulan g\u00fc\u00e7l\u00fc batarya sistemi sayesinde i\u015fte, okulda, spor salonunda veya yolculukta rahat kullan\u0131m sa\u011flar.G\u00fcr\u00fclt\u00fc azaltma \u00f6zelli\u011fi sayesinde \u00e7evresel sesleri filtreleyerek daha net m\u00fczik ve&#8230;<\/p>\n","protected":false},"featured_media":130867,"comment_status":"open","ping_status":"closed","template":"","meta":{"_kad_post_transparent":"","_kad_post_title":"","_kad_post_layout":"","_kad_post_sidebar_id":"","_kad_post_content_style":"","_kad_post_vertical_padding":"","_kad_post_feature":"","_kad_post_feature_position":"","_kad_post_header":false,"_kad_post_footer":false,"_kad_post_classname":""},"product_brand":[],"product_cat":[14957],"product_tag":[],"class_list":{"0":"post-130868","1":"product","2":"type-product","3":"status-publish","4":"has-post-thumbnail","6":"product_cat-kablosuz-kulaklik-kablosuz-kulaklik","8":"first","9":"instock","10":"purchasable","11":"product-type-simple","12":"entry","13":"content-bg","14":"loop-entry"},"_links":{"self":[{"href":"https:\/\/www.hediyepazar.com\/index.php?rest_route=\/wp\/v2\/product\/130868","targetHints":{"allow":["GET"]}}],"collection":[{"href":"https:\/\/www.hediyepazar.com\/index.php?rest_route=\/wp\/v2\/product"}],"about":[{"href":"https:\/\/www.hediyepazar.com\/index.php?rest_route=\/wp\/v2\/types\/product"}],"replies":[{"embeddable":true,"href":"https:\/\/www.hediyepazar.com\/index.php?rest_route=%2Fwp%2Fv2%2Fcomments&post=130868"}],"wp:featuredmedia":[{"embeddable":true,"href":"https:\/\/www.hediyepazar.com\/index.php?rest_route=\/wp\/v2\/media\/130867"}],"wp:attachment":[{"href":"https:\/\/www.hediyepazar.com\/index.php?rest_route=%2Fwp%2Fv2%2Fmedia&parent=130868"}],"wp:term":[{"taxonomy":"product_brand","embeddable":true,"href":"https:\/\/www.hediyepazar.com\/index.php?rest_route=%2Fwp%2Fv2%2Fproduct_brand&post=130868"},{"taxonomy":"product_cat","embeddable":true,"href":"https:\/\/www.hediyepazar.com\/index.php?rest_route=%2Fwp%2Fv2%2Fproduct_cat&post=130868"},{"taxonomy":"product_tag","embeddable":true,"href":"https:\/\/www.hediyepazar.com\/index.php?rest_route=%2Fwp%2Fv2%2Fproduct_tag&post=130868"}],"curies":[{"name":"wp","href":"https:\/\/api.w.org\/{rel}","templated":true}]}}