{"id":130870,"date":"2026-05-07T08:59:15","date_gmt":"2026-05-07T11:59:15","guid":{"rendered":"https:\/\/www.hediyepazar.com\/?product=kablosuz-kulaklik-bluetooth-5-5-dokunmatik-kontrol-uzun-pil-suresi"},"modified":"2026-05-07T08:59:15","modified_gmt":"2026-05-07T11:59:15","slug":"kablosuz-kulaklik-bluetooth-5-5-dokunmatik-kontrol-uzun-pil-suresi","status":"publish","type":"product","link":"https:\/\/www.hediyepazar.com\/?product=kablosuz-kulaklik-bluetooth-5-5-dokunmatik-kontrol-uzun-pil-suresi","title":{"rendered":"Kablosuz Kulakl\u0131k Bluetooth 5.5 Dokunmatik Kontrol Uzun Pil S\u00fcresi"},"content":{"rendered":"<p>\u00c7ok satan kablosuz kulakl\u0131k modeli, g\u00fc\u00e7l\u00fc ba\u011flant\u0131 teknolojisi ve uzun pil performans\u0131 ile kullan\u0131c\u0131lar\u0131n en \u00e7ok tercih etti\u011fi modeller aras\u0131nda yer al\u0131r. Bluetooth 5.5 teknolojisi sayesinde h\u0131zl\u0131 e\u015fle\u015fme, stabil ba\u011flant\u0131 ve kesintisiz kullan\u0131m sunar. Telefonunuza ba\u011flanmak i\u00e7in uzun ayarlar yapman\u0131za gerek kalmadan \u015farj kutusunu a\u00e7man\u0131z yeterlidir. Kulakl\u0131k an\u0131nda e\u015fle\u015fir ve kullan\u0131ma haz\u0131r hale gelir.36 saate kadar toplam kullan\u0131m s\u00fcresi sunan batarya yap\u0131s\u0131 sayesinde g\u00fcn i\u00e7inde kesintisiz m\u00fczik dinleyebilir, g\u00f6r\u00fc\u015fme yapabilir veya video izleyebilirsiniz. \u00d6zellikle yo\u011fun \u00e7al\u0131\u015fan kullan\u0131c\u0131lar, \u00f6\u011frenciler ve seyahat edenler i\u00e7in b\u00fcy\u00fck avantaj sa\u011flar.Hi-Fi ses kalitesi ile m\u00fcziklerde detaylar\u0131 daha net duyabilir, g\u00fc\u00e7l\u00fc bas performans\u0131 ile daha etkileyici deneyim ya\u015fayabilirsiniz. Film izlerken, oyun oynarken veya g\u00fcnl\u00fck kullan\u0131mda kaliteli ses fark\u0131n\u0131 hissedersiniz.Dokunmatik kontrol sistemi sayesinde \u00e7a\u011fr\u0131 cevaplama, m\u00fczik de\u011fi\u015ftirme ve ses y\u00f6netimi kolayca yap\u0131labilir.Ergonomik yap\u0131s\u0131 kulakta rahat durur, hafif tasar\u0131m\u0131 uzun s\u00fcreli kullan\u0131m sa\u011flar. Spor ve g\u00fcnl\u00fck ya\u015fam i\u00e7in idealdir.<\/p>\n","protected":false},"excerpt":{"rendered":"<p>\u00c7ok satan kablosuz kulakl\u0131k modeli, g\u00fc\u00e7l\u00fc ba\u011flant\u0131 teknolojisi ve uzun pil performans\u0131 ile kullan\u0131c\u0131lar\u0131n en \u00e7ok tercih etti\u011fi modeller aras\u0131nda yer al\u0131r. Bluetooth 5.5 teknolojisi sayesinde h\u0131zl\u0131 e\u015fle\u015fme, stabil ba\u011flant\u0131 ve kesintisiz kullan\u0131m sunar. Telefonunuza ba\u011flanmak i\u00e7in uzun ayarlar yapman\u0131za gerek kalmadan \u015farj kutusunu a\u00e7man\u0131z yeterlidir. Kulakl\u0131k an\u0131nda e\u015fle\u015fir ve kullan\u0131ma haz\u0131r hale gelir.36 saate&#8230;<\/p>\n","protected":false},"featured_media":130869,"comment_status":"open","ping_status":"closed","template":"","meta":{"_kad_post_transparent":"","_kad_post_title":"","_kad_post_layout":"","_kad_post_sidebar_id":"","_kad_post_content_style":"","_kad_post_vertical_padding":"","_kad_post_feature":"","_kad_post_feature_position":"","_kad_post_header":false,"_kad_post_footer":false,"_kad_post_classname":""},"product_brand":[],"product_cat":[14957],"product_tag":[],"class_list":{"0":"post-130870","1":"product","2":"type-product","3":"status-publish","4":"has-post-thumbnail","6":"product_cat-kablosuz-kulaklik-kablosuz-kulaklik","8":"first","9":"instock","10":"purchasable","11":"product-type-simple","12":"entry","13":"content-bg","14":"loop-entry"},"_links":{"self":[{"href":"https:\/\/www.hediyepazar.com\/index.php?rest_route=\/wp\/v2\/product\/130870","targetHints":{"allow":["GET"]}}],"collection":[{"href":"https:\/\/www.hediyepazar.com\/index.php?rest_route=\/wp\/v2\/product"}],"about":[{"href":"https:\/\/www.hediyepazar.com\/index.php?rest_route=\/wp\/v2\/types\/product"}],"replies":[{"embeddable":true,"href":"https:\/\/www.hediyepazar.com\/index.php?rest_route=%2Fwp%2Fv2%2Fcomments&post=130870"}],"wp:featuredmedia":[{"embeddable":true,"href":"https:\/\/www.hediyepazar.com\/index.php?rest_route=\/wp\/v2\/media\/130869"}],"wp:attachment":[{"href":"https:\/\/www.hediyepazar.com\/index.php?rest_route=%2Fwp%2Fv2%2Fmedia&parent=130870"}],"wp:term":[{"taxonomy":"product_brand","embeddable":true,"href":"https:\/\/www.hediyepazar.com\/index.php?rest_route=%2Fwp%2Fv2%2Fproduct_brand&post=130870"},{"taxonomy":"product_cat","embeddable":true,"href":"https:\/\/www.hediyepazar.com\/index.php?rest_route=%2Fwp%2Fv2%2Fproduct_cat&post=130870"},{"taxonomy":"product_tag","embeddable":true,"href":"https:\/\/www.hediyepazar.com\/index.php?rest_route=%2Fwp%2Fv2%2Fproduct_tag&post=130870"}],"curies":[{"name":"wp","href":"https:\/\/api.w.org\/{rel}","templated":true}]}}