{"id":131025,"date":"2026-05-07T09:26:22","date_gmt":"2026-05-07T12:26:22","guid":{"rendered":"https:\/\/www.hediyepazar.com\/?product=isikli-sesli-sifreli-atm-gorunumlu-kasa-kumbara"},"modified":"2026-05-07T09:26:22","modified_gmt":"2026-05-07T12:26:22","slug":"isikli-sesli-sifreli-atm-gorunumlu-kasa-kumbara","status":"publish","type":"product","link":"https:\/\/www.hediyepazar.com\/?product=isikli-sesli-sifreli-atm-gorunumlu-kasa-kumbara","title":{"rendered":"I\u015f\u0131kl\u0131 Sesli \u015eifreli ATM G\u00f6r\u00fcn\u00fcml\u00fc Kasa Kumbara"},"content":{"rendered":"<p>Bu \u0131\u015f\u0131kl\u0131 ve sesli \u015fifreli ATM g\u00f6r\u00fcn\u00fcml\u00fc kumbara, hem g\u00fcvenlik hem e\u011flence sunar. Para kasas\u0131 \u015feklindeki tasar\u0131m\u0131 ile dikkat \u00e7eker. Otomatik para \u00e7ekme sistemi, ger\u00e7ek\u00e7i bir kullan\u0131m deneyimi sa\u011flar.\u015eifreli yap\u0131s\u0131 sayesinde yaln\u0131zca do\u011fru \u015fifre ile a\u00e7\u0131l\u0131r. Geni\u015f i\u00e7 hacmi, bol miktarda para saklamaya uygundur. ABS plastikten \u00fcretilmi\u015ftir ve sa\u011flamd\u0131r.\u00c7ocuklar ve yeti\u015fkinler i\u00e7in kullan\u0131\u015fl\u0131, \u015f\u0131k ve e\u011fitici bir \u00fcr\u00fcnd\u00fcr.<\/p>\n","protected":false},"excerpt":{"rendered":"<p>Bu \u0131\u015f\u0131kl\u0131 ve sesli \u015fifreli ATM g\u00f6r\u00fcn\u00fcml\u00fc kumbara, hem g\u00fcvenlik hem e\u011flence sunar. Para kasas\u0131 \u015feklindeki tasar\u0131m\u0131 ile dikkat \u00e7eker. Otomatik para \u00e7ekme sistemi, ger\u00e7ek\u00e7i bir kullan\u0131m deneyimi sa\u011flar.\u015eifreli yap\u0131s\u0131 sayesinde yaln\u0131zca do\u011fru \u015fifre ile a\u00e7\u0131l\u0131r. Geni\u015f i\u00e7 hacmi, bol miktarda para saklamaya uygundur. ABS plastikten \u00fcretilmi\u015ftir ve sa\u011flamd\u0131r.\u00c7ocuklar ve yeti\u015fkinler i\u00e7in kullan\u0131\u015fl\u0131, \u015f\u0131k ve&#8230;<\/p>\n","protected":false},"featured_media":131024,"comment_status":"open","ping_status":"closed","template":"","meta":{"_kad_post_transparent":"","_kad_post_title":"","_kad_post_layout":"","_kad_post_sidebar_id":"","_kad_post_content_style":"","_kad_post_vertical_padding":"","_kad_post_feature":"","_kad_post_feature_position":"","_kad_post_header":false,"_kad_post_footer":false,"_kad_post_classname":""},"product_brand":[],"product_cat":[15329],"product_tag":[],"class_list":{"0":"post-131025","1":"product","2":"type-product","3":"status-publish","4":"has-post-thumbnail","6":"product_cat-kumbara-hediyelik-urunler-hobi-eglence-kumbara","8":"first","9":"instock","10":"purchasable","11":"product-type-simple","12":"entry","13":"content-bg","14":"loop-entry"},"_links":{"self":[{"href":"https:\/\/www.hediyepazar.com\/index.php?rest_route=\/wp\/v2\/product\/131025","targetHints":{"allow":["GET"]}}],"collection":[{"href":"https:\/\/www.hediyepazar.com\/index.php?rest_route=\/wp\/v2\/product"}],"about":[{"href":"https:\/\/www.hediyepazar.com\/index.php?rest_route=\/wp\/v2\/types\/product"}],"replies":[{"embeddable":true,"href":"https:\/\/www.hediyepazar.com\/index.php?rest_route=%2Fwp%2Fv2%2Fcomments&post=131025"}],"wp:featuredmedia":[{"embeddable":true,"href":"https:\/\/www.hediyepazar.com\/index.php?rest_route=\/wp\/v2\/media\/131024"}],"wp:attachment":[{"href":"https:\/\/www.hediyepazar.com\/index.php?rest_route=%2Fwp%2Fv2%2Fmedia&parent=131025"}],"wp:term":[{"taxonomy":"product_brand","embeddable":true,"href":"https:\/\/www.hediyepazar.com\/index.php?rest_route=%2Fwp%2Fv2%2Fproduct_brand&post=131025"},{"taxonomy":"product_cat","embeddable":true,"href":"https:\/\/www.hediyepazar.com\/index.php?rest_route=%2Fwp%2Fv2%2Fproduct_cat&post=131025"},{"taxonomy":"product_tag","embeddable":true,"href":"https:\/\/www.hediyepazar.com\/index.php?rest_route=%2Fwp%2Fv2%2Fproduct_tag&post=131025"}],"curies":[{"name":"wp","href":"https:\/\/api.w.org\/{rel}","templated":true}]}}