{"id":131031,"date":"2026-05-07T09:27:20","date_gmt":"2026-05-07T12:27:20","guid":{"rendered":"https:\/\/www.hediyepazar.com\/?product=otomatik-para-ceken-sifreli-atm-tasarimli-kumbara"},"modified":"2026-05-07T09:27:20","modified_gmt":"2026-05-07T12:27:20","slug":"otomatik-para-ceken-sifreli-atm-tasarimli-kumbara","status":"publish","type":"product","link":"https:\/\/www.hediyepazar.com\/?product=otomatik-para-ceken-sifreli-atm-tasarimli-kumbara","title":{"rendered":"Otomatik Para \u00c7eken \u015eifreli ATM Tasar\u0131ml\u0131 Kumbara"},"content":{"rendered":"<p>Bu otomatik para \u00e7eken \u015fifreli ATM tasar\u0131ml\u0131 kumbara, g\u00fcvenli saklama ve e\u011flenceli kullan\u0131m \u00f6zelliklerini bir araya getirir. Ger\u00e7ek ATM g\u00f6r\u00fcn\u00fcm\u00fcne sahip olan \u00fcr\u00fcn, hem \u00e7ocuklar hem de yeti\u015fkinler i\u00e7in tasarlanm\u0131\u015ft\u0131r. Portatif kasa yap\u0131s\u0131 sayesinde istenilen her yerde rahatl\u0131kla kullan\u0131labilir.K\u00e2\u011f\u0131t paralar otomatik olarak hazneye \u00e7ekilirken, bozuk paralar \u00fcst b\u00f6l\u00fcmden at\u0131labilir. Bu mekanizma, kullan\u0131c\u0131ya ger\u00e7ek bir bankamatik deneyimi ya\u015fat\u0131r. Geni\u015f haznesi sayesinde uzun s\u00fcre dolmadan kullan\u0131labilir ve sadece paralar de\u011fil, k\u00fc\u00e7\u00fck de\u011ferli e\u015fyalar da g\u00fcvenle saklanabilir.\u015eifreli g\u00fcvenlik sistemi, \u00fcr\u00fcn\u00fcn en \u00f6nemli \u00f6zelliklerinden biridir. 4 haneli \u015fifre yaln\u0131zca do\u011fru girildi\u011finde kapak a\u00e7\u0131l\u0131r. Varsay\u0131lan \u015fifre de\u011fi\u015ftirilebilir yap\u0131dad\u0131r. I\u015f\u0131kl\u0131 ve sesli uyar\u0131lar, her i\u015flemde devreye girerek e\u011flenceli bir kullan\u0131m sunar.\u00c7ocuklar i\u00e7in para biriktirme al\u0131\u015fkanl\u0131\u011f\u0131n\u0131 kazand\u0131ran e\u011fitici bir \u00fcr\u00fcn olmas\u0131n\u0131n yan\u0131 s\u0131ra, yeti\u015fkinler i\u00e7in masa \u00fcst\u00fc mini kasa olarak da kullan\u0131labilir. Dayan\u0131kl\u0131 ABS plastikten \u00fcretilmi\u015ftir ve uzun \u00f6m\u00fcrl\u00fcd\u00fcr. Dekoratif g\u00f6r\u00fcn\u00fcm\u00fc ile ev ve i\u015f yerlerine uyum sa\u011flar.<\/p>\n","protected":false},"excerpt":{"rendered":"<p>Bu otomatik para \u00e7eken \u015fifreli ATM tasar\u0131ml\u0131 kumbara, g\u00fcvenli saklama ve e\u011flenceli kullan\u0131m \u00f6zelliklerini bir araya getirir. Ger\u00e7ek ATM g\u00f6r\u00fcn\u00fcm\u00fcne sahip olan \u00fcr\u00fcn, hem \u00e7ocuklar hem de yeti\u015fkinler i\u00e7in tasarlanm\u0131\u015ft\u0131r. Portatif kasa yap\u0131s\u0131 sayesinde istenilen her yerde rahatl\u0131kla kullan\u0131labilir.K\u00e2\u011f\u0131t paralar otomatik olarak hazneye \u00e7ekilirken, bozuk paralar \u00fcst b\u00f6l\u00fcmden at\u0131labilir. Bu mekanizma, kullan\u0131c\u0131ya ger\u00e7ek bir bankamatik&#8230;<\/p>\n","protected":false},"featured_media":131030,"comment_status":"open","ping_status":"closed","template":"","meta":{"_kad_post_transparent":"","_kad_post_title":"","_kad_post_layout":"","_kad_post_sidebar_id":"","_kad_post_content_style":"","_kad_post_vertical_padding":"","_kad_post_feature":"","_kad_post_feature_position":"","_kad_post_header":false,"_kad_post_footer":false,"_kad_post_classname":""},"product_brand":[],"product_cat":[15329],"product_tag":[],"class_list":{"0":"post-131031","1":"product","2":"type-product","3":"status-publish","4":"has-post-thumbnail","6":"product_cat-kumbara-hediyelik-urunler-hobi-eglence-kumbara","8":"first","9":"instock","10":"purchasable","11":"product-type-simple","12":"entry","13":"content-bg","14":"loop-entry"},"_links":{"self":[{"href":"https:\/\/www.hediyepazar.com\/index.php?rest_route=\/wp\/v2\/product\/131031","targetHints":{"allow":["GET"]}}],"collection":[{"href":"https:\/\/www.hediyepazar.com\/index.php?rest_route=\/wp\/v2\/product"}],"about":[{"href":"https:\/\/www.hediyepazar.com\/index.php?rest_route=\/wp\/v2\/types\/product"}],"replies":[{"embeddable":true,"href":"https:\/\/www.hediyepazar.com\/index.php?rest_route=%2Fwp%2Fv2%2Fcomments&post=131031"}],"wp:featuredmedia":[{"embeddable":true,"href":"https:\/\/www.hediyepazar.com\/index.php?rest_route=\/wp\/v2\/media\/131030"}],"wp:attachment":[{"href":"https:\/\/www.hediyepazar.com\/index.php?rest_route=%2Fwp%2Fv2%2Fmedia&parent=131031"}],"wp:term":[{"taxonomy":"product_brand","embeddable":true,"href":"https:\/\/www.hediyepazar.com\/index.php?rest_route=%2Fwp%2Fv2%2Fproduct_brand&post=131031"},{"taxonomy":"product_cat","embeddable":true,"href":"https:\/\/www.hediyepazar.com\/index.php?rest_route=%2Fwp%2Fv2%2Fproduct_cat&post=131031"},{"taxonomy":"product_tag","embeddable":true,"href":"https:\/\/www.hediyepazar.com\/index.php?rest_route=%2Fwp%2Fv2%2Fproduct_tag&post=131031"}],"curies":[{"name":"wp","href":"https:\/\/api.w.org\/{rel}","templated":true}]}}