{"id":131035,"date":"2026-05-07T09:29:52","date_gmt":"2026-05-07T12:29:52","guid":{"rendered":"https:\/\/www.hediyepazar.com\/?product=cocuklar-icin-egitici-elektronik-sifreli-kumbara"},"modified":"2026-05-07T09:29:52","modified_gmt":"2026-05-07T12:29:52","slug":"cocuklar-icin-egitici-elektronik-sifreli-kumbara","status":"publish","type":"product","link":"https:\/\/www.hediyepazar.com\/?product=cocuklar-icin-egitici-elektronik-sifreli-kumbara","title":{"rendered":"\u00c7ocuklar \u0130\u00e7in E\u011fitici Elektronik \u015eifreli Kumbara"},"content":{"rendered":"<p>Bu b\u00fcy\u00fck kapasiteli elektronik kumbara, \u00e7ocuklara para biriktirme al\u0131\u015fkanl\u0131\u011f\u0131 kazand\u0131rmak i\u00e7in ideal bir \u00fcr\u00fcnd\u00fcr. Otomatik para \u00e7ekme \u00f6zelli\u011fi ve \u015fifreli g\u00fcvenlik sistemi ile \u00f6ne \u00e7\u0131kar.ABS plastikten \u00fcretilmi\u015f sa\u011flam g\u00f6vdesi uzun \u00f6m\u00fcrl\u00fcd\u00fcr. Bozuk ve k\u00e2\u011f\u0131t paralar i\u00e7in ayr\u0131 giri\u015f alanlar\u0131 bulunur. E\u011fitici ve e\u011flenceli yap\u0131s\u0131 ile \u00e7ocuklar\u0131n ilgisini \u00e7eker.<\/p>\n","protected":false},"excerpt":{"rendered":"<p>Bu b\u00fcy\u00fck kapasiteli elektronik kumbara, \u00e7ocuklara para biriktirme al\u0131\u015fkanl\u0131\u011f\u0131 kazand\u0131rmak i\u00e7in ideal bir \u00fcr\u00fcnd\u00fcr. Otomatik para \u00e7ekme \u00f6zelli\u011fi ve \u015fifreli g\u00fcvenlik sistemi ile \u00f6ne \u00e7\u0131kar.ABS plastikten \u00fcretilmi\u015f sa\u011flam g\u00f6vdesi uzun \u00f6m\u00fcrl\u00fcd\u00fcr. Bozuk ve k\u00e2\u011f\u0131t paralar i\u00e7in ayr\u0131 giri\u015f alanlar\u0131 bulunur. E\u011fitici ve e\u011flenceli yap\u0131s\u0131 ile \u00e7ocuklar\u0131n ilgisini \u00e7eker.<\/p>\n","protected":false},"featured_media":131034,"comment_status":"open","ping_status":"closed","template":"","meta":{"_kad_post_transparent":"","_kad_post_title":"","_kad_post_layout":"","_kad_post_sidebar_id":"","_kad_post_content_style":"","_kad_post_vertical_padding":"","_kad_post_feature":"","_kad_post_feature_position":"","_kad_post_header":false,"_kad_post_footer":false,"_kad_post_classname":""},"product_brand":[],"product_cat":[15329],"product_tag":[],"class_list":{"0":"post-131035","1":"product","2":"type-product","3":"status-publish","4":"has-post-thumbnail","6":"product_cat-kumbara-hediyelik-urunler-hobi-eglence-kumbara","8":"first","9":"instock","10":"purchasable","11":"product-type-simple","12":"entry","13":"content-bg","14":"loop-entry"},"_links":{"self":[{"href":"https:\/\/www.hediyepazar.com\/index.php?rest_route=\/wp\/v2\/product\/131035","targetHints":{"allow":["GET"]}}],"collection":[{"href":"https:\/\/www.hediyepazar.com\/index.php?rest_route=\/wp\/v2\/product"}],"about":[{"href":"https:\/\/www.hediyepazar.com\/index.php?rest_route=\/wp\/v2\/types\/product"}],"replies":[{"embeddable":true,"href":"https:\/\/www.hediyepazar.com\/index.php?rest_route=%2Fwp%2Fv2%2Fcomments&post=131035"}],"wp:featuredmedia":[{"embeddable":true,"href":"https:\/\/www.hediyepazar.com\/index.php?rest_route=\/wp\/v2\/media\/131034"}],"wp:attachment":[{"href":"https:\/\/www.hediyepazar.com\/index.php?rest_route=%2Fwp%2Fv2%2Fmedia&parent=131035"}],"wp:term":[{"taxonomy":"product_brand","embeddable":true,"href":"https:\/\/www.hediyepazar.com\/index.php?rest_route=%2Fwp%2Fv2%2Fproduct_brand&post=131035"},{"taxonomy":"product_cat","embeddable":true,"href":"https:\/\/www.hediyepazar.com\/index.php?rest_route=%2Fwp%2Fv2%2Fproduct_cat&post=131035"},{"taxonomy":"product_tag","embeddable":true,"href":"https:\/\/www.hediyepazar.com\/index.php?rest_route=%2Fwp%2Fv2%2Fproduct_tag&post=131035"}],"curies":[{"name":"wp","href":"https:\/\/api.w.org\/{rel}","templated":true}]}}