{"id":131037,"date":"2026-05-07T09:30:11","date_gmt":"2026-05-07T12:30:11","guid":{"rendered":"https:\/\/www.hediyepazar.com\/?product=sifreli-elektronik-para-biriktirme-kumbarasi-buyuk-kapasiteli"},"modified":"2026-05-07T09:30:11","modified_gmt":"2026-05-07T12:30:11","slug":"sifreli-elektronik-para-biriktirme-kumbarasi-buyuk-kapasiteli","status":"publish","type":"product","link":"https:\/\/www.hediyepazar.com\/?product=sifreli-elektronik-para-biriktirme-kumbarasi-buyuk-kapasiteli","title":{"rendered":"\u015eifreli Elektronik Para Biriktirme Kumbaras\u0131 B\u00fcy\u00fck Kapasiteli"},"content":{"rendered":"<p>Elektronik \u015fifre sistemi ile donat\u0131lm\u0131\u015f bu otomatik para yutan kumbara, para biriktirmeyi e\u011flenceli bir al\u0131\u015fkanl\u0131\u011fa d\u00f6n\u00fc\u015ft\u00fcr\u00fcr. Dayan\u0131kl\u0131 ABS plastik malzemesi sayesinde uzun s\u00fcreli kullan\u0131m sunar ve hem \u00e7ocuklar hem de yeti\u015fkinler i\u00e7in uygundur.K\u00e2\u011f\u0131t paralar\u0131 otomatik olarak i\u00e7ine \u00e7eken mekanizmas\u0131, \u00fcr\u00fcn\u00fc klasik kumbaralardan ay\u0131r\u0131r. Bozuk paralar \u00fcst b\u00f6l\u00fcmden rahatl\u0131kla at\u0131labilir. Geni\u015f i\u00e7 hacmi sayesinde y\u00fcksek miktarda para saklanabilir.4 haneli \u015fifre korumas\u0131, g\u00fcvenli kullan\u0131m sa\u011flar. Yanl\u0131\u015f \u015fifre giri\u015flerinde uyar\u0131 verir. Do\u011fru \u015fifre girildi\u011finde kapak a\u00e7\u0131l\u0131r. E\u011fitici yap\u0131s\u0131 ile \u00e7ocuklara tasarruf bilinci kazand\u0131r\u0131r.<\/p>\n","protected":false},"excerpt":{"rendered":"<p>Elektronik \u015fifre sistemi ile donat\u0131lm\u0131\u015f bu otomatik para yutan kumbara, para biriktirmeyi e\u011flenceli bir al\u0131\u015fkanl\u0131\u011fa d\u00f6n\u00fc\u015ft\u00fcr\u00fcr. Dayan\u0131kl\u0131 ABS plastik malzemesi sayesinde uzun s\u00fcreli kullan\u0131m sunar ve hem \u00e7ocuklar hem de yeti\u015fkinler i\u00e7in uygundur.K\u00e2\u011f\u0131t paralar\u0131 otomatik olarak i\u00e7ine \u00e7eken mekanizmas\u0131, \u00fcr\u00fcn\u00fc klasik kumbaralardan ay\u0131r\u0131r. Bozuk paralar \u00fcst b\u00f6l\u00fcmden rahatl\u0131kla at\u0131labilir. Geni\u015f i\u00e7 hacmi sayesinde y\u00fcksek miktarda&#8230;<\/p>\n","protected":false},"featured_media":131036,"comment_status":"open","ping_status":"closed","template":"","meta":{"_kad_post_transparent":"","_kad_post_title":"","_kad_post_layout":"","_kad_post_sidebar_id":"","_kad_post_content_style":"","_kad_post_vertical_padding":"","_kad_post_feature":"","_kad_post_feature_position":"","_kad_post_header":false,"_kad_post_footer":false,"_kad_post_classname":""},"product_brand":[],"product_cat":[15329],"product_tag":[],"class_list":{"0":"post-131037","1":"product","2":"type-product","3":"status-publish","4":"has-post-thumbnail","6":"product_cat-kumbara-hediyelik-urunler-hobi-eglence-kumbara","8":"first","9":"instock","10":"purchasable","11":"product-type-simple","12":"entry","13":"content-bg","14":"loop-entry"},"_links":{"self":[{"href":"https:\/\/www.hediyepazar.com\/index.php?rest_route=\/wp\/v2\/product\/131037","targetHints":{"allow":["GET"]}}],"collection":[{"href":"https:\/\/www.hediyepazar.com\/index.php?rest_route=\/wp\/v2\/product"}],"about":[{"href":"https:\/\/www.hediyepazar.com\/index.php?rest_route=\/wp\/v2\/types\/product"}],"replies":[{"embeddable":true,"href":"https:\/\/www.hediyepazar.com\/index.php?rest_route=%2Fwp%2Fv2%2Fcomments&post=131037"}],"wp:featuredmedia":[{"embeddable":true,"href":"https:\/\/www.hediyepazar.com\/index.php?rest_route=\/wp\/v2\/media\/131036"}],"wp:attachment":[{"href":"https:\/\/www.hediyepazar.com\/index.php?rest_route=%2Fwp%2Fv2%2Fmedia&parent=131037"}],"wp:term":[{"taxonomy":"product_brand","embeddable":true,"href":"https:\/\/www.hediyepazar.com\/index.php?rest_route=%2Fwp%2Fv2%2Fproduct_brand&post=131037"},{"taxonomy":"product_cat","embeddable":true,"href":"https:\/\/www.hediyepazar.com\/index.php?rest_route=%2Fwp%2Fv2%2Fproduct_cat&post=131037"},{"taxonomy":"product_tag","embeddable":true,"href":"https:\/\/www.hediyepazar.com\/index.php?rest_route=%2Fwp%2Fv2%2Fproduct_tag&post=131037"}],"curies":[{"name":"wp","href":"https:\/\/api.w.org\/{rel}","templated":true}]}}