{"id":131045,"date":"2026-05-07T09:30:51","date_gmt":"2026-05-07T12:30:51","guid":{"rendered":"https:\/\/www.hediyepazar.com\/?product=kirmizi-atm-kasa-tipi-para-biriktirme-kumbarasi"},"modified":"2026-05-07T09:30:51","modified_gmt":"2026-05-07T12:30:51","slug":"kirmizi-atm-kasa-tipi-para-biriktirme-kumbarasi","status":"publish","type":"product","link":"https:\/\/www.hediyepazar.com\/?product=kirmizi-atm-kasa-tipi-para-biriktirme-kumbarasi","title":{"rendered":"K\u0131rm\u0131z\u0131 ATM Kasa Tipi Para Biriktirme Kumbaras\u0131"},"content":{"rendered":"<p>Bu k\u0131rm\u0131z\u0131 ATM kasa tipi kumbara, \u015fifreli g\u00fcvenlik sistemi sayesinde paralar\u0131n\u0131z\u0131 g\u00fcvenle saklaman\u0131z\u0131 sa\u011flar. ATM tarz\u0131 para y\u00fckleme sistemi, k\u00e2\u011f\u0131t paralar\u0131 otomatik olarak i\u00e7ine \u00e7eker.Geni\u015f haznesi, yaln\u0131zca para de\u011fil; kart, not ve k\u00fc\u00e7\u00fck e\u015fyalar i\u00e7in de uygundur. I\u015f\u0131kl\u0131 ve sesli uyar\u0131lar, kullan\u0131m\u0131 daha e\u011flenceli hale getirir. \u015eifre de\u011fi\u015ftirilebilir yap\u0131dad\u0131r.Ev, ofis ve \u00e7ocuk odalar\u0131 i\u00e7in dekoratif bir \u00fcr\u00fcnd\u00fcr.<\/p>\n","protected":false},"excerpt":{"rendered":"<p>Bu k\u0131rm\u0131z\u0131 ATM kasa tipi kumbara, \u015fifreli g\u00fcvenlik sistemi sayesinde paralar\u0131n\u0131z\u0131 g\u00fcvenle saklaman\u0131z\u0131 sa\u011flar. ATM tarz\u0131 para y\u00fckleme sistemi, k\u00e2\u011f\u0131t paralar\u0131 otomatik olarak i\u00e7ine \u00e7eker.Geni\u015f haznesi, yaln\u0131zca para de\u011fil; kart, not ve k\u00fc\u00e7\u00fck e\u015fyalar i\u00e7in de uygundur. I\u015f\u0131kl\u0131 ve sesli uyar\u0131lar, kullan\u0131m\u0131 daha e\u011flenceli hale getirir. \u015eifre de\u011fi\u015ftirilebilir yap\u0131dad\u0131r.Ev, ofis ve \u00e7ocuk odalar\u0131 i\u00e7in dekoratif&#8230;<\/p>\n","protected":false},"featured_media":131044,"comment_status":"open","ping_status":"closed","template":"","meta":{"_kad_post_transparent":"","_kad_post_title":"","_kad_post_layout":"","_kad_post_sidebar_id":"","_kad_post_content_style":"","_kad_post_vertical_padding":"","_kad_post_feature":"","_kad_post_feature_position":"","_kad_post_header":false,"_kad_post_footer":false,"_kad_post_classname":""},"product_brand":[],"product_cat":[15329],"product_tag":[],"class_list":{"0":"post-131045","1":"product","2":"type-product","3":"status-publish","4":"has-post-thumbnail","6":"product_cat-kumbara-hediyelik-urunler-hobi-eglence-kumbara","8":"first","9":"instock","10":"purchasable","11":"product-type-simple","12":"entry","13":"content-bg","14":"loop-entry"},"_links":{"self":[{"href":"https:\/\/www.hediyepazar.com\/index.php?rest_route=\/wp\/v2\/product\/131045","targetHints":{"allow":["GET"]}}],"collection":[{"href":"https:\/\/www.hediyepazar.com\/index.php?rest_route=\/wp\/v2\/product"}],"about":[{"href":"https:\/\/www.hediyepazar.com\/index.php?rest_route=\/wp\/v2\/types\/product"}],"replies":[{"embeddable":true,"href":"https:\/\/www.hediyepazar.com\/index.php?rest_route=%2Fwp%2Fv2%2Fcomments&post=131045"}],"wp:featuredmedia":[{"embeddable":true,"href":"https:\/\/www.hediyepazar.com\/index.php?rest_route=\/wp\/v2\/media\/131044"}],"wp:attachment":[{"href":"https:\/\/www.hediyepazar.com\/index.php?rest_route=%2Fwp%2Fv2%2Fmedia&parent=131045"}],"wp:term":[{"taxonomy":"product_brand","embeddable":true,"href":"https:\/\/www.hediyepazar.com\/index.php?rest_route=%2Fwp%2Fv2%2Fproduct_brand&post=131045"},{"taxonomy":"product_cat","embeddable":true,"href":"https:\/\/www.hediyepazar.com\/index.php?rest_route=%2Fwp%2Fv2%2Fproduct_cat&post=131045"},{"taxonomy":"product_tag","embeddable":true,"href":"https:\/\/www.hediyepazar.com\/index.php?rest_route=%2Fwp%2Fv2%2Fproduct_tag&post=131045"}],"curies":[{"name":"wp","href":"https:\/\/api.w.org\/{rel}","templated":true}]}}