{"id":131047,"date":"2026-05-07T09:31:06","date_gmt":"2026-05-07T12:31:06","guid":{"rendered":"https:\/\/www.hediyepazar.com\/?product=atm-gorunumlu-kirmizi-elektronik-sifreli-kumbara"},"modified":"2026-05-07T09:31:06","modified_gmt":"2026-05-07T12:31:06","slug":"atm-gorunumlu-kirmizi-elektronik-sifreli-kumbara","status":"publish","type":"product","link":"https:\/\/www.hediyepazar.com\/?product=atm-gorunumlu-kirmizi-elektronik-sifreli-kumbara","title":{"rendered":"ATM G\u00f6r\u00fcn\u00fcml\u00fc K\u0131rm\u0131z\u0131 Elektronik \u015eifreli Kumbara"},"content":{"rendered":"<p>ATM g\u00f6r\u00fcn\u00fcml\u00fc bu k\u0131rm\u0131z\u0131 elektronik \u015fifreli kumbara, hem g\u00fcvenli saklama hem de e\u011flenceli kullan\u0131m sunar. Para kasas\u0131 \u015feklindeki tasar\u0131m\u0131 sayesinde klasik kumbaralardan ayr\u0131l\u0131r ve daha profesyonel bir g\u00f6r\u00fcn\u00fcm sa\u011flar.K\u00e2\u011f\u0131t paralar\u0131 otomatik olarak i\u00e7ine \u00e7eken mekanizmas\u0131, \u00fcr\u00fcn\u00fc kullanmay\u0131 keyifli hale getirir. Bozuk paralar i\u00e7in ayr\u0131 bir giri\u015f alan\u0131 bulunur. Geni\u015f i\u00e7 hacmi sayesinde para biriktirmenin yan\u0131 s\u0131ra k\u00fc\u00e7\u00fck ki\u015fisel e\u015fyalar\u0131n\u0131z\u0131 da g\u00fcvenle saklayabilirsiniz.\u015eifreli kasa sistemi, yaln\u0131zca do\u011fru \u015fifre girildi\u011finde a\u00e7\u0131l\u0131r. I\u015f\u0131kl\u0131 ve sesli efektler, her i\u015flemde aktif hale gelerek ger\u00e7ek kasa deneyimi ya\u015fat\u0131r. Varsay\u0131lan \u015fifre de\u011fi\u015ftirilebilir yap\u0131dad\u0131r.Para biriktirmeyi \u00e7ocuklar i\u00e7in daha cazip hale getiren bu \u00fcr\u00fcn, e\u011fitici ve dekoratif yap\u0131s\u0131yla da \u00f6ne \u00e7\u0131kar.<\/p>\n","protected":false},"excerpt":{"rendered":"<p>ATM g\u00f6r\u00fcn\u00fcml\u00fc bu k\u0131rm\u0131z\u0131 elektronik \u015fifreli kumbara, hem g\u00fcvenli saklama hem de e\u011flenceli kullan\u0131m sunar. Para kasas\u0131 \u015feklindeki tasar\u0131m\u0131 sayesinde klasik kumbaralardan ayr\u0131l\u0131r ve daha profesyonel bir g\u00f6r\u00fcn\u00fcm sa\u011flar.K\u00e2\u011f\u0131t paralar\u0131 otomatik olarak i\u00e7ine \u00e7eken mekanizmas\u0131, \u00fcr\u00fcn\u00fc kullanmay\u0131 keyifli hale getirir. Bozuk paralar i\u00e7in ayr\u0131 bir giri\u015f alan\u0131 bulunur. Geni\u015f i\u00e7 hacmi sayesinde para biriktirmenin yan\u0131&#8230;<\/p>\n","protected":false},"featured_media":131046,"comment_status":"open","ping_status":"closed","template":"","meta":{"_kad_post_transparent":"","_kad_post_title":"","_kad_post_layout":"","_kad_post_sidebar_id":"","_kad_post_content_style":"","_kad_post_vertical_padding":"","_kad_post_feature":"","_kad_post_feature_position":"","_kad_post_header":false,"_kad_post_footer":false,"_kad_post_classname":""},"product_brand":[],"product_cat":[15329],"product_tag":[],"class_list":{"0":"post-131047","1":"product","2":"type-product","3":"status-publish","4":"has-post-thumbnail","6":"product_cat-kumbara-hediyelik-urunler-hobi-eglence-kumbara","8":"first","9":"instock","10":"purchasable","11":"product-type-simple","12":"entry","13":"content-bg","14":"loop-entry"},"_links":{"self":[{"href":"https:\/\/www.hediyepazar.com\/index.php?rest_route=\/wp\/v2\/product\/131047","targetHints":{"allow":["GET"]}}],"collection":[{"href":"https:\/\/www.hediyepazar.com\/index.php?rest_route=\/wp\/v2\/product"}],"about":[{"href":"https:\/\/www.hediyepazar.com\/index.php?rest_route=\/wp\/v2\/types\/product"}],"replies":[{"embeddable":true,"href":"https:\/\/www.hediyepazar.com\/index.php?rest_route=%2Fwp%2Fv2%2Fcomments&post=131047"}],"wp:featuredmedia":[{"embeddable":true,"href":"https:\/\/www.hediyepazar.com\/index.php?rest_route=\/wp\/v2\/media\/131046"}],"wp:attachment":[{"href":"https:\/\/www.hediyepazar.com\/index.php?rest_route=%2Fwp%2Fv2%2Fmedia&parent=131047"}],"wp:term":[{"taxonomy":"product_brand","embeddable":true,"href":"https:\/\/www.hediyepazar.com\/index.php?rest_route=%2Fwp%2Fv2%2Fproduct_brand&post=131047"},{"taxonomy":"product_cat","embeddable":true,"href":"https:\/\/www.hediyepazar.com\/index.php?rest_route=%2Fwp%2Fv2%2Fproduct_cat&post=131047"},{"taxonomy":"product_tag","embeddable":true,"href":"https:\/\/www.hediyepazar.com\/index.php?rest_route=%2Fwp%2Fv2%2Fproduct_tag&post=131047"}],"curies":[{"name":"wp","href":"https:\/\/api.w.org\/{rel}","templated":true}]}}