{"id":131063,"date":"2026-05-07T09:34:08","date_gmt":"2026-05-07T12:34:08","guid":{"rendered":"https:\/\/www.hediyepazar.com\/?product=masaustu-klima-fan-usb-girisli-su-hazneli-sessiz-sogutucu"},"modified":"2026-05-07T09:34:08","modified_gmt":"2026-05-07T12:34:08","slug":"masaustu-klima-fan-usb-girisli-su-hazneli-sessiz-sogutucu","status":"publish","type":"product","link":"https:\/\/www.hediyepazar.com\/?product=masaustu-klima-fan-usb-girisli-su-hazneli-sessiz-sogutucu","title":{"rendered":"Masa\u00fcst\u00fc Klima Fan USB Giri\u015fli Su Hazneli Sessiz So\u011futucu"},"content":{"rendered":"<p>Masa\u00fcst\u00fc klima fan, yaz aylar\u0131nda ki\u015fisel serinlik sa\u011flamak isteyen kullan\u0131c\u0131lar i\u00e7in tasarlanm\u0131\u015ft\u0131r. Fan ve su haznesi sayesinde ferah kullan\u0131m sunar.USB giri\u015fli tasar\u0131m\u0131 ile kolay enerji ba\u011flant\u0131s\u0131 sa\u011flar. Her yerde rahat kullan\u0131m imkan\u0131 verir.Sessiz \u00e7al\u0131\u015fma sistemi sayesinde i\u015f yerinde ve evde rahats\u0131zl\u0131k olu\u015fturmaz.Ayarlanabilir fan h\u0131zlar\u0131 ile kullan\u0131m kolayl\u0131\u011f\u0131 sa\u011flar.Modern tasar\u0131m\u0131 ile masa\u00fcst\u00fcne \u015f\u0131kl\u0131k katar.Ta\u015f\u0131nabilir ve hafif yap\u0131ya sahiptir.<\/p>\n","protected":false},"excerpt":{"rendered":"<p>Masa\u00fcst\u00fc klima fan, yaz aylar\u0131nda ki\u015fisel serinlik sa\u011flamak isteyen kullan\u0131c\u0131lar i\u00e7in tasarlanm\u0131\u015ft\u0131r. Fan ve su haznesi sayesinde ferah kullan\u0131m sunar.USB giri\u015fli tasar\u0131m\u0131 ile kolay enerji ba\u011flant\u0131s\u0131 sa\u011flar. Her yerde rahat kullan\u0131m imkan\u0131 verir.Sessiz \u00e7al\u0131\u015fma sistemi sayesinde i\u015f yerinde ve evde rahats\u0131zl\u0131k olu\u015fturmaz.Ayarlanabilir fan h\u0131zlar\u0131 ile kullan\u0131m kolayl\u0131\u011f\u0131 sa\u011flar.Modern tasar\u0131m\u0131 ile masa\u00fcst\u00fcne \u015f\u0131kl\u0131k katar.Ta\u015f\u0131nabilir ve hafif&#8230;<\/p>\n","protected":false},"featured_media":131062,"comment_status":"open","ping_status":"closed","template":"","meta":{"_kad_post_transparent":"","_kad_post_title":"","_kad_post_layout":"","_kad_post_sidebar_id":"","_kad_post_content_style":"","_kad_post_vertical_padding":"","_kad_post_feature":"","_kad_post_feature_position":"","_kad_post_header":false,"_kad_post_footer":false,"_kad_post_classname":""},"product_brand":[],"product_cat":[14965],"product_tag":[],"class_list":{"0":"post-131063","1":"product","2":"type-product","3":"status-publish","4":"has-post-thumbnail","6":"product_cat-hava-nemlendirici-hava-nemlendirici","8":"first","9":"instock","10":"purchasable","11":"product-type-simple","12":"entry","13":"content-bg","14":"loop-entry"},"_links":{"self":[{"href":"https:\/\/www.hediyepazar.com\/index.php?rest_route=\/wp\/v2\/product\/131063","targetHints":{"allow":["GET"]}}],"collection":[{"href":"https:\/\/www.hediyepazar.com\/index.php?rest_route=\/wp\/v2\/product"}],"about":[{"href":"https:\/\/www.hediyepazar.com\/index.php?rest_route=\/wp\/v2\/types\/product"}],"replies":[{"embeddable":true,"href":"https:\/\/www.hediyepazar.com\/index.php?rest_route=%2Fwp%2Fv2%2Fcomments&post=131063"}],"wp:featuredmedia":[{"embeddable":true,"href":"https:\/\/www.hediyepazar.com\/index.php?rest_route=\/wp\/v2\/media\/131062"}],"wp:attachment":[{"href":"https:\/\/www.hediyepazar.com\/index.php?rest_route=%2Fwp%2Fv2%2Fmedia&parent=131063"}],"wp:term":[{"taxonomy":"product_brand","embeddable":true,"href":"https:\/\/www.hediyepazar.com\/index.php?rest_route=%2Fwp%2Fv2%2Fproduct_brand&post=131063"},{"taxonomy":"product_cat","embeddable":true,"href":"https:\/\/www.hediyepazar.com\/index.php?rest_route=%2Fwp%2Fv2%2Fproduct_cat&post=131063"},{"taxonomy":"product_tag","embeddable":true,"href":"https:\/\/www.hediyepazar.com\/index.php?rest_route=%2Fwp%2Fv2%2Fproduct_tag&post=131063"}],"curies":[{"name":"wp","href":"https:\/\/api.w.org\/{rel}","templated":true}]}}