{"id":131067,"date":"2026-05-07T09:34:22","date_gmt":"2026-05-07T12:34:22","guid":{"rendered":"https:\/\/www.hediyepazar.com\/?product=usb-sarjli-masaustu-sogutucu-fan-su-puskurtmeli-renkli-isikli"},"modified":"2026-05-07T09:34:22","modified_gmt":"2026-05-07T12:34:22","slug":"usb-sarjli-masaustu-sogutucu-fan-su-puskurtmeli-renkli-isikli","status":"publish","type":"product","link":"https:\/\/www.hediyepazar.com\/?product=usb-sarjli-masaustu-sogutucu-fan-su-puskurtmeli-renkli-isikli","title":{"rendered":"USB \u015earjl\u0131 Masa\u00fcst\u00fc So\u011futucu Fan Su P\u00fcsk\u00fcrtmeli Renkli I\u015f\u0131kl\u0131"},"content":{"rendered":"<p>USB \u015farjl\u0131 masa\u00fcst\u00fc so\u011futucu fan, ki\u015fisel serinlik isteyen kullan\u0131c\u0131lar i\u00e7in ideal \u00e7\u00f6z\u00fcmd\u00fcr. Masa ba\u015f\u0131nda \u00e7al\u0131\u015f\u0131rken veya dinlenirken rahat kullan\u0131m sa\u011flar.G\u00fc\u00e7l\u00fc fan sistemi sayesinde serin hava ak\u0131\u015f\u0131 olu\u015fturur. Farkl\u0131 h\u0131z ayarlar\u0131 ile ihtiyaca g\u00f6re kullan\u0131labilir.Su p\u00fcsk\u00fcrtme \u00f6zelli\u011fi ile ortam havas\u0131n\u0131 daha ferah hissettirir. Kuru s\u0131cak havalarda avantaj sa\u011flar.Renkli \u0131\u015f\u0131k sistemi ile estetik g\u00f6r\u00fcn\u00fcm sunar. Modern masa d\u00fczeni olu\u015fturur.Sessiz motor yap\u0131s\u0131 sayesinde dikkat da\u011f\u0131tmaz.Ev, ofis ve seyahat kullan\u0131m\u0131 i\u00e7in uygundur.<\/p>\n","protected":false},"excerpt":{"rendered":"<p>USB \u015farjl\u0131 masa\u00fcst\u00fc so\u011futucu fan, ki\u015fisel serinlik isteyen kullan\u0131c\u0131lar i\u00e7in ideal \u00e7\u00f6z\u00fcmd\u00fcr. Masa ba\u015f\u0131nda \u00e7al\u0131\u015f\u0131rken veya dinlenirken rahat kullan\u0131m sa\u011flar.G\u00fc\u00e7l\u00fc fan sistemi sayesinde serin hava ak\u0131\u015f\u0131 olu\u015fturur. Farkl\u0131 h\u0131z ayarlar\u0131 ile ihtiyaca g\u00f6re kullan\u0131labilir.Su p\u00fcsk\u00fcrtme \u00f6zelli\u011fi ile ortam havas\u0131n\u0131 daha ferah hissettirir. Kuru s\u0131cak havalarda avantaj sa\u011flar.Renkli \u0131\u015f\u0131k sistemi ile estetik g\u00f6r\u00fcn\u00fcm sunar. Modern masa&#8230;<\/p>\n","protected":false},"featured_media":131066,"comment_status":"open","ping_status":"closed","template":"","meta":{"_kad_post_transparent":"","_kad_post_title":"","_kad_post_layout":"","_kad_post_sidebar_id":"","_kad_post_content_style":"","_kad_post_vertical_padding":"","_kad_post_feature":"","_kad_post_feature_position":"","_kad_post_header":false,"_kad_post_footer":false,"_kad_post_classname":""},"product_brand":[],"product_cat":[14965],"product_tag":[],"class_list":{"0":"post-131067","1":"product","2":"type-product","3":"status-publish","4":"has-post-thumbnail","6":"product_cat-hava-nemlendirici-hava-nemlendirici","8":"first","9":"instock","10":"purchasable","11":"product-type-simple","12":"entry","13":"content-bg","14":"loop-entry"},"_links":{"self":[{"href":"https:\/\/www.hediyepazar.com\/index.php?rest_route=\/wp\/v2\/product\/131067","targetHints":{"allow":["GET"]}}],"collection":[{"href":"https:\/\/www.hediyepazar.com\/index.php?rest_route=\/wp\/v2\/product"}],"about":[{"href":"https:\/\/www.hediyepazar.com\/index.php?rest_route=\/wp\/v2\/types\/product"}],"replies":[{"embeddable":true,"href":"https:\/\/www.hediyepazar.com\/index.php?rest_route=%2Fwp%2Fv2%2Fcomments&post=131067"}],"wp:featuredmedia":[{"embeddable":true,"href":"https:\/\/www.hediyepazar.com\/index.php?rest_route=\/wp\/v2\/media\/131066"}],"wp:attachment":[{"href":"https:\/\/www.hediyepazar.com\/index.php?rest_route=%2Fwp%2Fv2%2Fmedia&parent=131067"}],"wp:term":[{"taxonomy":"product_brand","embeddable":true,"href":"https:\/\/www.hediyepazar.com\/index.php?rest_route=%2Fwp%2Fv2%2Fproduct_brand&post=131067"},{"taxonomy":"product_cat","embeddable":true,"href":"https:\/\/www.hediyepazar.com\/index.php?rest_route=%2Fwp%2Fv2%2Fproduct_cat&post=131067"},{"taxonomy":"product_tag","embeddable":true,"href":"https:\/\/www.hediyepazar.com\/index.php?rest_route=%2Fwp%2Fv2%2Fproduct_tag&post=131067"}],"curies":[{"name":"wp","href":"https:\/\/api.w.org\/{rel}","templated":true}]}}