{"id":131085,"date":"2026-05-07T09:36:14","date_gmt":"2026-05-07T12:36:14","guid":{"rendered":"https:\/\/www.hediyepazar.com\/?product=bluetooth-klavye-mouse-seti-tasinabilir-wireless-bilgisayar-aksesuari"},"modified":"2026-05-07T09:36:14","modified_gmt":"2026-05-07T12:36:14","slug":"bluetooth-klavye-mouse-seti-tasinabilir-wireless-bilgisayar-aksesuari","status":"publish","type":"product","link":"https:\/\/www.hediyepazar.com\/?product=bluetooth-klavye-mouse-seti-tasinabilir-wireless-bilgisayar-aksesuari","title":{"rendered":"Bluetooth Klavye Mouse Seti Ta\u015f\u0131nabilir Wireless Bilgisayar Aksesuar\u0131"},"content":{"rendered":"<p>Bluetooth klavye mouse seti, mobil kullan\u0131m ve masa d\u00fczeni isteyenler i\u00e7in ideal bilgisayar aksesuar\u0131d\u0131r. \u0130nce yap\u0131s\u0131 sayesinde \u00e7antada ta\u015f\u0131nabilir.Kablosuz kullan\u0131m \u00f6zelli\u011fi sayesinde masa \u00fczerinde \u00f6zg\u00fcr hareket alan\u0131 sa\u011flar. Kablo karma\u015fas\u0131 olu\u015fturmaz.Klavye ergonomik tu\u015f dizilimi ile rahat yaz\u0131m sunar. Mouse ise ak\u0131c\u0131 kontrol sa\u011flar.Evde \u00e7al\u0131\u015fma, okul, seyahat ve ofis kullan\u0131m\u0131 i\u00e7in uygundur. Hafif yap\u0131s\u0131 sayesinde kolay ta\u015f\u0131n\u0131r.Uyumlu cihazlarla kolay ba\u011flant\u0131 sa\u011flar. Kullan\u0131m\u0131 pratiktir.Modern tasar\u0131m\u0131 ile dikkat \u00e7eker.<\/p>\n","protected":false},"excerpt":{"rendered":"<p>Bluetooth klavye mouse seti, mobil kullan\u0131m ve masa d\u00fczeni isteyenler i\u00e7in ideal bilgisayar aksesuar\u0131d\u0131r. \u0130nce yap\u0131s\u0131 sayesinde \u00e7antada ta\u015f\u0131nabilir.Kablosuz kullan\u0131m \u00f6zelli\u011fi sayesinde masa \u00fczerinde \u00f6zg\u00fcr hareket alan\u0131 sa\u011flar. Kablo karma\u015fas\u0131 olu\u015fturmaz.Klavye ergonomik tu\u015f dizilimi ile rahat yaz\u0131m sunar. Mouse ise ak\u0131c\u0131 kontrol sa\u011flar.Evde \u00e7al\u0131\u015fma, okul, seyahat ve ofis kullan\u0131m\u0131 i\u00e7in uygundur. Hafif yap\u0131s\u0131 sayesinde kolay&#8230;<\/p>\n","protected":false},"featured_media":131084,"comment_status":"open","ping_status":"closed","template":"","meta":{"_kad_post_transparent":"","_kad_post_title":"","_kad_post_layout":"","_kad_post_sidebar_id":"","_kad_post_content_style":"","_kad_post_vertical_padding":"","_kad_post_feature":"","_kad_post_feature_position":"","_kad_post_header":false,"_kad_post_footer":false,"_kad_post_classname":""},"product_brand":[],"product_cat":[14913],"product_tag":[],"class_list":{"0":"post-131085","1":"product","2":"type-product","3":"status-publish","4":"has-post-thumbnail","6":"product_cat-klavye-klavye-2","8":"first","9":"instock","10":"purchasable","11":"product-type-simple","12":"entry","13":"content-bg","14":"loop-entry"},"_links":{"self":[{"href":"https:\/\/www.hediyepazar.com\/index.php?rest_route=\/wp\/v2\/product\/131085","targetHints":{"allow":["GET"]}}],"collection":[{"href":"https:\/\/www.hediyepazar.com\/index.php?rest_route=\/wp\/v2\/product"}],"about":[{"href":"https:\/\/www.hediyepazar.com\/index.php?rest_route=\/wp\/v2\/types\/product"}],"replies":[{"embeddable":true,"href":"https:\/\/www.hediyepazar.com\/index.php?rest_route=%2Fwp%2Fv2%2Fcomments&post=131085"}],"wp:featuredmedia":[{"embeddable":true,"href":"https:\/\/www.hediyepazar.com\/index.php?rest_route=\/wp\/v2\/media\/131084"}],"wp:attachment":[{"href":"https:\/\/www.hediyepazar.com\/index.php?rest_route=%2Fwp%2Fv2%2Fmedia&parent=131085"}],"wp:term":[{"taxonomy":"product_brand","embeddable":true,"href":"https:\/\/www.hediyepazar.com\/index.php?rest_route=%2Fwp%2Fv2%2Fproduct_brand&post=131085"},{"taxonomy":"product_cat","embeddable":true,"href":"https:\/\/www.hediyepazar.com\/index.php?rest_route=%2Fwp%2Fv2%2Fproduct_cat&post=131085"},{"taxonomy":"product_tag","embeddable":true,"href":"https:\/\/www.hediyepazar.com\/index.php?rest_route=%2Fwp%2Fv2%2Fproduct_tag&post=131085"}],"curies":[{"name":"wp","href":"https:\/\/api.w.org\/{rel}","templated":true}]}}