{"id":131087,"date":"2026-05-07T09:36:20","date_gmt":"2026-05-07T12:36:20","guid":{"rendered":"https:\/\/www.hediyepazar.com\/?product=kablosuz-klavye-ve-mouse-kombosu-bluetooth-uyumlu-sessiz-set"},"modified":"2026-05-07T09:36:20","modified_gmt":"2026-05-07T12:36:20","slug":"kablosuz-klavye-ve-mouse-kombosu-bluetooth-uyumlu-sessiz-set","status":"publish","type":"product","link":"https:\/\/www.hediyepazar.com\/?product=kablosuz-klavye-ve-mouse-kombosu-bluetooth-uyumlu-sessiz-set","title":{"rendered":"Kablosuz Klavye ve Mouse Kombosu Bluetooth Uyumlu Sessiz Set"},"content":{"rendered":"<p>Kablosuz klavye ve mouse kombosu, g\u00fcnl\u00fck bilgisayar kullan\u0131m\u0131nda pratiklik arayan kullan\u0131c\u0131lar i\u00e7in geli\u015ftirilmi\u015ftir. Tek paket i\u00e7erisinde klavye ve mouse yer al\u0131r.Bluetooth ve kablosuz ba\u011flant\u0131 \u00f6zelli\u011fi sayesinde rahat kullan\u0131m sunar. Kablo gerektirmez.Klavye ince tasar\u0131ml\u0131d\u0131r ve rahat tu\u015f yap\u0131s\u0131na sahiptir. Yaz\u0131 yazma i\u015flemlerinde konfor sa\u011flar.Mouse h\u0131zl\u0131 tepki veren hassas yap\u0131ya sahiptir. \u0130nternette gezinme ve belge kullan\u0131m\u0131 i\u00e7in uygundur.Windows, Mac ve uyumlu cihazlarda kullan\u0131labilir. \u00d6\u011frenci ve ofis \u00e7al\u0131\u015fanlar\u0131 i\u00e7in ideal \u00fcr\u00fcnd\u00fcr.\u015e\u0131k ve sade g\u00f6r\u00fcn\u00fcm\u00fc ile masa\u00fcst\u00fc alan\u0131na uyum sa\u011flar.<\/p>\n","protected":false},"excerpt":{"rendered":"<p>Kablosuz klavye ve mouse kombosu, g\u00fcnl\u00fck bilgisayar kullan\u0131m\u0131nda pratiklik arayan kullan\u0131c\u0131lar i\u00e7in geli\u015ftirilmi\u015ftir. Tek paket i\u00e7erisinde klavye ve mouse yer al\u0131r.Bluetooth ve kablosuz ba\u011flant\u0131 \u00f6zelli\u011fi sayesinde rahat kullan\u0131m sunar. Kablo gerektirmez.Klavye ince tasar\u0131ml\u0131d\u0131r ve rahat tu\u015f yap\u0131s\u0131na sahiptir. Yaz\u0131 yazma i\u015flemlerinde konfor sa\u011flar.Mouse h\u0131zl\u0131 tepki veren hassas yap\u0131ya sahiptir. \u0130nternette gezinme ve belge kullan\u0131m\u0131 i\u00e7in&#8230;<\/p>\n","protected":false},"featured_media":131086,"comment_status":"open","ping_status":"closed","template":"","meta":{"_kad_post_transparent":"","_kad_post_title":"","_kad_post_layout":"","_kad_post_sidebar_id":"","_kad_post_content_style":"","_kad_post_vertical_padding":"","_kad_post_feature":"","_kad_post_feature_position":"","_kad_post_header":false,"_kad_post_footer":false,"_kad_post_classname":""},"product_brand":[],"product_cat":[14913],"product_tag":[],"class_list":{"0":"post-131087","1":"product","2":"type-product","3":"status-publish","4":"has-post-thumbnail","6":"product_cat-klavye-klavye-2","8":"first","9":"instock","10":"purchasable","11":"product-type-simple","12":"entry","13":"content-bg","14":"loop-entry"},"_links":{"self":[{"href":"https:\/\/www.hediyepazar.com\/index.php?rest_route=\/wp\/v2\/product\/131087","targetHints":{"allow":["GET"]}}],"collection":[{"href":"https:\/\/www.hediyepazar.com\/index.php?rest_route=\/wp\/v2\/product"}],"about":[{"href":"https:\/\/www.hediyepazar.com\/index.php?rest_route=\/wp\/v2\/types\/product"}],"replies":[{"embeddable":true,"href":"https:\/\/www.hediyepazar.com\/index.php?rest_route=%2Fwp%2Fv2%2Fcomments&post=131087"}],"wp:featuredmedia":[{"embeddable":true,"href":"https:\/\/www.hediyepazar.com\/index.php?rest_route=\/wp\/v2\/media\/131086"}],"wp:attachment":[{"href":"https:\/\/www.hediyepazar.com\/index.php?rest_route=%2Fwp%2Fv2%2Fmedia&parent=131087"}],"wp:term":[{"taxonomy":"product_brand","embeddable":true,"href":"https:\/\/www.hediyepazar.com\/index.php?rest_route=%2Fwp%2Fv2%2Fproduct_brand&post=131087"},{"taxonomy":"product_cat","embeddable":true,"href":"https:\/\/www.hediyepazar.com\/index.php?rest_route=%2Fwp%2Fv2%2Fproduct_cat&post=131087"},{"taxonomy":"product_tag","embeddable":true,"href":"https:\/\/www.hediyepazar.com\/index.php?rest_route=%2Fwp%2Fv2%2Fproduct_tag&post=131087"}],"curies":[{"name":"wp","href":"https:\/\/api.w.org\/{rel}","templated":true}]}}