{"id":131089,"date":"2026-05-07T09:37:01","date_gmt":"2026-05-07T12:37:01","guid":{"rendered":"https:\/\/www.hediyepazar.com\/?product=wireless-klavye-mouse-seti-bluetooth-baglantili-ince-tasarim-sessiz-kullanim"},"modified":"2026-05-07T09:37:01","modified_gmt":"2026-05-07T12:37:01","slug":"wireless-klavye-mouse-seti-bluetooth-baglantili-ince-tasarim-sessiz-kullanim","status":"publish","type":"product","link":"https:\/\/www.hediyepazar.com\/?product=wireless-klavye-mouse-seti-bluetooth-baglantili-ince-tasarim-sessiz-kullanim","title":{"rendered":"Wireless Klavye Mouse Seti Bluetooth Ba\u011flant\u0131l\u0131 \u0130nce Tasar\u0131m Sessiz Kullan\u0131m"},"content":{"rendered":"<p>Wireless klavye mouse seti, bilgisayar kullan\u0131m\u0131n\u0131 daha rahat hale getirmek isteyen kullan\u0131c\u0131lar i\u00e7in tasarlanm\u0131\u015ft\u0131r. Kablo karma\u015fas\u0131n\u0131 azalt\u0131r ve masa d\u00fczeni sa\u011flar.Kablosuz ba\u011flant\u0131 deste\u011fi sayesinde kolay kullan\u0131m sunar. Bluetooth uyumlu cihazlarla h\u0131zl\u0131 e\u015fle\u015febilir. Laptop, masa\u00fcst\u00fc bilgisayar ve uyumlu sistemlerde kullan\u0131labilir.\u0130nce klavye tasar\u0131m\u0131 rahat yaz\u0131m deneyimi sunar. Sessiz tu\u015f yap\u0131s\u0131 sayesinde \u00e7al\u0131\u015fma ortam\u0131nda rahats\u0131zl\u0131k olu\u015fturmaz.Mouse ergonomik yap\u0131s\u0131 ile ele uyumludur. Hassas hareket kabiliyeti sayesinde ak\u0131c\u0131 kullan\u0131m sa\u011flar.Ev, ofis, okul ve uzaktan \u00e7al\u0131\u015fma alanlar\u0131nda tercih edilebilir. Hafif yap\u0131s\u0131 sayesinde ta\u015f\u0131nmas\u0131 kolayd\u0131r.Modern g\u00f6r\u00fcn\u00fcm\u00fc \u00e7al\u0131\u015fma alan\u0131na \u015f\u0131kl\u0131k katar.<\/p>\n","protected":false},"excerpt":{"rendered":"<p>Wireless klavye mouse seti, bilgisayar kullan\u0131m\u0131n\u0131 daha rahat hale getirmek isteyen kullan\u0131c\u0131lar i\u00e7in tasarlanm\u0131\u015ft\u0131r. Kablo karma\u015fas\u0131n\u0131 azalt\u0131r ve masa d\u00fczeni sa\u011flar.Kablosuz ba\u011flant\u0131 deste\u011fi sayesinde kolay kullan\u0131m sunar. Bluetooth uyumlu cihazlarla h\u0131zl\u0131 e\u015fle\u015febilir. Laptop, masa\u00fcst\u00fc bilgisayar ve uyumlu sistemlerde kullan\u0131labilir.\u0130nce klavye tasar\u0131m\u0131 rahat yaz\u0131m deneyimi sunar. Sessiz tu\u015f yap\u0131s\u0131 sayesinde \u00e7al\u0131\u015fma ortam\u0131nda rahats\u0131zl\u0131k olu\u015fturmaz.Mouse ergonomik yap\u0131s\u0131&#8230;<\/p>\n","protected":false},"featured_media":131088,"comment_status":"open","ping_status":"closed","template":"","meta":{"_kad_post_transparent":"","_kad_post_title":"","_kad_post_layout":"","_kad_post_sidebar_id":"","_kad_post_content_style":"","_kad_post_vertical_padding":"","_kad_post_feature":"","_kad_post_feature_position":"","_kad_post_header":false,"_kad_post_footer":false,"_kad_post_classname":""},"product_brand":[],"product_cat":[14913],"product_tag":[],"class_list":{"0":"post-131089","1":"product","2":"type-product","3":"status-publish","4":"has-post-thumbnail","6":"product_cat-klavye-klavye-2","8":"first","9":"instock","10":"purchasable","11":"product-type-simple","12":"entry","13":"content-bg","14":"loop-entry"},"_links":{"self":[{"href":"https:\/\/www.hediyepazar.com\/index.php?rest_route=\/wp\/v2\/product\/131089","targetHints":{"allow":["GET"]}}],"collection":[{"href":"https:\/\/www.hediyepazar.com\/index.php?rest_route=\/wp\/v2\/product"}],"about":[{"href":"https:\/\/www.hediyepazar.com\/index.php?rest_route=\/wp\/v2\/types\/product"}],"replies":[{"embeddable":true,"href":"https:\/\/www.hediyepazar.com\/index.php?rest_route=%2Fwp%2Fv2%2Fcomments&post=131089"}],"wp:featuredmedia":[{"embeddable":true,"href":"https:\/\/www.hediyepazar.com\/index.php?rest_route=\/wp\/v2\/media\/131088"}],"wp:attachment":[{"href":"https:\/\/www.hediyepazar.com\/index.php?rest_route=%2Fwp%2Fv2%2Fmedia&parent=131089"}],"wp:term":[{"taxonomy":"product_brand","embeddable":true,"href":"https:\/\/www.hediyepazar.com\/index.php?rest_route=%2Fwp%2Fv2%2Fproduct_brand&post=131089"},{"taxonomy":"product_cat","embeddable":true,"href":"https:\/\/www.hediyepazar.com\/index.php?rest_route=%2Fwp%2Fv2%2Fproduct_cat&post=131089"},{"taxonomy":"product_tag","embeddable":true,"href":"https:\/\/www.hediyepazar.com\/index.php?rest_route=%2Fwp%2Fv2%2Fproduct_tag&post=131089"}],"curies":[{"name":"wp","href":"https:\/\/api.w.org\/{rel}","templated":true}]}}