{"id":131093,"date":"2026-05-07T09:37:20","date_gmt":"2026-05-07T12:37:20","guid":{"rendered":"https:\/\/www.hediyepazar.com\/?product=kablosuz-solar-projektor-hareket-sensorlu-dis-cephe-lambasi"},"modified":"2026-05-07T09:37:20","modified_gmt":"2026-05-07T12:37:20","slug":"kablosuz-solar-projektor-hareket-sensorlu-dis-cephe-lambasi","status":"publish","type":"product","link":"https:\/\/www.hediyepazar.com\/?product=kablosuz-solar-projektor-hareket-sensorlu-dis-cephe-lambasi","title":{"rendered":"Kablosuz Solar Projekt\u00f6r Hareket Sens\u00f6rl\u00fc D\u0131\u015f Cephe Lambas\u0131"},"content":{"rendered":"<p>Kablosuz solar projekt\u00f6r, d\u0131\u015f cephelerde kablo \u00e7ekmeden ayd\u0131nlatma yapmak isteyen kullan\u0131c\u0131lar i\u00e7in ideal \u00fcr\u00fcnd\u00fcr. G\u00fcne\u015f enerjisi ile \u00e7al\u0131\u015ft\u0131\u011f\u0131 i\u00e7in enerji maliyeti olu\u015fturmaz.Sens\u00f6r sistemi sayesinde hareket alg\u0131lad\u0131\u011f\u0131nda otomatik devreye girer. Gece g\u00fcvenlik deste\u011fi sa\u011flar.LED \u0131\u015f\u0131k sistemi ile g\u00fc\u00e7l\u00fc ayd\u0131nlatma sunar. Bah\u00e7e, kap\u0131 \u00f6n\u00fc, balkon ve garaj alanlar\u0131nda kullan\u0131labilir.\u015e\u0131k siyah tasar\u0131m\u0131 ile modern g\u00f6r\u00fcn\u00fcm sunar. Her t\u00fcrl\u00fc d\u0131\u015f cepheye uyum sa\u011flar.Dayan\u0131kl\u0131 yap\u0131s\u0131 sayesinde uzun s\u00fcre d\u0131\u015f mekanda kullan\u0131labilir.Kurulumu kolay ve pratiktir.<\/p>\n","protected":false},"excerpt":{"rendered":"<p>Kablosuz solar projekt\u00f6r, d\u0131\u015f cephelerde kablo \u00e7ekmeden ayd\u0131nlatma yapmak isteyen kullan\u0131c\u0131lar i\u00e7in ideal \u00fcr\u00fcnd\u00fcr. G\u00fcne\u015f enerjisi ile \u00e7al\u0131\u015ft\u0131\u011f\u0131 i\u00e7in enerji maliyeti olu\u015fturmaz.Sens\u00f6r sistemi sayesinde hareket alg\u0131lad\u0131\u011f\u0131nda otomatik devreye girer. Gece g\u00fcvenlik deste\u011fi sa\u011flar.LED \u0131\u015f\u0131k sistemi ile g\u00fc\u00e7l\u00fc ayd\u0131nlatma sunar. Bah\u00e7e, kap\u0131 \u00f6n\u00fc, balkon ve garaj alanlar\u0131nda kullan\u0131labilir.\u015e\u0131k siyah tasar\u0131m\u0131 ile modern g\u00f6r\u00fcn\u00fcm sunar. Her t\u00fcrl\u00fc&#8230;<\/p>\n","protected":false},"featured_media":131092,"comment_status":"open","ping_status":"closed","template":"","meta":{"_kad_post_transparent":"","_kad_post_title":"","_kad_post_layout":"","_kad_post_sidebar_id":"","_kad_post_content_style":"","_kad_post_vertical_padding":"","_kad_post_feature":"","_kad_post_feature_position":"","_kad_post_header":false,"_kad_post_footer":false,"_kad_post_classname":""},"product_brand":[],"product_cat":[14946],"product_tag":[],"class_list":{"0":"post-131093","1":"product","2":"type-product","3":"status-publish","4":"has-post-thumbnail","6":"product_cat-bahce-aydinlatmasi-bahce-aydinlatmasi","8":"first","9":"instock","10":"purchasable","11":"product-type-simple","12":"entry","13":"content-bg","14":"loop-entry"},"_links":{"self":[{"href":"https:\/\/www.hediyepazar.com\/index.php?rest_route=\/wp\/v2\/product\/131093","targetHints":{"allow":["GET"]}}],"collection":[{"href":"https:\/\/www.hediyepazar.com\/index.php?rest_route=\/wp\/v2\/product"}],"about":[{"href":"https:\/\/www.hediyepazar.com\/index.php?rest_route=\/wp\/v2\/types\/product"}],"replies":[{"embeddable":true,"href":"https:\/\/www.hediyepazar.com\/index.php?rest_route=%2Fwp%2Fv2%2Fcomments&post=131093"}],"wp:featuredmedia":[{"embeddable":true,"href":"https:\/\/www.hediyepazar.com\/index.php?rest_route=\/wp\/v2\/media\/131092"}],"wp:attachment":[{"href":"https:\/\/www.hediyepazar.com\/index.php?rest_route=%2Fwp%2Fv2%2Fmedia&parent=131093"}],"wp:term":[{"taxonomy":"product_brand","embeddable":true,"href":"https:\/\/www.hediyepazar.com\/index.php?rest_route=%2Fwp%2Fv2%2Fproduct_brand&post=131093"},{"taxonomy":"product_cat","embeddable":true,"href":"https:\/\/www.hediyepazar.com\/index.php?rest_route=%2Fwp%2Fv2%2Fproduct_cat&post=131093"},{"taxonomy":"product_tag","embeddable":true,"href":"https:\/\/www.hediyepazar.com\/index.php?rest_route=%2Fwp%2Fv2%2Fproduct_tag&post=131093"}],"curies":[{"name":"wp","href":"https:\/\/api.w.org\/{rel}","templated":true}]}}