{"id":131095,"date":"2026-05-07T09:38:01","date_gmt":"2026-05-07T12:38:01","guid":{"rendered":"https:\/\/www.hediyepazar.com\/?product=hareket-sensorlu-solar-bahce-lambasi-guclu-led-duvar-projektoru"},"modified":"2026-05-07T09:38:01","modified_gmt":"2026-05-07T12:38:01","slug":"hareket-sensorlu-solar-bahce-lambasi-guclu-led-duvar-projektoru","status":"publish","type":"product","link":"https:\/\/www.hediyepazar.com\/?product=hareket-sensorlu-solar-bahce-lambasi-guclu-led-duvar-projektoru","title":{"rendered":"Hareket Sens\u00f6rl\u00fc Solar Bah\u00e7e Lambas\u0131 G\u00fc\u00e7l\u00fc LED Duvar Projekt\u00f6r\u00fc"},"content":{"rendered":"<p>Hareket sens\u00f6rl\u00fc solar bah\u00e7e lambas\u0131, bah\u00e7e ve d\u0131\u015f mekan alanlar\u0131nda pratik kullan\u0131m sunan ayd\u0131nlatma \u00fcr\u00fcn\u00fcd\u00fcr. Elektrik hatt\u0131na ihtiya\u00e7 duymadan \u00e7al\u0131\u015f\u0131r.Solar panel sayesinde g\u00fcn \u0131\u015f\u0131\u011f\u0131nda enerji depolar. Gece hareket alg\u0131land\u0131\u011f\u0131nda otomatik yanar. Bu sayede hem g\u00fcvenlik hem tasarruf sa\u011flar.LED ayd\u0131nlatmas\u0131 giri\u015f kap\u0131s\u0131, bah\u00e7e yolu, otopark ve depo \u00f6n\u00fc gibi alanlarda kullan\u0131labilir.\u00c7ok y\u00f6nl\u00fc ba\u015fl\u0131k tasar\u0131m\u0131 \u0131\u015f\u0131\u011f\u0131 farkl\u0131 a\u00e7\u0131lara y\u00f6nlendirme imkan\u0131 sunar.D\u0131\u015f mekan dayan\u0131kl\u0131 g\u00f6vdesi ile ya\u011fmur ve r\u00fczgara kar\u015f\u0131 uygundur.Kolay monte edilir ve uzun \u00f6m\u00fcrl\u00fc kullan\u0131m sa\u011flar.<\/p>\n","protected":false},"excerpt":{"rendered":"<p>Hareket sens\u00f6rl\u00fc solar bah\u00e7e lambas\u0131, bah\u00e7e ve d\u0131\u015f mekan alanlar\u0131nda pratik kullan\u0131m sunan ayd\u0131nlatma \u00fcr\u00fcn\u00fcd\u00fcr. Elektrik hatt\u0131na ihtiya\u00e7 duymadan \u00e7al\u0131\u015f\u0131r.Solar panel sayesinde g\u00fcn \u0131\u015f\u0131\u011f\u0131nda enerji depolar. Gece hareket alg\u0131land\u0131\u011f\u0131nda otomatik yanar. Bu sayede hem g\u00fcvenlik hem tasarruf sa\u011flar.LED ayd\u0131nlatmas\u0131 giri\u015f kap\u0131s\u0131, bah\u00e7e yolu, otopark ve depo \u00f6n\u00fc gibi alanlarda kullan\u0131labilir.\u00c7ok y\u00f6nl\u00fc ba\u015fl\u0131k tasar\u0131m\u0131 \u0131\u015f\u0131\u011f\u0131 farkl\u0131&#8230;<\/p>\n","protected":false},"featured_media":131094,"comment_status":"open","ping_status":"closed","template":"","meta":{"_kad_post_transparent":"","_kad_post_title":"","_kad_post_layout":"","_kad_post_sidebar_id":"","_kad_post_content_style":"","_kad_post_vertical_padding":"","_kad_post_feature":"","_kad_post_feature_position":"","_kad_post_header":false,"_kad_post_footer":false,"_kad_post_classname":""},"product_brand":[],"product_cat":[14946],"product_tag":[],"class_list":{"0":"post-131095","1":"product","2":"type-product","3":"status-publish","4":"has-post-thumbnail","6":"product_cat-bahce-aydinlatmasi-bahce-aydinlatmasi","8":"first","9":"instock","10":"purchasable","11":"product-type-simple","12":"entry","13":"content-bg","14":"loop-entry"},"_links":{"self":[{"href":"https:\/\/www.hediyepazar.com\/index.php?rest_route=\/wp\/v2\/product\/131095","targetHints":{"allow":["GET"]}}],"collection":[{"href":"https:\/\/www.hediyepazar.com\/index.php?rest_route=\/wp\/v2\/product"}],"about":[{"href":"https:\/\/www.hediyepazar.com\/index.php?rest_route=\/wp\/v2\/types\/product"}],"replies":[{"embeddable":true,"href":"https:\/\/www.hediyepazar.com\/index.php?rest_route=%2Fwp%2Fv2%2Fcomments&post=131095"}],"wp:featuredmedia":[{"embeddable":true,"href":"https:\/\/www.hediyepazar.com\/index.php?rest_route=\/wp\/v2\/media\/131094"}],"wp:attachment":[{"href":"https:\/\/www.hediyepazar.com\/index.php?rest_route=%2Fwp%2Fv2%2Fmedia&parent=131095"}],"wp:term":[{"taxonomy":"product_brand","embeddable":true,"href":"https:\/\/www.hediyepazar.com\/index.php?rest_route=%2Fwp%2Fv2%2Fproduct_brand&post=131095"},{"taxonomy":"product_cat","embeddable":true,"href":"https:\/\/www.hediyepazar.com\/index.php?rest_route=%2Fwp%2Fv2%2Fproduct_cat&post=131095"},{"taxonomy":"product_tag","embeddable":true,"href":"https:\/\/www.hediyepazar.com\/index.php?rest_route=%2Fwp%2Fv2%2Fproduct_tag&post=131095"}],"curies":[{"name":"wp","href":"https:\/\/api.w.org\/{rel}","templated":true}]}}