{"id":131105,"date":"2026-05-07T09:39:16","date_gmt":"2026-05-07T12:39:16","guid":{"rendered":"https:\/\/www.hediyepazar.com\/?product=tasinabilir-elektrikli-sinek-oldurucu-10w-askili-uv-hasere-lambasi"},"modified":"2026-05-07T09:39:16","modified_gmt":"2026-05-07T12:39:16","slug":"tasinabilir-elektrikli-sinek-oldurucu-10w-askili-uv-hasere-lambasi","status":"publish","type":"product","link":"https:\/\/www.hediyepazar.com\/?product=tasinabilir-elektrikli-sinek-oldurucu-10w-askili-uv-hasere-lambasi","title":{"rendered":"Ta\u015f\u0131nabilir Elektrikli Sinek \u00d6ld\u00fcr\u00fcc\u00fc 10W Ask\u0131l\u0131 UV Ha\u015fere Lambas\u0131"},"content":{"rendered":"<p>Ta\u015f\u0131nabilir elektrikli sinek \u00f6ld\u00fcr\u00fcc\u00fc, sinek ve ha\u015fere sorununa kar\u015f\u0131 g\u00fc\u00e7l\u00fc performans sa\u011flayan kullan\u0131\u015fl\u0131 cihazd\u0131r. UV \u0131\u015f\u0131\u011f\u0131 sayesinde sinekleri \u00e7ekerek etkili koruma sunar.10W g\u00fcc\u00fc ile balkon, bah\u00e7e giri\u015fi, veranda, mutfak ve ofis gibi alanlarda rahatl\u0131kla kullan\u0131labilir. Geni\u015f etki alan\u0131 sa\u011flar.Ask\u0131l\u0131 tasar\u0131m\u0131 sayesinde uygun alanlara as\u0131labilir. Masa \u00fczerinde de kullan\u0131labilir.Sessiz \u00e7al\u0131\u015fma \u00f6zelli\u011fi ile rahats\u0131zl\u0131k vermez. Gece kullan\u0131mlar\u0131nda konfor sa\u011flar.Kimyasal i\u00e7ermeyen sistemi sayesinde \u00e7evre dostudur. Sprey ihtiyac\u0131n\u0131 azalt\u0131r.Sa\u011flam malzemesi sayesinde uzun s\u00fcre kullan\u0131labilir.<\/p>\n","protected":false},"excerpt":{"rendered":"<p>Ta\u015f\u0131nabilir elektrikli sinek \u00f6ld\u00fcr\u00fcc\u00fc, sinek ve ha\u015fere sorununa kar\u015f\u0131 g\u00fc\u00e7l\u00fc performans sa\u011flayan kullan\u0131\u015fl\u0131 cihazd\u0131r. UV \u0131\u015f\u0131\u011f\u0131 sayesinde sinekleri \u00e7ekerek etkili koruma sunar.10W g\u00fcc\u00fc ile balkon, bah\u00e7e giri\u015fi, veranda, mutfak ve ofis gibi alanlarda rahatl\u0131kla kullan\u0131labilir. Geni\u015f etki alan\u0131 sa\u011flar.Ask\u0131l\u0131 tasar\u0131m\u0131 sayesinde uygun alanlara as\u0131labilir. Masa \u00fczerinde de kullan\u0131labilir.Sessiz \u00e7al\u0131\u015fma \u00f6zelli\u011fi ile rahats\u0131zl\u0131k vermez. Gece kullan\u0131mlar\u0131nda&#8230;<\/p>\n","protected":false},"featured_media":131104,"comment_status":"open","ping_status":"closed","template":"","meta":{"_kad_post_transparent":"","_kad_post_title":"","_kad_post_layout":"","_kad_post_sidebar_id":"","_kad_post_content_style":"","_kad_post_vertical_padding":"","_kad_post_feature":"","_kad_post_feature_position":"","_kad_post_header":false,"_kad_post_footer":false,"_kad_post_classname":""},"product_brand":[],"product_cat":[15078],"product_tag":[],"class_list":{"0":"post-131105","1":"product","2":"type-product","3":"status-publish","4":"has-post-thumbnail","6":"product_cat-hasere-kovucular-hasere-kovucular","8":"first","9":"instock","10":"purchasable","11":"product-type-simple","12":"entry","13":"content-bg","14":"loop-entry"},"_links":{"self":[{"href":"https:\/\/www.hediyepazar.com\/index.php?rest_route=\/wp\/v2\/product\/131105","targetHints":{"allow":["GET"]}}],"collection":[{"href":"https:\/\/www.hediyepazar.com\/index.php?rest_route=\/wp\/v2\/product"}],"about":[{"href":"https:\/\/www.hediyepazar.com\/index.php?rest_route=\/wp\/v2\/types\/product"}],"replies":[{"embeddable":true,"href":"https:\/\/www.hediyepazar.com\/index.php?rest_route=%2Fwp%2Fv2%2Fcomments&post=131105"}],"wp:featuredmedia":[{"embeddable":true,"href":"https:\/\/www.hediyepazar.com\/index.php?rest_route=\/wp\/v2\/media\/131104"}],"wp:attachment":[{"href":"https:\/\/www.hediyepazar.com\/index.php?rest_route=%2Fwp%2Fv2%2Fmedia&parent=131105"}],"wp:term":[{"taxonomy":"product_brand","embeddable":true,"href":"https:\/\/www.hediyepazar.com\/index.php?rest_route=%2Fwp%2Fv2%2Fproduct_brand&post=131105"},{"taxonomy":"product_cat","embeddable":true,"href":"https:\/\/www.hediyepazar.com\/index.php?rest_route=%2Fwp%2Fv2%2Fproduct_cat&post=131105"},{"taxonomy":"product_tag","embeddable":true,"href":"https:\/\/www.hediyepazar.com\/index.php?rest_route=%2Fwp%2Fv2%2Fproduct_tag&post=131105"}],"curies":[{"name":"wp","href":"https:\/\/api.w.org\/{rel}","templated":true}]}}