{"id":131107,"date":"2026-05-07T09:39:27","date_gmt":"2026-05-07T12:39:27","guid":{"rendered":"https:\/\/www.hediyepazar.com\/?product=sessiz-calisan-sinek-oldurucu-lamba-10w-guclu-elektrikli-hasere-kovucu"},"modified":"2026-05-07T09:39:27","modified_gmt":"2026-05-07T12:39:27","slug":"sessiz-calisan-sinek-oldurucu-lamba-10w-guclu-elektrikli-hasere-kovucu","status":"publish","type":"product","link":"https:\/\/www.hediyepazar.com\/?product=sessiz-calisan-sinek-oldurucu-lamba-10w-guclu-elektrikli-hasere-kovucu","title":{"rendered":"Sessiz \u00c7al\u0131\u015fan Sinek \u00d6ld\u00fcr\u00fcc\u00fc Lamba 10W G\u00fc\u00e7l\u00fc Elektrikli Ha\u015fere Kovucu"},"content":{"rendered":"<p>Sessiz \u00e7al\u0131\u015fan sinek \u00f6ld\u00fcr\u00fcc\u00fc lamba, ya\u015fam alanlar\u0131nda rahats\u0131z edici sinek sorununa kar\u015f\u0131 geli\u015ftirilmi\u015f etkili \u00fcr\u00fcnd\u00fcr. UV \u0131\u015f\u0131k sistemi ile sinekleri kendine \u00e7eker ve bulundu\u011fu ortam\u0131n daha rahat hale gelmesine yard\u0131mc\u0131 olur.10W g\u00fcc\u00fc sayesinde standart modellere g\u00f6re daha etkili kullan\u0131m sunar. \u00d6zellikle b\u00fcy\u00fck alanlarda avantaj sa\u011flar.Sessiz motor yap\u0131s\u0131 ile gece kullan\u0131m\u0131 i\u00e7in idealdir. Yatak odas\u0131, salon ve \u00e7ocuk odas\u0131nda rahat\u00e7a kullan\u0131labilir.Kimyasal kullanmadan \u00e7al\u0131\u015ft\u0131\u011f\u0131 i\u00e7in hava kalitesini bozmaz. Sprey veya ila\u00e7 ihtiyac\u0131n\u0131 azaltabilir.Tak \u00e7al\u0131\u015ft\u0131r \u00f6zelli\u011fi sayesinde kolay kullan\u0131m sa\u011flar. Kurulum gerektirmez.Dayan\u0131kl\u0131 d\u0131\u015f g\u00f6vdesi ile uzun \u00f6m\u00fcrl\u00fc kullan\u0131m sunar.<\/p>\n","protected":false},"excerpt":{"rendered":"<p>Sessiz \u00e7al\u0131\u015fan sinek \u00f6ld\u00fcr\u00fcc\u00fc lamba, ya\u015fam alanlar\u0131nda rahats\u0131z edici sinek sorununa kar\u015f\u0131 geli\u015ftirilmi\u015f etkili \u00fcr\u00fcnd\u00fcr. UV \u0131\u015f\u0131k sistemi ile sinekleri kendine \u00e7eker ve bulundu\u011fu ortam\u0131n daha rahat hale gelmesine yard\u0131mc\u0131 olur.10W g\u00fcc\u00fc sayesinde standart modellere g\u00f6re daha etkili kullan\u0131m sunar. \u00d6zellikle b\u00fcy\u00fck alanlarda avantaj sa\u011flar.Sessiz motor yap\u0131s\u0131 ile gece kullan\u0131m\u0131 i\u00e7in idealdir. Yatak odas\u0131, salon&#8230;<\/p>\n","protected":false},"featured_media":131106,"comment_status":"open","ping_status":"closed","template":"","meta":{"_kad_post_transparent":"","_kad_post_title":"","_kad_post_layout":"","_kad_post_sidebar_id":"","_kad_post_content_style":"","_kad_post_vertical_padding":"","_kad_post_feature":"","_kad_post_feature_position":"","_kad_post_header":false,"_kad_post_footer":false,"_kad_post_classname":""},"product_brand":[],"product_cat":[15078],"product_tag":[],"class_list":{"0":"post-131107","1":"product","2":"type-product","3":"status-publish","4":"has-post-thumbnail","6":"product_cat-hasere-kovucular-hasere-kovucular","8":"first","9":"instock","10":"purchasable","11":"product-type-simple","12":"entry","13":"content-bg","14":"loop-entry"},"_links":{"self":[{"href":"https:\/\/www.hediyepazar.com\/index.php?rest_route=\/wp\/v2\/product\/131107","targetHints":{"allow":["GET"]}}],"collection":[{"href":"https:\/\/www.hediyepazar.com\/index.php?rest_route=\/wp\/v2\/product"}],"about":[{"href":"https:\/\/www.hediyepazar.com\/index.php?rest_route=\/wp\/v2\/types\/product"}],"replies":[{"embeddable":true,"href":"https:\/\/www.hediyepazar.com\/index.php?rest_route=%2Fwp%2Fv2%2Fcomments&post=131107"}],"wp:featuredmedia":[{"embeddable":true,"href":"https:\/\/www.hediyepazar.com\/index.php?rest_route=\/wp\/v2\/media\/131106"}],"wp:attachment":[{"href":"https:\/\/www.hediyepazar.com\/index.php?rest_route=%2Fwp%2Fv2%2Fmedia&parent=131107"}],"wp:term":[{"taxonomy":"product_brand","embeddable":true,"href":"https:\/\/www.hediyepazar.com\/index.php?rest_route=%2Fwp%2Fv2%2Fproduct_brand&post=131107"},{"taxonomy":"product_cat","embeddable":true,"href":"https:\/\/www.hediyepazar.com\/index.php?rest_route=%2Fwp%2Fv2%2Fproduct_cat&post=131107"},{"taxonomy":"product_tag","embeddable":true,"href":"https:\/\/www.hediyepazar.com\/index.php?rest_route=%2Fwp%2Fv2%2Fproduct_tag&post=131107"}],"curies":[{"name":"wp","href":"https:\/\/api.w.org\/{rel}","templated":true}]}}