{"id":131109,"date":"2026-05-07T09:41:01","date_gmt":"2026-05-07T12:41:01","guid":{"rendered":"https:\/\/www.hediyepazar.com\/?product=uv-isikli-elektrikli-sinek-savar-10w-sessiz-hasere-oldurucu-lamba"},"modified":"2026-05-07T09:41:01","modified_gmt":"2026-05-07T12:41:01","slug":"uv-isikli-elektrikli-sinek-savar-10w-sessiz-hasere-oldurucu-lamba","status":"publish","type":"product","link":"https:\/\/www.hediyepazar.com\/?product=uv-isikli-elektrikli-sinek-savar-10w-sessiz-hasere-oldurucu-lamba","title":{"rendered":"UV I\u015f\u0131kl\u0131 Elektrikli Sinek Savar 10W Sessiz Ha\u015fere \u00d6ld\u00fcr\u00fcc\u00fc Lamba"},"content":{"rendered":"<p>UV \u0131\u015f\u0131kl\u0131 elektrikli sinek savar, sinek ve u\u00e7an b\u00f6ceklere kar\u015f\u0131 g\u00fc\u00e7l\u00fc performans sunan modern bir \u00e7\u00f6z\u00fcmd\u00fcr. Yaz aylar\u0131nda ev ve i\u015f yerlerinde sinek yo\u011funlu\u011funu azaltmaya yard\u0131mc\u0131 olur. Kimyasal kullanmadan \u00e7al\u0131\u015fan yap\u0131s\u0131 ile daha konforlu kullan\u0131m sa\u011flar.10W g\u00fc\u00e7l\u00fc sistem sayesinde geni\u015f alanlarda etkili performans sunar. Salon, balkon, mutfak, veranda ve ofislerde rahatl\u0131kla kullan\u0131labilir. Yo\u011fun sinek bulunan alanlarda avantaj sa\u011flar.Sessiz \u00e7al\u0131\u015fma \u00f6zelli\u011fi ile gece boyunca kullan\u0131labilir. Uyku s\u0131ras\u0131nda rahats\u0131zl\u0131k vermez. Ofiste veya \u00e7al\u0131\u015fma alanlar\u0131nda dikkat da\u011f\u0131tmaz.Kimyasal i\u00e7ermeyen yap\u0131s\u0131 sayesinde sprey kokusu olu\u015fturmaz. \u00c7evre dostu kullan\u0131m sunar. \u00c7ocuklu aileler i\u00e7in daha uygun alternatif olabilir.Tak \u00e7al\u0131\u015ft\u0131r sistemi ile prize ba\u011fland\u0131\u011f\u0131nda hemen \u00e7al\u0131\u015f\u0131r. Kullan\u0131m\u0131 son derece pratiktir.Ta\u015f\u0131nabilir tasar\u0131m\u0131 sayesinde farkl\u0131 alanlara kolayca ta\u015f\u0131nabilir. Dayan\u0131kl\u0131 yap\u0131s\u0131 uzun s\u00fcre kullan\u0131m sa\u011flar.<\/p>\n","protected":false},"excerpt":{"rendered":"<p>UV \u0131\u015f\u0131kl\u0131 elektrikli sinek savar, sinek ve u\u00e7an b\u00f6ceklere kar\u015f\u0131 g\u00fc\u00e7l\u00fc performans sunan modern bir \u00e7\u00f6z\u00fcmd\u00fcr. Yaz aylar\u0131nda ev ve i\u015f yerlerinde sinek yo\u011funlu\u011funu azaltmaya yard\u0131mc\u0131 olur. Kimyasal kullanmadan \u00e7al\u0131\u015fan yap\u0131s\u0131 ile daha konforlu kullan\u0131m sa\u011flar.10W g\u00fc\u00e7l\u00fc sistem sayesinde geni\u015f alanlarda etkili performans sunar. Salon, balkon, mutfak, veranda ve ofislerde rahatl\u0131kla kullan\u0131labilir. Yo\u011fun sinek bulunan&#8230;<\/p>\n","protected":false},"featured_media":131108,"comment_status":"open","ping_status":"closed","template":"","meta":{"_kad_post_transparent":"","_kad_post_title":"","_kad_post_layout":"","_kad_post_sidebar_id":"","_kad_post_content_style":"","_kad_post_vertical_padding":"","_kad_post_feature":"","_kad_post_feature_position":"","_kad_post_header":false,"_kad_post_footer":false,"_kad_post_classname":""},"product_brand":[],"product_cat":[15078],"product_tag":[],"class_list":{"0":"post-131109","1":"product","2":"type-product","3":"status-publish","4":"has-post-thumbnail","6":"product_cat-hasere-kovucular-hasere-kovucular","8":"first","9":"instock","10":"purchasable","11":"product-type-simple","12":"entry","13":"content-bg","14":"loop-entry"},"_links":{"self":[{"href":"https:\/\/www.hediyepazar.com\/index.php?rest_route=\/wp\/v2\/product\/131109","targetHints":{"allow":["GET"]}}],"collection":[{"href":"https:\/\/www.hediyepazar.com\/index.php?rest_route=\/wp\/v2\/product"}],"about":[{"href":"https:\/\/www.hediyepazar.com\/index.php?rest_route=\/wp\/v2\/types\/product"}],"replies":[{"embeddable":true,"href":"https:\/\/www.hediyepazar.com\/index.php?rest_route=%2Fwp%2Fv2%2Fcomments&post=131109"}],"wp:featuredmedia":[{"embeddable":true,"href":"https:\/\/www.hediyepazar.com\/index.php?rest_route=\/wp\/v2\/media\/131108"}],"wp:attachment":[{"href":"https:\/\/www.hediyepazar.com\/index.php?rest_route=%2Fwp%2Fv2%2Fmedia&parent=131109"}],"wp:term":[{"taxonomy":"product_brand","embeddable":true,"href":"https:\/\/www.hediyepazar.com\/index.php?rest_route=%2Fwp%2Fv2%2Fproduct_brand&post=131109"},{"taxonomy":"product_cat","embeddable":true,"href":"https:\/\/www.hediyepazar.com\/index.php?rest_route=%2Fwp%2Fv2%2Fproduct_cat&post=131109"},{"taxonomy":"product_tag","embeddable":true,"href":"https:\/\/www.hediyepazar.com\/index.php?rest_route=%2Fwp%2Fv2%2Fproduct_tag&post=131109"}],"curies":[{"name":"wp","href":"https:\/\/api.w.org\/{rel}","templated":true}]}}