{"id":131114,"date":"2026-05-07T09:42:01","date_gmt":"2026-05-07T12:42:01","guid":{"rendered":"https:\/\/www.hediyepazar.com\/?product=tasinabilir-elektrikli-sinek-oldurucu-askili-uv-hasere-lambasi"},"modified":"2026-05-07T09:42:01","modified_gmt":"2026-05-07T12:42:01","slug":"tasinabilir-elektrikli-sinek-oldurucu-askili-uv-hasere-lambasi","status":"publish","type":"product","link":"https:\/\/www.hediyepazar.com\/?product=tasinabilir-elektrikli-sinek-oldurucu-askili-uv-hasere-lambasi","title":{"rendered":"Ta\u015f\u0131nabilir Elektrikli Sinek \u00d6ld\u00fcr\u00fcc\u00fc Ask\u0131l\u0131 UV Ha\u015fere Lambas\u0131"},"content":{"rendered":"<p>Ta\u015f\u0131nabilir elektrikli sinek \u00f6ld\u00fcr\u00fcc\u00fc, yaz aylar\u0131nda sinek ve ha\u015fere sorununa kar\u015f\u0131 etkili destek sa\u011flar. UV \u0131\u015f\u0131k sistemi ile sinekleri \u00e7ekerek ya\u015fam alan\u0131n\u0131 daha konforlu hale getirir.Ask\u0131l\u0131 tasar\u0131m\u0131 sayesinde duvara, balkona veya uygun alanlara as\u0131labilir. \u0130stenirse masa \u00fczerinde de kullan\u0131labilir. Bu \u00e7ok y\u00f6nl\u00fc kullan\u0131m avantaj sa\u011flar.Sessiz \u00e7al\u0131\u015fma \u00f6zelli\u011fi sayesinde restoran, ofis, ev ve uyku alanlar\u0131nda rahat kullan\u0131m sunar. Rahats\u0131z edici motor sesi olu\u015fturmaz.Kimyasal i\u00e7ermeyen \u00e7al\u0131\u015fma sistemi sayesinde ila\u00e7 kullanmak istemeyenler i\u00e7in idealdir. \u00c7evre dostu kullan\u0131m sunar.Tak \u00e7al\u0131\u015ft\u0131r \u00f6zelli\u011fi ile kolay kurulum sa\u011flar. Elektrik ba\u011flant\u0131s\u0131 sonras\u0131 h\u0131zl\u0131 \u015fekilde \u00e7al\u0131\u015f\u0131r.Sa\u011flam g\u00f6vdesi sayesinde uzun s\u00fcreli kullan\u0131m i\u00e7in uygundur.<\/p>\n","protected":false},"excerpt":{"rendered":"<p>Ta\u015f\u0131nabilir elektrikli sinek \u00f6ld\u00fcr\u00fcc\u00fc, yaz aylar\u0131nda sinek ve ha\u015fere sorununa kar\u015f\u0131 etkili destek sa\u011flar. UV \u0131\u015f\u0131k sistemi ile sinekleri \u00e7ekerek ya\u015fam alan\u0131n\u0131 daha konforlu hale getirir.Ask\u0131l\u0131 tasar\u0131m\u0131 sayesinde duvara, balkona veya uygun alanlara as\u0131labilir. \u0130stenirse masa \u00fczerinde de kullan\u0131labilir. Bu \u00e7ok y\u00f6nl\u00fc kullan\u0131m avantaj sa\u011flar.Sessiz \u00e7al\u0131\u015fma \u00f6zelli\u011fi sayesinde restoran, ofis, ev ve uyku alanlar\u0131nda rahat&#8230;<\/p>\n","protected":false},"featured_media":131113,"comment_status":"open","ping_status":"closed","template":"","meta":{"_kad_post_transparent":"","_kad_post_title":"","_kad_post_layout":"","_kad_post_sidebar_id":"","_kad_post_content_style":"","_kad_post_vertical_padding":"","_kad_post_feature":"","_kad_post_feature_position":"","_kad_post_header":false,"_kad_post_footer":false,"_kad_post_classname":""},"product_brand":[],"product_cat":[15078],"product_tag":[],"class_list":{"0":"post-131114","1":"product","2":"type-product","3":"status-publish","4":"has-post-thumbnail","6":"product_cat-hasere-kovucular-hasere-kovucular","8":"first","9":"instock","10":"purchasable","11":"product-type-simple","12":"entry","13":"content-bg","14":"loop-entry"},"_links":{"self":[{"href":"https:\/\/www.hediyepazar.com\/index.php?rest_route=\/wp\/v2\/product\/131114","targetHints":{"allow":["GET"]}}],"collection":[{"href":"https:\/\/www.hediyepazar.com\/index.php?rest_route=\/wp\/v2\/product"}],"about":[{"href":"https:\/\/www.hediyepazar.com\/index.php?rest_route=\/wp\/v2\/types\/product"}],"replies":[{"embeddable":true,"href":"https:\/\/www.hediyepazar.com\/index.php?rest_route=%2Fwp%2Fv2%2Fcomments&post=131114"}],"wp:featuredmedia":[{"embeddable":true,"href":"https:\/\/www.hediyepazar.com\/index.php?rest_route=\/wp\/v2\/media\/131113"}],"wp:attachment":[{"href":"https:\/\/www.hediyepazar.com\/index.php?rest_route=%2Fwp%2Fv2%2Fmedia&parent=131114"}],"wp:term":[{"taxonomy":"product_brand","embeddable":true,"href":"https:\/\/www.hediyepazar.com\/index.php?rest_route=%2Fwp%2Fv2%2Fproduct_brand&post=131114"},{"taxonomy":"product_cat","embeddable":true,"href":"https:\/\/www.hediyepazar.com\/index.php?rest_route=%2Fwp%2Fv2%2Fproduct_cat&post=131114"},{"taxonomy":"product_tag","embeddable":true,"href":"https:\/\/www.hediyepazar.com\/index.php?rest_route=%2Fwp%2Fv2%2Fproduct_tag&post=131114"}],"curies":[{"name":"wp","href":"https:\/\/api.w.org\/{rel}","templated":true}]}}