{"id":131127,"date":"2026-05-07T09:43:27","date_gmt":"2026-05-07T12:43:27","guid":{"rendered":"https:\/\/www.hediyepazar.com\/?product=usb-mini-tiras-makinesi-sarjli-tasinabilir-sifir-sakal-makinesi-ipx6"},"modified":"2026-05-07T09:43:27","modified_gmt":"2026-05-07T12:43:27","slug":"usb-mini-tiras-makinesi-sarjli-tasinabilir-sifir-sakal-makinesi-ipx6","status":"publish","type":"product","link":"https:\/\/www.hediyepazar.com\/?product=usb-mini-tiras-makinesi-sarjli-tasinabilir-sifir-sakal-makinesi-ipx6","title":{"rendered":"USB Mini T\u0131ra\u015f Makinesi \u015earjl\u0131 Ta\u015f\u0131nabilir S\u0131f\u0131r Sakal Makinesi IPX6"},"content":{"rendered":"<p>USB mini t\u0131ra\u015f makinesi, h\u0131zl\u0131 ya\u015fam temposuna uyum sa\u011flayan modern bir ki\u015fisel bak\u0131m \u00fcr\u00fcn\u00fcd\u00fcr. K\u00fc\u00e7\u00fck ve hafif yap\u0131s\u0131 sayesinde s\u00fcrekli yan\u0131n\u0131zda ta\u015f\u0131yabilirsiniz. Cebe s\u0131\u011fan tasar\u0131m\u0131 ile i\u015f seyahati, kamp, ara\u00e7 kullan\u0131m\u0131, ofis ve g\u00fcnl\u00fck ya\u015fam i\u00e7in olduk\u00e7a uygundur.G\u00fc\u00e7l\u00fc motor sistemi sayesinde k\u0131sa sakallar\u0131 etkili bi\u00e7imde keser. 1 veya 2 g\u00fcnl\u00fck sakallarda temiz g\u00f6r\u00fcn\u00fcm sa\u011flar. Hassas kesim ba\u015fl\u0131\u011f\u0131 cilde uyum sa\u011flayarak daha rahat t\u0131ra\u015f deneyimi sunar. Tahri\u015fi azaltmaya yard\u0131mc\u0131 olan yap\u0131s\u0131 ile konforlu kullan\u0131m sunar.IPX6 su koruma \u00f6zelli\u011fi ile su s\u0131\u00e7ramalar\u0131na dayan\u0131kl\u0131d\u0131r. Islak ve kuru kullan\u0131m avantaj\u0131 sa\u011flar. Banyoda veya lavabo ba\u015f\u0131nda rahat\u00e7a kullan\u0131labilir. Temizlik a\u00e7\u0131s\u0131ndan da pratik kullan\u0131m sunar.USB ile \u015farj edilebilir yap\u0131s\u0131 sayesinde bilgisayar, ara\u00e7 i\u00e7i USB, ta\u015f\u0131nabilir \u015farj cihaz\u0131 veya priz adapt\u00f6r\u00fc ile kolayca enerji al\u0131r. K\u0131sa s\u00fcrede \u015farj olur ve uzun s\u00fcre \u00e7al\u0131\u015f\u0131r.Sessiz \u00e7al\u0131\u015fan motoru sayesinde g\u00fcr\u00fclt\u00fc olu\u015fturmaz. \u00d6zellikle sabah erken saatlerde kullan\u0131ma uygundur. \u015e\u0131k ve modern tasar\u0131m\u0131 ile g\u00fcnl\u00fck bak\u0131m \u00fcr\u00fcnleri aras\u0131nda dikkat \u00e7eker.<\/p>\n","protected":false},"excerpt":{"rendered":"<p>USB mini t\u0131ra\u015f makinesi, h\u0131zl\u0131 ya\u015fam temposuna uyum sa\u011flayan modern bir ki\u015fisel bak\u0131m \u00fcr\u00fcn\u00fcd\u00fcr. K\u00fc\u00e7\u00fck ve hafif yap\u0131s\u0131 sayesinde s\u00fcrekli yan\u0131n\u0131zda ta\u015f\u0131yabilirsiniz. Cebe s\u0131\u011fan tasar\u0131m\u0131 ile i\u015f seyahati, kamp, ara\u00e7 kullan\u0131m\u0131, ofis ve g\u00fcnl\u00fck ya\u015fam i\u00e7in olduk\u00e7a uygundur.G\u00fc\u00e7l\u00fc motor sistemi sayesinde k\u0131sa sakallar\u0131 etkili bi\u00e7imde keser. 1 veya 2 g\u00fcnl\u00fck sakallarda temiz g\u00f6r\u00fcn\u00fcm sa\u011flar. Hassas&#8230;<\/p>\n","protected":false},"featured_media":0,"comment_status":"open","ping_status":"closed","template":"","meta":{"_kad_post_transparent":"","_kad_post_title":"","_kad_post_layout":"","_kad_post_sidebar_id":"","_kad_post_content_style":"","_kad_post_vertical_padding":"","_kad_post_feature":"","_kad_post_feature_position":"","_kad_post_header":false,"_kad_post_footer":false,"_kad_post_classname":""},"product_brand":[],"product_cat":[14925],"product_tag":[],"class_list":{"0":"post-131127","1":"product","2":"type-product","3":"status-publish","5":"product_cat-tiras-makinesi-tiras-makinesi","7":"first","8":"instock","9":"purchasable","10":"product-type-simple","11":"entry","12":"content-bg","13":"loop-entry"},"_links":{"self":[{"href":"https:\/\/www.hediyepazar.com\/index.php?rest_route=\/wp\/v2\/product\/131127","targetHints":{"allow":["GET"]}}],"collection":[{"href":"https:\/\/www.hediyepazar.com\/index.php?rest_route=\/wp\/v2\/product"}],"about":[{"href":"https:\/\/www.hediyepazar.com\/index.php?rest_route=\/wp\/v2\/types\/product"}],"replies":[{"embeddable":true,"href":"https:\/\/www.hediyepazar.com\/index.php?rest_route=%2Fwp%2Fv2%2Fcomments&post=131127"}],"wp:attachment":[{"href":"https:\/\/www.hediyepazar.com\/index.php?rest_route=%2Fwp%2Fv2%2Fmedia&parent=131127"}],"wp:term":[{"taxonomy":"product_brand","embeddable":true,"href":"https:\/\/www.hediyepazar.com\/index.php?rest_route=%2Fwp%2Fv2%2Fproduct_brand&post=131127"},{"taxonomy":"product_cat","embeddable":true,"href":"https:\/\/www.hediyepazar.com\/index.php?rest_route=%2Fwp%2Fv2%2Fproduct_cat&post=131127"},{"taxonomy":"product_tag","embeddable":true,"href":"https:\/\/www.hediyepazar.com\/index.php?rest_route=%2Fwp%2Fv2%2Fproduct_tag&post=131127"}],"curies":[{"name":"wp","href":"https:\/\/api.w.org\/{rel}","templated":true}]}}