{"id":131141,"date":"2026-05-07T09:45:18","date_gmt":"2026-05-07T12:45:18","guid":{"rendered":"https:\/\/www.hediyepazar.com\/?product=kablosuz-seyahat-hoparloru-telefon-standli-bluetooth-ses-sistemi"},"modified":"2026-05-07T09:45:18","modified_gmt":"2026-05-07T12:45:18","slug":"kablosuz-seyahat-hoparloru-telefon-standli-bluetooth-ses-sistemi","status":"publish","type":"product","link":"https:\/\/www.hediyepazar.com\/?product=kablosuz-seyahat-hoparloru-telefon-standli-bluetooth-ses-sistemi","title":{"rendered":"Kablosuz Seyahat Hoparl\u00f6r\u00fc Telefon Standl\u0131 Bluetooth Ses Sistemi"},"content":{"rendered":"<p>Seyahatlerde ve d\u0131\u015f mekan aktivitelerinde kullan\u0131lmak \u00fczere tasarlanan kablosuz hoparl\u00f6r, kaliteli ses performans\u0131 ile \u00f6ne \u00e7\u0131kar.Telefon stand\u0131 \u00f6zelli\u011fi sayesinde video izleme ve g\u00f6r\u00fc\u015fmelerde kolayl\u0131k sunar.Bluetooth ba\u011flant\u0131s\u0131 h\u0131zl\u0131 ve pratiktir.USB ve haf\u0131za kart\u0131 deste\u011fi \u00e7ok y\u00f6nl\u00fc kullan\u0131m sa\u011flar.\u015e\u0131k tasar\u0131m\u0131 ile masa \u00fcst\u00fcnde dekoratif g\u00f6r\u00fcn\u00fcm sunar.Her ya\u015f grubuna uygun kullan\u0131\u015fl\u0131 \u00fcr\u00fcnd\u00fcr.<\/p>\n","protected":false},"excerpt":{"rendered":"<p>Seyahatlerde ve d\u0131\u015f mekan aktivitelerinde kullan\u0131lmak \u00fczere tasarlanan kablosuz hoparl\u00f6r, kaliteli ses performans\u0131 ile \u00f6ne \u00e7\u0131kar.Telefon stand\u0131 \u00f6zelli\u011fi sayesinde video izleme ve g\u00f6r\u00fc\u015fmelerde kolayl\u0131k sunar.Bluetooth ba\u011flant\u0131s\u0131 h\u0131zl\u0131 ve pratiktir.USB ve haf\u0131za kart\u0131 deste\u011fi \u00e7ok y\u00f6nl\u00fc kullan\u0131m sa\u011flar.\u015e\u0131k tasar\u0131m\u0131 ile masa \u00fcst\u00fcnde dekoratif g\u00f6r\u00fcn\u00fcm sunar.Her ya\u015f grubuna uygun kullan\u0131\u015fl\u0131 \u00fcr\u00fcnd\u00fcr.<\/p>\n","protected":false},"featured_media":131140,"comment_status":"open","ping_status":"closed","template":"","meta":{"_kad_post_transparent":"","_kad_post_title":"","_kad_post_layout":"","_kad_post_sidebar_id":"","_kad_post_content_style":"","_kad_post_vertical_padding":"","_kad_post_feature":"","_kad_post_feature_position":"","_kad_post_header":false,"_kad_post_footer":false,"_kad_post_classname":""},"product_brand":[],"product_cat":[14911],"product_tag":[],"class_list":{"0":"post-131141","1":"product","2":"type-product","3":"status-publish","4":"has-post-thumbnail","6":"product_cat-kablosuz-hoparlor-kablosuz-hoparlor","8":"first","9":"instock","10":"purchasable","11":"product-type-simple","12":"entry","13":"content-bg","14":"loop-entry"},"_links":{"self":[{"href":"https:\/\/www.hediyepazar.com\/index.php?rest_route=\/wp\/v2\/product\/131141","targetHints":{"allow":["GET"]}}],"collection":[{"href":"https:\/\/www.hediyepazar.com\/index.php?rest_route=\/wp\/v2\/product"}],"about":[{"href":"https:\/\/www.hediyepazar.com\/index.php?rest_route=\/wp\/v2\/types\/product"}],"replies":[{"embeddable":true,"href":"https:\/\/www.hediyepazar.com\/index.php?rest_route=%2Fwp%2Fv2%2Fcomments&post=131141"}],"wp:featuredmedia":[{"embeddable":true,"href":"https:\/\/www.hediyepazar.com\/index.php?rest_route=\/wp\/v2\/media\/131140"}],"wp:attachment":[{"href":"https:\/\/www.hediyepazar.com\/index.php?rest_route=%2Fwp%2Fv2%2Fmedia&parent=131141"}],"wp:term":[{"taxonomy":"product_brand","embeddable":true,"href":"https:\/\/www.hediyepazar.com\/index.php?rest_route=%2Fwp%2Fv2%2Fproduct_brand&post=131141"},{"taxonomy":"product_cat","embeddable":true,"href":"https:\/\/www.hediyepazar.com\/index.php?rest_route=%2Fwp%2Fv2%2Fproduct_cat&post=131141"},{"taxonomy":"product_tag","embeddable":true,"href":"https:\/\/www.hediyepazar.com\/index.php?rest_route=%2Fwp%2Fv2%2Fproduct_tag&post=131141"}],"curies":[{"name":"wp","href":"https:\/\/api.w.org\/{rel}","templated":true}]}}