{"id":131143,"date":"2026-05-07T09:45:25","date_gmt":"2026-05-07T12:45:25","guid":{"rendered":"https:\/\/www.hediyepazar.com\/?product=mini-kablosuz-ses-bombasi-bluetooth-usb-girisli-hoparlor"},"modified":"2026-05-07T09:45:25","modified_gmt":"2026-05-07T12:45:25","slug":"mini-kablosuz-ses-bombasi-bluetooth-usb-girisli-hoparlor","status":"publish","type":"product","link":"https:\/\/www.hediyepazar.com\/?product=mini-kablosuz-ses-bombasi-bluetooth-usb-girisli-hoparlor","title":{"rendered":"Mini Kablosuz Ses Bombas\u0131 Bluetooth USB Giri\u015fli Hoparl\u00f6r"},"content":{"rendered":"<p>Mini kablosuz hoparl\u00f6r, k\u00fc\u00e7\u00fck boyutuna ra\u011fmen etkili ses performans\u0131 sunar. G\u00fcnl\u00fck kullan\u0131m i\u00e7in ideal ta\u015f\u0131nabilir ses sistemidir.Bluetooth ba\u011flant\u0131s\u0131 ile telefonunuza h\u0131zl\u0131 \u015fekilde ba\u011flan\u0131r.USB ve TF kart deste\u011fi sayesinde kay\u0131tl\u0131 m\u00fcziklerinizi dinleyebilirsiniz.Evde, ofiste veya d\u0131\u015f mekanda rahat kullan\u0131m sa\u011flar.Hafif yap\u0131s\u0131 kolay ta\u015f\u0131ma avantaj\u0131 sunar.Telefon stand\u0131 \u00f6zelli\u011fi ile ekstra kullan\u0131m kolayl\u0131\u011f\u0131 sa\u011flar.<\/p>\n","protected":false},"excerpt":{"rendered":"<p>Mini kablosuz hoparl\u00f6r, k\u00fc\u00e7\u00fck boyutuna ra\u011fmen etkili ses performans\u0131 sunar. G\u00fcnl\u00fck kullan\u0131m i\u00e7in ideal ta\u015f\u0131nabilir ses sistemidir.Bluetooth ba\u011flant\u0131s\u0131 ile telefonunuza h\u0131zl\u0131 \u015fekilde ba\u011flan\u0131r.USB ve TF kart deste\u011fi sayesinde kay\u0131tl\u0131 m\u00fcziklerinizi dinleyebilirsiniz.Evde, ofiste veya d\u0131\u015f mekanda rahat kullan\u0131m sa\u011flar.Hafif yap\u0131s\u0131 kolay ta\u015f\u0131ma avantaj\u0131 sunar.Telefon stand\u0131 \u00f6zelli\u011fi ile ekstra kullan\u0131m kolayl\u0131\u011f\u0131 sa\u011flar.<\/p>\n","protected":false},"featured_media":131142,"comment_status":"open","ping_status":"closed","template":"","meta":{"_kad_post_transparent":"","_kad_post_title":"","_kad_post_layout":"","_kad_post_sidebar_id":"","_kad_post_content_style":"","_kad_post_vertical_padding":"","_kad_post_feature":"","_kad_post_feature_position":"","_kad_post_header":false,"_kad_post_footer":false,"_kad_post_classname":""},"product_brand":[],"product_cat":[14911],"product_tag":[],"class_list":{"0":"post-131143","1":"product","2":"type-product","3":"status-publish","4":"has-post-thumbnail","6":"product_cat-kablosuz-hoparlor-kablosuz-hoparlor","8":"first","9":"instock","10":"purchasable","11":"product-type-simple","12":"entry","13":"content-bg","14":"loop-entry"},"_links":{"self":[{"href":"https:\/\/www.hediyepazar.com\/index.php?rest_route=\/wp\/v2\/product\/131143","targetHints":{"allow":["GET"]}}],"collection":[{"href":"https:\/\/www.hediyepazar.com\/index.php?rest_route=\/wp\/v2\/product"}],"about":[{"href":"https:\/\/www.hediyepazar.com\/index.php?rest_route=\/wp\/v2\/types\/product"}],"replies":[{"embeddable":true,"href":"https:\/\/www.hediyepazar.com\/index.php?rest_route=%2Fwp%2Fv2%2Fcomments&post=131143"}],"wp:featuredmedia":[{"embeddable":true,"href":"https:\/\/www.hediyepazar.com\/index.php?rest_route=\/wp\/v2\/media\/131142"}],"wp:attachment":[{"href":"https:\/\/www.hediyepazar.com\/index.php?rest_route=%2Fwp%2Fv2%2Fmedia&parent=131143"}],"wp:term":[{"taxonomy":"product_brand","embeddable":true,"href":"https:\/\/www.hediyepazar.com\/index.php?rest_route=%2Fwp%2Fv2%2Fproduct_brand&post=131143"},{"taxonomy":"product_cat","embeddable":true,"href":"https:\/\/www.hediyepazar.com\/index.php?rest_route=%2Fwp%2Fv2%2Fproduct_cat&post=131143"},{"taxonomy":"product_tag","embeddable":true,"href":"https:\/\/www.hediyepazar.com\/index.php?rest_route=%2Fwp%2Fv2%2Fproduct_tag&post=131143"}],"curies":[{"name":"wp","href":"https:\/\/api.w.org\/{rel}","templated":true}]}}