{"id":131151,"date":"2026-05-07T09:48:05","date_gmt":"2026-05-07T12:48:05","guid":{"rendered":"https:\/\/www.hediyepazar.com\/?product=kolay-boya-yapma-seti-hazneli-rulo-ev-tadilat-aparati"},"modified":"2026-05-07T09:48:05","modified_gmt":"2026-05-07T12:48:05","slug":"kolay-boya-yapma-seti-hazneli-rulo-ev-tadilat-aparati","status":"publish","type":"product","link":"https:\/\/www.hediyepazar.com\/?product=kolay-boya-yapma-seti-hazneli-rulo-ev-tadilat-aparati","title":{"rendered":"Kolay Boya Yapma Seti Hazneli Rulo Ev Tadilat Aparat\u0131"},"content":{"rendered":"<p>Kolay boya yapma seti, evini kendi boyamak isteyen kullan\u0131c\u0131lar i\u00e7in tasarlanm\u0131\u015ft\u0131r. Hazneli rulo sistemi ile pratik boya uygulamas\u0131 sa\u011flar.Duvar, tavan ve geni\u015f d\u00fcz alanlarda rahat kullan\u0131m sunar.Boyay\u0131 dengeli da\u011f\u0131tarak iz olu\u015fumunu azaltmaya yard\u0131mc\u0131 olur.Ergonomik tasar\u0131m sayesinde konforlu kullan\u0131m sa\u011flar.Zaman kazand\u0131ran yap\u0131s\u0131 ile boya i\u015flerini h\u0131zland\u0131r\u0131r.Ev tadilatlar\u0131nda kullan\u0131\u015fl\u0131 yard\u0131mc\u0131 \u00fcr\u00fcnd\u00fcr.<\/p>\n","protected":false},"excerpt":{"rendered":"<p>Kolay boya yapma seti, evini kendi boyamak isteyen kullan\u0131c\u0131lar i\u00e7in tasarlanm\u0131\u015ft\u0131r. Hazneli rulo sistemi ile pratik boya uygulamas\u0131 sa\u011flar.Duvar, tavan ve geni\u015f d\u00fcz alanlarda rahat kullan\u0131m sunar.Boyay\u0131 dengeli da\u011f\u0131tarak iz olu\u015fumunu azaltmaya yard\u0131mc\u0131 olur.Ergonomik tasar\u0131m sayesinde konforlu kullan\u0131m sa\u011flar.Zaman kazand\u0131ran yap\u0131s\u0131 ile boya i\u015flerini h\u0131zland\u0131r\u0131r.Ev tadilatlar\u0131nda kullan\u0131\u015fl\u0131 yard\u0131mc\u0131 \u00fcr\u00fcnd\u00fcr.<\/p>\n","protected":false},"featured_media":131150,"comment_status":"open","ping_status":"closed","template":"","meta":{"_kad_post_transparent":"","_kad_post_title":"","_kad_post_layout":"","_kad_post_sidebar_id":"","_kad_post_content_style":"","_kad_post_vertical_padding":"","_kad_post_feature":"","_kad_post_feature_position":"","_kad_post_header":false,"_kad_post_footer":false,"_kad_post_classname":""},"product_brand":[],"product_cat":[15284],"product_tag":[],"class_list":{"0":"post-131151","1":"product","2":"type-product","3":"status-publish","4":"has-post-thumbnail","6":"product_cat-boya-fircasi-boya-fircasi","8":"first","9":"instock","10":"purchasable","11":"product-type-simple","12":"entry","13":"content-bg","14":"loop-entry"},"_links":{"self":[{"href":"https:\/\/www.hediyepazar.com\/index.php?rest_route=\/wp\/v2\/product\/131151","targetHints":{"allow":["GET"]}}],"collection":[{"href":"https:\/\/www.hediyepazar.com\/index.php?rest_route=\/wp\/v2\/product"}],"about":[{"href":"https:\/\/www.hediyepazar.com\/index.php?rest_route=\/wp\/v2\/types\/product"}],"replies":[{"embeddable":true,"href":"https:\/\/www.hediyepazar.com\/index.php?rest_route=%2Fwp%2Fv2%2Fcomments&post=131151"}],"wp:featuredmedia":[{"embeddable":true,"href":"https:\/\/www.hediyepazar.com\/index.php?rest_route=\/wp\/v2\/media\/131150"}],"wp:attachment":[{"href":"https:\/\/www.hediyepazar.com\/index.php?rest_route=%2Fwp%2Fv2%2Fmedia&parent=131151"}],"wp:term":[{"taxonomy":"product_brand","embeddable":true,"href":"https:\/\/www.hediyepazar.com\/index.php?rest_route=%2Fwp%2Fv2%2Fproduct_brand&post=131151"},{"taxonomy":"product_cat","embeddable":true,"href":"https:\/\/www.hediyepazar.com\/index.php?rest_route=%2Fwp%2Fv2%2Fproduct_cat&post=131151"},{"taxonomy":"product_tag","embeddable":true,"href":"https:\/\/www.hediyepazar.com\/index.php?rest_route=%2Fwp%2Fv2%2Fproduct_tag&post=131151"}],"curies":[{"name":"wp","href":"https:\/\/api.w.org\/{rel}","templated":true}]}}