{"id":131153,"date":"2026-05-07T09:48:17","date_gmt":"2026-05-07T12:48:17","guid":{"rendered":"https:\/\/www.hediyepazar.com\/?product=hazneli-boya-seti-hizli-temiz-kolay-boyama-aparati"},"modified":"2026-05-07T09:48:17","modified_gmt":"2026-05-07T12:48:17","slug":"hazneli-boya-seti-hizli-temiz-kolay-boyama-aparati","status":"publish","type":"product","link":"https:\/\/www.hediyepazar.com\/?product=hazneli-boya-seti-hizli-temiz-kolay-boyama-aparati","title":{"rendered":"Hazneli Boya Seti H\u0131zl\u0131 Temiz Kolay Boyama Aparat\u0131"},"content":{"rendered":"<p>Hazneli boya seti, klasik boya rulolar\u0131na g\u00f6re daha pratik kullan\u0131m sunan fonksiyonel \u00fcr\u00fcnd\u00fcr. Boya haznesi sayesinde s\u00fcrekli boya doldurma ihtiyac\u0131n\u0131 azalt\u0131r.Y\u00fczeye dengeli boya da\u011f\u0131l\u0131m\u0131 sa\u011flayarak daha d\u00fczenli g\u00f6r\u00fcn\u00fcm elde etmeye yard\u0131mc\u0131 olur.Temiz \u00e7al\u0131\u015fma isteyen kullan\u0131c\u0131lar i\u00e7in damlama azalt\u0131c\u0131 yap\u0131ya sahiptir.Ev sahipleri, kirac\u0131lar ve ustalar taraf\u0131ndan kullan\u0131labilir.Kullan\u0131m sonras\u0131 kolayca temizlenebilir.Bir\u00e7ok boya projesinde tekrar de\u011ferlendirilebilir.<\/p>\n","protected":false},"excerpt":{"rendered":"<p>Hazneli boya seti, klasik boya rulolar\u0131na g\u00f6re daha pratik kullan\u0131m sunan fonksiyonel \u00fcr\u00fcnd\u00fcr. Boya haznesi sayesinde s\u00fcrekli boya doldurma ihtiyac\u0131n\u0131 azalt\u0131r.Y\u00fczeye dengeli boya da\u011f\u0131l\u0131m\u0131 sa\u011flayarak daha d\u00fczenli g\u00f6r\u00fcn\u00fcm elde etmeye yard\u0131mc\u0131 olur.Temiz \u00e7al\u0131\u015fma isteyen kullan\u0131c\u0131lar i\u00e7in damlama azalt\u0131c\u0131 yap\u0131ya sahiptir.Ev sahipleri, kirac\u0131lar ve ustalar taraf\u0131ndan kullan\u0131labilir.Kullan\u0131m sonras\u0131 kolayca temizlenebilir.Bir\u00e7ok boya projesinde tekrar de\u011ferlendirilebilir.<\/p>\n","protected":false},"featured_media":131152,"comment_status":"open","ping_status":"closed","template":"","meta":{"_kad_post_transparent":"","_kad_post_title":"","_kad_post_layout":"","_kad_post_sidebar_id":"","_kad_post_content_style":"","_kad_post_vertical_padding":"","_kad_post_feature":"","_kad_post_feature_position":"","_kad_post_header":false,"_kad_post_footer":false,"_kad_post_classname":""},"product_brand":[],"product_cat":[15284],"product_tag":[],"class_list":{"0":"post-131153","1":"product","2":"type-product","3":"status-publish","4":"has-post-thumbnail","6":"product_cat-boya-fircasi-boya-fircasi","8":"first","9":"instock","10":"purchasable","11":"product-type-simple","12":"entry","13":"content-bg","14":"loop-entry"},"_links":{"self":[{"href":"https:\/\/www.hediyepazar.com\/index.php?rest_route=\/wp\/v2\/product\/131153","targetHints":{"allow":["GET"]}}],"collection":[{"href":"https:\/\/www.hediyepazar.com\/index.php?rest_route=\/wp\/v2\/product"}],"about":[{"href":"https:\/\/www.hediyepazar.com\/index.php?rest_route=\/wp\/v2\/types\/product"}],"replies":[{"embeddable":true,"href":"https:\/\/www.hediyepazar.com\/index.php?rest_route=%2Fwp%2Fv2%2Fcomments&post=131153"}],"wp:featuredmedia":[{"embeddable":true,"href":"https:\/\/www.hediyepazar.com\/index.php?rest_route=\/wp\/v2\/media\/131152"}],"wp:attachment":[{"href":"https:\/\/www.hediyepazar.com\/index.php?rest_route=%2Fwp%2Fv2%2Fmedia&parent=131153"}],"wp:term":[{"taxonomy":"product_brand","embeddable":true,"href":"https:\/\/www.hediyepazar.com\/index.php?rest_route=%2Fwp%2Fv2%2Fproduct_brand&post=131153"},{"taxonomy":"product_cat","embeddable":true,"href":"https:\/\/www.hediyepazar.com\/index.php?rest_route=%2Fwp%2Fv2%2Fproduct_cat&post=131153"},{"taxonomy":"product_tag","embeddable":true,"href":"https:\/\/www.hediyepazar.com\/index.php?rest_route=%2Fwp%2Fv2%2Fproduct_tag&post=131153"}],"curies":[{"name":"wp","href":"https:\/\/api.w.org\/{rel}","templated":true}]}}