{"id":131155,"date":"2026-05-07T09:48:23","date_gmt":"2026-05-07T12:48:23","guid":{"rendered":"https:\/\/www.hediyepazar.com\/?product=duvar-tavan-boyama-icin-hazneli-rulo-boya-seti"},"modified":"2026-05-07T09:48:23","modified_gmt":"2026-05-07T12:48:23","slug":"duvar-tavan-boyama-icin-hazneli-rulo-boya-seti","status":"publish","type":"product","link":"https:\/\/www.hediyepazar.com\/?product=duvar-tavan-boyama-icin-hazneli-rulo-boya-seti","title":{"rendered":"Duvar Tavan Boyama \u0130\u00e7in Hazneli Rulo Boya Seti"},"content":{"rendered":"<p>Duvar ve tavan boyama i\u015flemleri i\u00e7in geli\u015ftirilen hazneli rulo seti, ev dekorasyonunda pratiklik sunar. Boyay\u0131 i\u00e7ine alarak y\u00fczeye kontroll\u00fc \u015fekilde aktar\u0131r.S\u0131\u00e7rama ve damlama sorununu azaltmaya yard\u0131mc\u0131 olur. B\u00f6ylece daha temiz \u00e7al\u0131\u015fma ortam\u0131 sa\u011flar.Geni\u015f y\u00fczeylerde h\u0131zl\u0131 ilerleme sunar. Boyama s\u00fcresini k\u0131saltabilir.Rahat kavrama sunan sap b\u00f6l\u00fcm\u00fc kullan\u0131m kolayl\u0131\u011f\u0131 sa\u011flar.Ev yenileme, oda boyama ve tadilat i\u015flerinde kullan\u0131labilir.Dayan\u0131kl\u0131 ve tekrar kullan\u0131labilir yap\u0131dad\u0131r.<\/p>\n","protected":false},"excerpt":{"rendered":"<p>Duvar ve tavan boyama i\u015flemleri i\u00e7in geli\u015ftirilen hazneli rulo seti, ev dekorasyonunda pratiklik sunar. Boyay\u0131 i\u00e7ine alarak y\u00fczeye kontroll\u00fc \u015fekilde aktar\u0131r.S\u0131\u00e7rama ve damlama sorununu azaltmaya yard\u0131mc\u0131 olur. B\u00f6ylece daha temiz \u00e7al\u0131\u015fma ortam\u0131 sa\u011flar.Geni\u015f y\u00fczeylerde h\u0131zl\u0131 ilerleme sunar. Boyama s\u00fcresini k\u0131saltabilir.Rahat kavrama sunan sap b\u00f6l\u00fcm\u00fc kullan\u0131m kolayl\u0131\u011f\u0131 sa\u011flar.Ev yenileme, oda boyama ve tadilat i\u015flerinde kullan\u0131labilir.Dayan\u0131kl\u0131 ve&#8230;<\/p>\n","protected":false},"featured_media":131154,"comment_status":"open","ping_status":"closed","template":"","meta":{"_kad_post_transparent":"","_kad_post_title":"","_kad_post_layout":"","_kad_post_sidebar_id":"","_kad_post_content_style":"","_kad_post_vertical_padding":"","_kad_post_feature":"","_kad_post_feature_position":"","_kad_post_header":false,"_kad_post_footer":false,"_kad_post_classname":""},"product_brand":[],"product_cat":[15284],"product_tag":[],"class_list":{"0":"post-131155","1":"product","2":"type-product","3":"status-publish","4":"has-post-thumbnail","6":"product_cat-boya-fircasi-boya-fircasi","8":"first","9":"instock","10":"purchasable","11":"product-type-simple","12":"entry","13":"content-bg","14":"loop-entry"},"_links":{"self":[{"href":"https:\/\/www.hediyepazar.com\/index.php?rest_route=\/wp\/v2\/product\/131155","targetHints":{"allow":["GET"]}}],"collection":[{"href":"https:\/\/www.hediyepazar.com\/index.php?rest_route=\/wp\/v2\/product"}],"about":[{"href":"https:\/\/www.hediyepazar.com\/index.php?rest_route=\/wp\/v2\/types\/product"}],"replies":[{"embeddable":true,"href":"https:\/\/www.hediyepazar.com\/index.php?rest_route=%2Fwp%2Fv2%2Fcomments&post=131155"}],"wp:featuredmedia":[{"embeddable":true,"href":"https:\/\/www.hediyepazar.com\/index.php?rest_route=\/wp\/v2\/media\/131154"}],"wp:attachment":[{"href":"https:\/\/www.hediyepazar.com\/index.php?rest_route=%2Fwp%2Fv2%2Fmedia&parent=131155"}],"wp:term":[{"taxonomy":"product_brand","embeddable":true,"href":"https:\/\/www.hediyepazar.com\/index.php?rest_route=%2Fwp%2Fv2%2Fproduct_brand&post=131155"},{"taxonomy":"product_cat","embeddable":true,"href":"https:\/\/www.hediyepazar.com\/index.php?rest_route=%2Fwp%2Fv2%2Fproduct_cat&post=131155"},{"taxonomy":"product_tag","embeddable":true,"href":"https:\/\/www.hediyepazar.com\/index.php?rest_route=%2Fwp%2Fv2%2Fproduct_tag&post=131155"}],"curies":[{"name":"wp","href":"https:\/\/api.w.org\/{rel}","templated":true}]}}