{"id":131171,"date":"2026-05-07T09:51:03","date_gmt":"2026-05-07T12:51:03","guid":{"rendered":"https:\/\/www.hediyepazar.com\/?product=kamp-dusu-tasinabilir-su-pompali-dis-mekan-kullanim-seti"},"modified":"2026-05-07T09:51:03","modified_gmt":"2026-05-07T12:51:03","slug":"kamp-dusu-tasinabilir-su-pompali-dis-mekan-kullanim-seti","status":"publish","type":"product","link":"https:\/\/www.hediyepazar.com\/?product=kamp-dusu-tasinabilir-su-pompali-dis-mekan-kullanim-seti","title":{"rendered":"Kamp Du\u015fu Ta\u015f\u0131nabilir Su Pompal\u0131 D\u0131\u015f Mekan Kullan\u0131m Seti"},"content":{"rendered":"<p>Kamp du\u015fu, du\u015f ihtiyac\u0131n\u0131 a\u00e7\u0131k alanlarda kolayca kar\u015f\u0131lamak isteyenler i\u00e7in geli\u015ftirilmi\u015ftir. Ta\u015f\u0131nabilir yap\u0131s\u0131 sayesinde kamp, karavan ve plaj kullan\u0131m\u0131 i\u00e7in uygundur.Pompa sistemi ile kovadan veya uygun kaptan suyu \u00e7ekerek du\u015f ba\u015fl\u0131\u011f\u0131na ula\u015ft\u0131r\u0131r. Kullan\u0131m\u0131 h\u0131zl\u0131 ve pratiktir.Bah\u00e7e sulama, ara\u00e7 temizli\u011fi ve evcil hayvan y\u0131kama gibi i\u015flerde de tercih edilebilir.Kompakt tasar\u0131m sayesinde bagajda az yer kaplar ve kolay ta\u015f\u0131n\u0131r.Dayan\u0131kl\u0131 g\u00f6vdesi ile d\u0131\u015f mekan kullan\u0131m\u0131na uygundur.Pratik ya\u015fam \u00fcr\u00fcnleri aras\u0131nda \u00f6ne \u00e7\u0131kan i\u015flevsel \u00e7\u00f6z\u00fcmd\u00fcr.<\/p>\n","protected":false},"excerpt":{"rendered":"<p>Kamp du\u015fu, du\u015f ihtiyac\u0131n\u0131 a\u00e7\u0131k alanlarda kolayca kar\u015f\u0131lamak isteyenler i\u00e7in geli\u015ftirilmi\u015ftir. Ta\u015f\u0131nabilir yap\u0131s\u0131 sayesinde kamp, karavan ve plaj kullan\u0131m\u0131 i\u00e7in uygundur.Pompa sistemi ile kovadan veya uygun kaptan suyu \u00e7ekerek du\u015f ba\u015fl\u0131\u011f\u0131na ula\u015ft\u0131r\u0131r. Kullan\u0131m\u0131 h\u0131zl\u0131 ve pratiktir.Bah\u00e7e sulama, ara\u00e7 temizli\u011fi ve evcil hayvan y\u0131kama gibi i\u015flerde de tercih edilebilir.Kompakt tasar\u0131m sayesinde bagajda az yer kaplar ve&#8230;<\/p>\n","protected":false},"featured_media":131170,"comment_status":"open","ping_status":"closed","template":"","meta":{"_kad_post_transparent":"","_kad_post_title":"","_kad_post_layout":"","_kad_post_sidebar_id":"","_kad_post_content_style":"","_kad_post_vertical_padding":"","_kad_post_feature":"","_kad_post_feature_position":"","_kad_post_header":false,"_kad_post_footer":false,"_kad_post_classname":""},"product_brand":[],"product_cat":[15076],"product_tag":[],"class_list":{"0":"post-131171","1":"product","2":"type-product","3":"status-publish","4":"has-post-thumbnail","6":"product_cat-kamp-seti-kamp-seti","8":"first","9":"instock","10":"purchasable","11":"product-type-simple","12":"entry","13":"content-bg","14":"loop-entry"},"_links":{"self":[{"href":"https:\/\/www.hediyepazar.com\/index.php?rest_route=\/wp\/v2\/product\/131171","targetHints":{"allow":["GET"]}}],"collection":[{"href":"https:\/\/www.hediyepazar.com\/index.php?rest_route=\/wp\/v2\/product"}],"about":[{"href":"https:\/\/www.hediyepazar.com\/index.php?rest_route=\/wp\/v2\/types\/product"}],"replies":[{"embeddable":true,"href":"https:\/\/www.hediyepazar.com\/index.php?rest_route=%2Fwp%2Fv2%2Fcomments&post=131171"}],"wp:featuredmedia":[{"embeddable":true,"href":"https:\/\/www.hediyepazar.com\/index.php?rest_route=\/wp\/v2\/media\/131170"}],"wp:attachment":[{"href":"https:\/\/www.hediyepazar.com\/index.php?rest_route=%2Fwp%2Fv2%2Fmedia&parent=131171"}],"wp:term":[{"taxonomy":"product_brand","embeddable":true,"href":"https:\/\/www.hediyepazar.com\/index.php?rest_route=%2Fwp%2Fv2%2Fproduct_brand&post=131171"},{"taxonomy":"product_cat","embeddable":true,"href":"https:\/\/www.hediyepazar.com\/index.php?rest_route=%2Fwp%2Fv2%2Fproduct_cat&post=131171"},{"taxonomy":"product_tag","embeddable":true,"href":"https:\/\/www.hediyepazar.com\/index.php?rest_route=%2Fwp%2Fv2%2Fproduct_tag&post=131171"}],"curies":[{"name":"wp","href":"https:\/\/api.w.org\/{rel}","templated":true}]}}